{"id":14333,"date":"2025-10-26T16:26:57","date_gmt":"2025-10-26T16:26:57","guid":{"rendered":"http:\/\/www.eeman-tuinmachines.be\/tondre-et-entretenir-la-terre-fr\/simplicite-fr\/tondeuses-a-rayon-de-braquage-zero-simplicity-fr\/"},"modified":"2026-04-08T20:36:08","modified_gmt":"2026-04-08T20:36:08","slug":"tondeuses-a-rayon-de-braquage-zero-simplicity-fr","status":"publish","type":"page","link":"https:\/\/www.eeman-tuinmachines.be\/fr\/tondre-et-entretenir-la-terre-fr\/simplicite-fr\/tondeuses-a-rayon-de-braquage-zero-simplicity-fr\/","title":{"rendered":"Tondeuses \u00e0 rayon de braquage z\u00e9ro Simplicity"},"content":{"rendered":"","protected":false},"excerpt":{"rendered":"","protected":false},"author":1,"featured_media":0,"parent":14327,"menu_order":0,"comment_status":"closed","ping_status":"closed","template":"page.php","meta":{"_acf_changed":false,"footnotes":""},"class_list":["post-14333","page","type-page","status-publish","hentry"],"acf":[],"yoast_head":"<!-- This site is optimized with the Yoast SEO plugin v27.5 - https:\/\/yoast.com\/product\/yoast-seo-wordpress\/ -->\n<title>Tondeuses \u00e0 rayon de braquage z\u00e9ro Simplicity<\/title>\n<meta name=\"description\" content=\"Tondeuses \u00e0 rayon de braquage z\u00e9ro Simplicity Rayon de braquage z\u00e9ro degr\u00e9 pour une tonte rapide et facile des petites comme des grandes pelouses....\" \/>\n<meta name=\"robots\" content=\"index, follow, max-snippet:-1, max-image-preview:large, max-video-preview:-1\" \/>\n<link rel=\"canonical\" href=\"https:\/\/www.eeman-tuinmachines.be\/fr\/tondre-et-entretenir-la-terre-fr\/simplicite-fr\/tondeuses-a-rayon-de-braquage-zero-simplicity-fr\/\" \/>\n<meta property=\"og:locale\" content=\"fr_FR\" \/>\n<meta property=\"og:type\" content=\"article\" \/>\n<meta property=\"og:title\" content=\"Tondeuses \u00e0 rayon de braquage z\u00e9ro Simplicity\" \/>\n<meta property=\"og:description\" content=\"Tondeuses \u00e0 rayon de braquage z\u00e9ro Simplicity Rayon de braquage z\u00e9ro degr\u00e9 pour une tonte rapide et facile des petites comme des grandes pelouses....\" \/>\n<meta property=\"og:url\" content=\"https:\/\/www.eeman-tuinmachines.be\/fr\/tondre-et-entretenir-la-terre-fr\/simplicite-fr\/tondeuses-a-rayon-de-braquage-zero-simplicity-fr\/\" \/>\n<meta property=\"og:site_name\" content=\"Eeman Tuinmachines\" \/>\n<meta property=\"article:modified_time\" content=\"2026-04-08T20:36:08+00:00\" \/>\n<meta name=\"twitter:card\" content=\"summary_large_image\" \/>\n<script type=\"application\/ld+json\" class=\"yoast-schema-graph\">{\"@context\":\"https:\\\/\\\/schema.org\",\"@graph\":[{\"@type\":\"WebPage\",\"@id\":\"https:\\\/\\\/www.eeman-tuinmachines.be\\\/fr\\\/tondre-et-entretenir-la-terre-fr\\\/simplicite-fr\\\/tondeuses-a-rayon-de-braquage-zero-simplicity-fr\\\/\",\"url\":\"https:\\\/\\\/www.eeman-tuinmachines.be\\\/fr\\\/tondre-et-entretenir-la-terre-fr\\\/simplicite-fr\\\/tondeuses-a-rayon-de-braquage-zero-simplicity-fr\\\/\",\"name\":\"Tondeuses \u00e0 rayon de braquage z\u00e9ro Simplicity\",\"isPartOf\":{\"@id\":\"https:\\\/\\\/www.eeman-tuinmachines.be\\\/fr\\\/#website\"},\"datePublished\":\"2025-10-26T16:26:57+00:00\",\"dateModified\":\"2026-04-08T20:36:08+00:00\",\"description\":\"Tondeuses \u00e0 rayon de braquage z\u00e9ro Simplicity Rayon de braquage z\u00e9ro degr\u00e9 pour une tonte rapide et facile des petites comme des grandes pelouses....\",\"breadcrumb\":{\"@id\":\"https:\\\/\\\/www.eeman-tuinmachines.be\\\/fr\\\/tondre-et-entretenir-la-terre-fr\\\/simplicite-fr\\\/tondeuses-a-rayon-de-braquage-zero-simplicity-fr\\\/#breadcrumb\"},\"inLanguage\":\"fr-FR\",\"potentialAction\":[{\"@type\":\"ReadAction\",\"target\":[\"https:\\\/\\\/www.eeman-tuinmachines.be\\\/fr\\\/tondre-et-entretenir-la-terre-fr\\\/simplicite-fr\\\/tondeuses-a-rayon-de-braquage-zero-simplicity-fr\\\/\"]}]},{\"@type\":\"BreadcrumbList\",\"@id\":\"https:\\\/\\\/www.eeman-tuinmachines.be\\\/fr\\\/tondre-et-entretenir-la-terre-fr\\\/simplicite-fr\\\/tondeuses-a-rayon-de-braquage-zero-simplicity-fr\\\/#breadcrumb\",\"itemListElement\":[{\"@type\":\"ListItem\",\"position\":1,\"name\":\"Home\",\"item\":\"https:\\\/\\\/www.eeman-tuinmachines.be\\\/fr\\\/\"},{\"@type\":\"ListItem\",\"position\":2,\"name\":\"Tonte et travail du sol\",\"item\":\"https:\\\/\\\/www.eeman-tuinmachines.be\\\/fr\\\/tondre-et-entretenir-la-terre-fr\\\/\"},{\"@type\":\"ListItem\",\"position\":3,\"name\":\"Simplicit\u00e9\",\"item\":\"https:\\\/\\\/www.eeman-tuinmachines.be\\\/fr\\\/tondre-et-entretenir-la-terre-fr\\\/simplicite-fr\\\/\"},{\"@type\":\"ListItem\",\"position\":4,\"name\":\"Tondeuses \u00e0 rayon de braquage z\u00e9ro Simplicity\"}]},{\"@type\":\"WebSite\",\"@id\":\"https:\\\/\\\/www.eeman-tuinmachines.be\\\/fr\\\/#website\",\"url\":\"https:\\\/\\\/www.eeman-tuinmachines.be\\\/fr\\\/\",\"name\":\"Eeman Tuinmachines\",\"description\":\"\",\"potentialAction\":[{\"@type\":\"SearchAction\",\"target\":{\"@type\":\"EntryPoint\",\"urlTemplate\":\"https:\\\/\\\/www.eeman-tuinmachines.be\\\/fr\\\/?s={search_term_string}\"},\"query-input\":{\"@type\":\"PropertyValueSpecification\",\"valueRequired\":true,\"valueName\":\"search_term_string\"}}],\"inLanguage\":\"fr-FR\"}]}<\/script>\n<!-- \/ Yoast SEO plugin. -->","yoast_head_json":{"title":"Tondeuses \u00e0 rayon de braquage z\u00e9ro Simplicity","description":"Tondeuses \u00e0 rayon de braquage z\u00e9ro Simplicity Rayon de braquage z\u00e9ro degr\u00e9 pour une tonte rapide et facile des petites comme des grandes pelouses....","robots":{"index":"index","follow":"follow","max-snippet":"max-snippet:-1","max-image-preview":"max-image-preview:large","max-video-preview":"max-video-preview:-1"},"canonical":"https:\/\/www.eeman-tuinmachines.be\/fr\/tondre-et-entretenir-la-terre-fr\/simplicite-fr\/tondeuses-a-rayon-de-braquage-zero-simplicity-fr\/","og_locale":"fr_FR","og_type":"article","og_title":"Tondeuses \u00e0 rayon de braquage z\u00e9ro Simplicity","og_description":"Tondeuses \u00e0 rayon de braquage z\u00e9ro Simplicity Rayon de braquage z\u00e9ro degr\u00e9 pour une tonte rapide et facile des petites comme des grandes pelouses....","og_url":"https:\/\/www.eeman-tuinmachines.be\/fr\/tondre-et-entretenir-la-terre-fr\/simplicite-fr\/tondeuses-a-rayon-de-braquage-zero-simplicity-fr\/","og_site_name":"Eeman Tuinmachines","article_modified_time":"2026-04-08T20:36:08+00:00","twitter_card":"summary_large_image","schema":{"@context":"https:\/\/schema.org","@graph":[{"@type":"WebPage","@id":"https:\/\/www.eeman-tuinmachines.be\/fr\/tondre-et-entretenir-la-terre-fr\/simplicite-fr\/tondeuses-a-rayon-de-braquage-zero-simplicity-fr\/","url":"https:\/\/www.eeman-tuinmachines.be\/fr\/tondre-et-entretenir-la-terre-fr\/simplicite-fr\/tondeuses-a-rayon-de-braquage-zero-simplicity-fr\/","name":"Tondeuses \u00e0 rayon de braquage z\u00e9ro Simplicity","isPartOf":{"@id":"https:\/\/www.eeman-tuinmachines.be\/fr\/#website"},"datePublished":"2025-10-26T16:26:57+00:00","dateModified":"2026-04-08T20:36:08+00:00","description":"Tondeuses \u00e0 rayon de braquage z\u00e9ro Simplicity Rayon de braquage z\u00e9ro degr\u00e9 pour une tonte rapide et facile des petites comme des grandes pelouses....","breadcrumb":{"@id":"https:\/\/www.eeman-tuinmachines.be\/fr\/tondre-et-entretenir-la-terre-fr\/simplicite-fr\/tondeuses-a-rayon-de-braquage-zero-simplicity-fr\/#breadcrumb"},"inLanguage":"fr-FR","potentialAction":[{"@type":"ReadAction","target":["https:\/\/www.eeman-tuinmachines.be\/fr\/tondre-et-entretenir-la-terre-fr\/simplicite-fr\/tondeuses-a-rayon-de-braquage-zero-simplicity-fr\/"]}]},{"@type":"BreadcrumbList","@id":"https:\/\/www.eeman-tuinmachines.be\/fr\/tondre-et-entretenir-la-terre-fr\/simplicite-fr\/tondeuses-a-rayon-de-braquage-zero-simplicity-fr\/#breadcrumb","itemListElement":[{"@type":"ListItem","position":1,"name":"Home","item":"https:\/\/www.eeman-tuinmachines.be\/fr\/"},{"@type":"ListItem","position":2,"name":"Tonte et travail du sol","item":"https:\/\/www.eeman-tuinmachines.be\/fr\/tondre-et-entretenir-la-terre-fr\/"},{"@type":"ListItem","position":3,"name":"Simplicit\u00e9","item":"https:\/\/www.eeman-tuinmachines.be\/fr\/tondre-et-entretenir-la-terre-fr\/simplicite-fr\/"},{"@type":"ListItem","position":4,"name":"Tondeuses \u00e0 rayon de braquage z\u00e9ro Simplicity"}]},{"@type":"WebSite","@id":"https:\/\/www.eeman-tuinmachines.be\/fr\/#website","url":"https:\/\/www.eeman-tuinmachines.be\/fr\/","name":"Eeman Tuinmachines","description":"","potentialAction":[{"@type":"SearchAction","target":{"@type":"EntryPoint","urlTemplate":"https:\/\/www.eeman-tuinmachines.be\/fr\/?s={search_term_string}"},"query-input":{"@type":"PropertyValueSpecification","valueRequired":true,"valueName":"search_term_string"}}],"inLanguage":"fr-FR"}]}},"_links":{"self":[{"href":"https:\/\/www.eeman-tuinmachines.be\/fr\/wp-json\/wp\/v2\/pages\/14333","targetHints":{"allow":["GET"]}}],"collection":[{"href":"https:\/\/www.eeman-tuinmachines.be\/fr\/wp-json\/wp\/v2\/pages"}],"about":[{"href":"https:\/\/www.eeman-tuinmachines.be\/fr\/wp-json\/wp\/v2\/types\/page"}],"author":[{"embeddable":true,"href":"https:\/\/www.eeman-tuinmachines.be\/fr\/wp-json\/wp\/v2\/users\/1"}],"replies":[{"embeddable":true,"href":"https:\/\/www.eeman-tuinmachines.be\/fr\/wp-json\/wp\/v2\/comments?post=14333"}],"version-history":[{"count":1,"href":"https:\/\/www.eeman-tuinmachines.be\/fr\/wp-json\/wp\/v2\/pages\/14333\/revisions"}],"predecessor-version":[{"id":16120,"href":"https:\/\/www.eeman-tuinmachines.be\/fr\/wp-json\/wp\/v2\/pages\/14333\/revisions\/16120"}],"up":[{"embeddable":true,"href":"https:\/\/www.eeman-tuinmachines.be\/fr\/wp-json\/wp\/v2\/pages\/14327"}],"wp:attachment":[{"href":"https:\/\/www.eeman-tuinmachines.be\/fr\/wp-json\/wp\/v2\/media?parent=14333"}],"curies":[{"name":"wp","href":"https:\/\/api.w.org\/{rel}","templated":true}]}}