{"id":21910,"date":"2025-10-26T18:54:55","date_gmt":"2025-10-26T18:54:55","guid":{"rendered":"http:\/\/www.eeman-tuinmachines.be\/tondre-et-entretenir-la-terre-fr\/tondeuses-a-gazon-stiga-fr-2\/"},"modified":"2026-04-02T16:05:07","modified_gmt":"2026-04-02T16:05:07","slug":"tondeuses-a-gazon-stiga-fr-2","status":"publish","type":"page","link":"https:\/\/www.eeman-tuinmachines.be\/fr\/tondre-et-entretenir-la-terre-fr\/tondeuses-a-gazon-stiga-fr-2\/","title":{"rendered":"Tondeuses \u00e0 gazon Stiga"},"content":{"rendered":"","protected":false},"excerpt":{"rendered":"","protected":false},"author":1,"featured_media":0,"parent":251,"menu_order":0,"comment_status":"closed","ping_status":"closed","template":"page.php","meta":{"_acf_changed":false,"footnotes":""},"class_list":["post-21910","page","type-page","status-publish","hentry"],"acf":[],"yoast_head":"<!-- This site is optimized with the Yoast SEO plugin v27.3 - https:\/\/yoast.com\/product\/yoast-seo-wordpress\/ -->\n<title>Stiga Tuinmachines Stiga Tondeuses \u00e0 gazon Stiga<\/title>\n<meta name=\"description\" content=\"Tondeuses \u00e0 gazon Stiga Pour les jardiniers traditionnels, les tondeuses STIGA, fiables et robustes, sont l&#039;alli\u00e9e id\u00e9ale. Choisissez parmi une lar...\" \/>\n<meta name=\"robots\" content=\"index, follow, max-snippet:-1, max-image-preview:large, max-video-preview:-1\" \/>\n<link rel=\"canonical\" href=\"https:\/\/www.eeman-tuinmachines.be\/fr\/tondre-et-entretenir-la-terre-fr\/tondeuses-a-gazon-stiga-fr-2\/\" \/>\n<meta property=\"og:locale\" content=\"fr_FR\" \/>\n<meta property=\"og:type\" content=\"article\" \/>\n<meta property=\"og:title\" content=\"Stiga Tuinmachines Stiga Tondeuses \u00e0 gazon Stiga\" \/>\n<meta property=\"og:description\" content=\"Tondeuses \u00e0 gazon Stiga Pour les jardiniers traditionnels, les tondeuses STIGA, fiables et robustes, sont l&#039;alli\u00e9e id\u00e9ale. Choisissez parmi une lar...\" \/>\n<meta property=\"og:url\" content=\"https:\/\/www.eeman-tuinmachines.be\/fr\/tondre-et-entretenir-la-terre-fr\/tondeuses-a-gazon-stiga-fr-2\/\" \/>\n<meta property=\"og:site_name\" content=\"Eeman Tuinmachines\" \/>\n<meta property=\"article:modified_time\" content=\"2026-04-02T16:05:07+00:00\" \/>\n<meta name=\"twitter:card\" content=\"summary_large_image\" \/>\n<script type=\"application\/ld+json\" class=\"yoast-schema-graph\">{\"@context\":\"https:\\\/\\\/schema.org\",\"@graph\":[{\"@type\":\"WebPage\",\"@id\":\"https:\\\/\\\/www.eeman-tuinmachines.be\\\/fr\\\/tondre-et-entretenir-la-terre-fr\\\/tondeuses-a-gazon-stiga-fr-2\\\/\",\"url\":\"https:\\\/\\\/www.eeman-tuinmachines.be\\\/fr\\\/tondre-et-entretenir-la-terre-fr\\\/tondeuses-a-gazon-stiga-fr-2\\\/\",\"name\":\"Stiga Tuinmachines Stiga Tondeuses \u00e0 gazon Stiga\",\"isPartOf\":{\"@id\":\"https:\\\/\\\/www.eeman-tuinmachines.be\\\/fr\\\/#website\"},\"datePublished\":\"2025-10-26T18:54:55+00:00\",\"dateModified\":\"2026-04-02T16:05:07+00:00\",\"description\":\"Tondeuses \u00e0 gazon Stiga Pour les jardiniers traditionnels, les tondeuses STIGA, fiables et robustes, sont l'alli\u00e9e id\u00e9ale. Choisissez parmi une lar...\",\"breadcrumb\":{\"@id\":\"https:\\\/\\\/www.eeman-tuinmachines.be\\\/fr\\\/tondre-et-entretenir-la-terre-fr\\\/tondeuses-a-gazon-stiga-fr-2\\\/#breadcrumb\"},\"inLanguage\":\"fr-FR\",\"potentialAction\":[{\"@type\":\"ReadAction\",\"target\":[\"https:\\\/\\\/www.eeman-tuinmachines.be\\\/fr\\\/tondre-et-entretenir-la-terre-fr\\\/tondeuses-a-gazon-stiga-fr-2\\\/\"]}]},{\"@type\":\"BreadcrumbList\",\"@id\":\"https:\\\/\\\/www.eeman-tuinmachines.be\\\/fr\\\/tondre-et-entretenir-la-terre-fr\\\/tondeuses-a-gazon-stiga-fr-2\\\/#breadcrumb\",\"itemListElement\":[{\"@type\":\"ListItem\",\"position\":1,\"name\":\"Home\",\"item\":\"https:\\\/\\\/www.eeman-tuinmachines.be\\\/fr\\\/\"},{\"@type\":\"ListItem\",\"position\":2,\"name\":\"Tonte et travail du sol\",\"item\":\"https:\\\/\\\/www.eeman-tuinmachines.be\\\/fr\\\/tondre-et-entretenir-la-terre-fr\\\/\"},{\"@type\":\"ListItem\",\"position\":3,\"name\":\"Tondeuses \u00e0 gazon Stiga\"}]},{\"@type\":\"WebSite\",\"@id\":\"https:\\\/\\\/www.eeman-tuinmachines.be\\\/fr\\\/#website\",\"url\":\"https:\\\/\\\/www.eeman-tuinmachines.be\\\/fr\\\/\",\"name\":\"Eeman Tuinmachines\",\"description\":\"\",\"potentialAction\":[{\"@type\":\"SearchAction\",\"target\":{\"@type\":\"EntryPoint\",\"urlTemplate\":\"https:\\\/\\\/www.eeman-tuinmachines.be\\\/fr\\\/?s={search_term_string}\"},\"query-input\":{\"@type\":\"PropertyValueSpecification\",\"valueRequired\":true,\"valueName\":\"search_term_string\"}}],\"inLanguage\":\"fr-FR\"}]}<\/script>\n<!-- \/ Yoast SEO plugin. -->","yoast_head_json":{"title":"Stiga Tuinmachines Stiga Tondeuses \u00e0 gazon Stiga","description":"Tondeuses \u00e0 gazon Stiga Pour les jardiniers traditionnels, les tondeuses STIGA, fiables et robustes, sont l'alli\u00e9e id\u00e9ale. Choisissez parmi une lar...","robots":{"index":"index","follow":"follow","max-snippet":"max-snippet:-1","max-image-preview":"max-image-preview:large","max-video-preview":"max-video-preview:-1"},"canonical":"https:\/\/www.eeman-tuinmachines.be\/fr\/tondre-et-entretenir-la-terre-fr\/tondeuses-a-gazon-stiga-fr-2\/","og_locale":"fr_FR","og_type":"article","og_title":"Stiga Tuinmachines Stiga Tondeuses \u00e0 gazon Stiga","og_description":"Tondeuses \u00e0 gazon Stiga Pour les jardiniers traditionnels, les tondeuses STIGA, fiables et robustes, sont l'alli\u00e9e id\u00e9ale. Choisissez parmi une lar...","og_url":"https:\/\/www.eeman-tuinmachines.be\/fr\/tondre-et-entretenir-la-terre-fr\/tondeuses-a-gazon-stiga-fr-2\/","og_site_name":"Eeman Tuinmachines","article_modified_time":"2026-04-02T16:05:07+00:00","twitter_card":"summary_large_image","schema":{"@context":"https:\/\/schema.org","@graph":[{"@type":"WebPage","@id":"https:\/\/www.eeman-tuinmachines.be\/fr\/tondre-et-entretenir-la-terre-fr\/tondeuses-a-gazon-stiga-fr-2\/","url":"https:\/\/www.eeman-tuinmachines.be\/fr\/tondre-et-entretenir-la-terre-fr\/tondeuses-a-gazon-stiga-fr-2\/","name":"Stiga Tuinmachines Stiga Tondeuses \u00e0 gazon Stiga","isPartOf":{"@id":"https:\/\/www.eeman-tuinmachines.be\/fr\/#website"},"datePublished":"2025-10-26T18:54:55+00:00","dateModified":"2026-04-02T16:05:07+00:00","description":"Tondeuses \u00e0 gazon Stiga Pour les jardiniers traditionnels, les tondeuses STIGA, fiables et robustes, sont l'alli\u00e9e id\u00e9ale. Choisissez parmi une lar...","breadcrumb":{"@id":"https:\/\/www.eeman-tuinmachines.be\/fr\/tondre-et-entretenir-la-terre-fr\/tondeuses-a-gazon-stiga-fr-2\/#breadcrumb"},"inLanguage":"fr-FR","potentialAction":[{"@type":"ReadAction","target":["https:\/\/www.eeman-tuinmachines.be\/fr\/tondre-et-entretenir-la-terre-fr\/tondeuses-a-gazon-stiga-fr-2\/"]}]},{"@type":"BreadcrumbList","@id":"https:\/\/www.eeman-tuinmachines.be\/fr\/tondre-et-entretenir-la-terre-fr\/tondeuses-a-gazon-stiga-fr-2\/#breadcrumb","itemListElement":[{"@type":"ListItem","position":1,"name":"Home","item":"https:\/\/www.eeman-tuinmachines.be\/fr\/"},{"@type":"ListItem","position":2,"name":"Tonte et travail du sol","item":"https:\/\/www.eeman-tuinmachines.be\/fr\/tondre-et-entretenir-la-terre-fr\/"},{"@type":"ListItem","position":3,"name":"Tondeuses \u00e0 gazon Stiga"}]},{"@type":"WebSite","@id":"https:\/\/www.eeman-tuinmachines.be\/fr\/#website","url":"https:\/\/www.eeman-tuinmachines.be\/fr\/","name":"Eeman Tuinmachines","description":"","potentialAction":[{"@type":"SearchAction","target":{"@type":"EntryPoint","urlTemplate":"https:\/\/www.eeman-tuinmachines.be\/fr\/?s={search_term_string}"},"query-input":{"@type":"PropertyValueSpecification","valueRequired":true,"valueName":"search_term_string"}}],"inLanguage":"fr-FR"}]}},"_links":{"self":[{"href":"https:\/\/www.eeman-tuinmachines.be\/fr\/wp-json\/wp\/v2\/pages\/21910","targetHints":{"allow":["GET"]}}],"collection":[{"href":"https:\/\/www.eeman-tuinmachines.be\/fr\/wp-json\/wp\/v2\/pages"}],"about":[{"href":"https:\/\/www.eeman-tuinmachines.be\/fr\/wp-json\/wp\/v2\/types\/page"}],"author":[{"embeddable":true,"href":"https:\/\/www.eeman-tuinmachines.be\/fr\/wp-json\/wp\/v2\/users\/1"}],"replies":[{"embeddable":true,"href":"https:\/\/www.eeman-tuinmachines.be\/fr\/wp-json\/wp\/v2\/comments?post=21910"}],"version-history":[{"count":1,"href":"https:\/\/www.eeman-tuinmachines.be\/fr\/wp-json\/wp\/v2\/pages\/21910\/revisions"}],"predecessor-version":[{"id":22958,"href":"https:\/\/www.eeman-tuinmachines.be\/fr\/wp-json\/wp\/v2\/pages\/21910\/revisions\/22958"}],"up":[{"embeddable":true,"href":"https:\/\/www.eeman-tuinmachines.be\/fr\/wp-json\/wp\/v2\/pages\/251"}],"wp:attachment":[{"href":"https:\/\/www.eeman-tuinmachines.be\/fr\/wp-json\/wp\/v2\/media?parent=21910"}],"curies":[{"name":"wp","href":"https:\/\/api.w.org\/{rel}","templated":true}]}}