{"id":249,"date":"2025-10-20T15:10:50","date_gmt":"2025-10-20T15:10:50","guid":{"rendered":"http:\/\/www.eeman-tuinmachines.be\/scier-et-couper-fr\/tronconneuses-fr\/"},"modified":"2026-04-02T15:58:10","modified_gmt":"2026-04-02T15:58:10","slug":"tronconneuses-fr","status":"publish","type":"page","link":"https:\/\/www.eeman-tuinmachines.be\/fr\/scier-et-couper-fr\/tronconneuses-fr\/","title":{"rendered":"Tron\u00e7onneuses"},"content":{"rendered":"","protected":false},"excerpt":{"rendered":"","protected":false},"author":1,"featured_media":0,"parent":248,"menu_order":0,"comment_status":"closed","ping_status":"closed","template":"page.php","meta":{"_acf_changed":false,"footnotes":""},"class_list":["post-249","page","type-page","status-publish","hentry"],"acf":[],"yoast_head":"<!-- This site is optimized with the Yoast SEO plugin v27.3 - https:\/\/yoast.com\/product\/yoast-seo-wordpress\/ -->\n<title>STIHL Appareils et outils Tron\u00e7onneuses<\/title>\n<meta name=\"description\" content=\"Lors de l&#039;achat d&#039;une tron\u00e7onneuse, il est essentiel de faire le bon choix en fonction de vos besoins et de vos t\u00e2ches. Il existe trois types d entr...\" \/>\n<meta name=\"robots\" content=\"index, follow, max-snippet:-1, max-image-preview:large, max-video-preview:-1\" \/>\n<link rel=\"canonical\" href=\"https:\/\/www.eeman-tuinmachines.be\/fr\/scier-et-couper-fr\/tronconneuses-fr\/\" \/>\n<meta property=\"og:locale\" content=\"fr_FR\" \/>\n<meta property=\"og:type\" content=\"article\" \/>\n<meta property=\"og:title\" content=\"STIHL Appareils et outils Tron\u00e7onneuses\" \/>\n<meta property=\"og:description\" content=\"Lors de l&#039;achat d&#039;une tron\u00e7onneuse, il est essentiel de faire le bon choix en fonction de vos besoins et de vos t\u00e2ches. Il existe trois types d entr...\" \/>\n<meta property=\"og:url\" content=\"https:\/\/www.eeman-tuinmachines.be\/fr\/scier-et-couper-fr\/tronconneuses-fr\/\" \/>\n<meta property=\"og:site_name\" content=\"Eeman Tuinmachines\" \/>\n<meta property=\"article:modified_time\" content=\"2026-04-02T15:58:10+00:00\" \/>\n<meta name=\"twitter:card\" content=\"summary_large_image\" \/>\n<script type=\"application\/ld+json\" class=\"yoast-schema-graph\">{\"@context\":\"https:\\\/\\\/schema.org\",\"@graph\":[{\"@type\":\"WebPage\",\"@id\":\"https:\\\/\\\/www.eeman-tuinmachines.be\\\/fr\\\/scier-et-couper-fr\\\/tronconneuses-fr\\\/\",\"url\":\"https:\\\/\\\/www.eeman-tuinmachines.be\\\/fr\\\/scier-et-couper-fr\\\/tronconneuses-fr\\\/\",\"name\":\"STIHL Appareils et outils Tron\u00e7onneuses\",\"isPartOf\":{\"@id\":\"https:\\\/\\\/www.eeman-tuinmachines.be\\\/fr\\\/#website\"},\"datePublished\":\"2025-10-20T15:10:50+00:00\",\"dateModified\":\"2026-04-02T15:58:10+00:00\",\"description\":\"Lors de l'achat d'une tron\u00e7onneuse, il est essentiel de faire le bon choix en fonction de vos besoins et de vos t\u00e2ches. Il existe trois types d entr...\",\"breadcrumb\":{\"@id\":\"https:\\\/\\\/www.eeman-tuinmachines.be\\\/fr\\\/scier-et-couper-fr\\\/tronconneuses-fr\\\/#breadcrumb\"},\"inLanguage\":\"fr-FR\",\"potentialAction\":[{\"@type\":\"ReadAction\",\"target\":[\"https:\\\/\\\/www.eeman-tuinmachines.be\\\/fr\\\/scier-et-couper-fr\\\/tronconneuses-fr\\\/\"]}]},{\"@type\":\"BreadcrumbList\",\"@id\":\"https:\\\/\\\/www.eeman-tuinmachines.be\\\/fr\\\/scier-et-couper-fr\\\/tronconneuses-fr\\\/#breadcrumb\",\"itemListElement\":[{\"@type\":\"ListItem\",\"position\":1,\"name\":\"Home\",\"item\":\"https:\\\/\\\/www.eeman-tuinmachines.be\\\/fr\\\/\"},{\"@type\":\"ListItem\",\"position\":2,\"name\":\"Sciage et taille\",\"item\":\"https:\\\/\\\/www.eeman-tuinmachines.be\\\/fr\\\/scier-et-couper-fr\\\/\"},{\"@type\":\"ListItem\",\"position\":3,\"name\":\"Tron\u00e7onneuses\"}]},{\"@type\":\"WebSite\",\"@id\":\"https:\\\/\\\/www.eeman-tuinmachines.be\\\/fr\\\/#website\",\"url\":\"https:\\\/\\\/www.eeman-tuinmachines.be\\\/fr\\\/\",\"name\":\"Eeman Tuinmachines\",\"description\":\"\",\"potentialAction\":[{\"@type\":\"SearchAction\",\"target\":{\"@type\":\"EntryPoint\",\"urlTemplate\":\"https:\\\/\\\/www.eeman-tuinmachines.be\\\/fr\\\/?s={search_term_string}\"},\"query-input\":{\"@type\":\"PropertyValueSpecification\",\"valueRequired\":true,\"valueName\":\"search_term_string\"}}],\"inLanguage\":\"fr-FR\"}]}<\/script>\n<!-- \/ Yoast SEO plugin. -->","yoast_head_json":{"title":"STIHL Appareils et outils Tron\u00e7onneuses","description":"Lors de l'achat d'une tron\u00e7onneuse, il est essentiel de faire le bon choix en fonction de vos besoins et de vos t\u00e2ches. Il existe trois types d entr...","robots":{"index":"index","follow":"follow","max-snippet":"max-snippet:-1","max-image-preview":"max-image-preview:large","max-video-preview":"max-video-preview:-1"},"canonical":"https:\/\/www.eeman-tuinmachines.be\/fr\/scier-et-couper-fr\/tronconneuses-fr\/","og_locale":"fr_FR","og_type":"article","og_title":"STIHL Appareils et outils Tron\u00e7onneuses","og_description":"Lors de l'achat d'une tron\u00e7onneuse, il est essentiel de faire le bon choix en fonction de vos besoins et de vos t\u00e2ches. Il existe trois types d entr...","og_url":"https:\/\/www.eeman-tuinmachines.be\/fr\/scier-et-couper-fr\/tronconneuses-fr\/","og_site_name":"Eeman Tuinmachines","article_modified_time":"2026-04-02T15:58:10+00:00","twitter_card":"summary_large_image","schema":{"@context":"https:\/\/schema.org","@graph":[{"@type":"WebPage","@id":"https:\/\/www.eeman-tuinmachines.be\/fr\/scier-et-couper-fr\/tronconneuses-fr\/","url":"https:\/\/www.eeman-tuinmachines.be\/fr\/scier-et-couper-fr\/tronconneuses-fr\/","name":"STIHL Appareils et outils Tron\u00e7onneuses","isPartOf":{"@id":"https:\/\/www.eeman-tuinmachines.be\/fr\/#website"},"datePublished":"2025-10-20T15:10:50+00:00","dateModified":"2026-04-02T15:58:10+00:00","description":"Lors de l'achat d'une tron\u00e7onneuse, il est essentiel de faire le bon choix en fonction de vos besoins et de vos t\u00e2ches. Il existe trois types d entr...","breadcrumb":{"@id":"https:\/\/www.eeman-tuinmachines.be\/fr\/scier-et-couper-fr\/tronconneuses-fr\/#breadcrumb"},"inLanguage":"fr-FR","potentialAction":[{"@type":"ReadAction","target":["https:\/\/www.eeman-tuinmachines.be\/fr\/scier-et-couper-fr\/tronconneuses-fr\/"]}]},{"@type":"BreadcrumbList","@id":"https:\/\/www.eeman-tuinmachines.be\/fr\/scier-et-couper-fr\/tronconneuses-fr\/#breadcrumb","itemListElement":[{"@type":"ListItem","position":1,"name":"Home","item":"https:\/\/www.eeman-tuinmachines.be\/fr\/"},{"@type":"ListItem","position":2,"name":"Sciage et taille","item":"https:\/\/www.eeman-tuinmachines.be\/fr\/scier-et-couper-fr\/"},{"@type":"ListItem","position":3,"name":"Tron\u00e7onneuses"}]},{"@type":"WebSite","@id":"https:\/\/www.eeman-tuinmachines.be\/fr\/#website","url":"https:\/\/www.eeman-tuinmachines.be\/fr\/","name":"Eeman Tuinmachines","description":"","potentialAction":[{"@type":"SearchAction","target":{"@type":"EntryPoint","urlTemplate":"https:\/\/www.eeman-tuinmachines.be\/fr\/?s={search_term_string}"},"query-input":{"@type":"PropertyValueSpecification","valueRequired":true,"valueName":"search_term_string"}}],"inLanguage":"fr-FR"}]}},"_links":{"self":[{"href":"https:\/\/www.eeman-tuinmachines.be\/fr\/wp-json\/wp\/v2\/pages\/249","targetHints":{"allow":["GET"]}}],"collection":[{"href":"https:\/\/www.eeman-tuinmachines.be\/fr\/wp-json\/wp\/v2\/pages"}],"about":[{"href":"https:\/\/www.eeman-tuinmachines.be\/fr\/wp-json\/wp\/v2\/types\/page"}],"author":[{"embeddable":true,"href":"https:\/\/www.eeman-tuinmachines.be\/fr\/wp-json\/wp\/v2\/users\/1"}],"replies":[{"embeddable":true,"href":"https:\/\/www.eeman-tuinmachines.be\/fr\/wp-json\/wp\/v2\/comments?post=249"}],"version-history":[{"count":1,"href":"https:\/\/www.eeman-tuinmachines.be\/fr\/wp-json\/wp\/v2\/pages\/249\/revisions"}],"predecessor-version":[{"id":13383,"href":"https:\/\/www.eeman-tuinmachines.be\/fr\/wp-json\/wp\/v2\/pages\/249\/revisions\/13383"}],"up":[{"embeddable":true,"href":"https:\/\/www.eeman-tuinmachines.be\/fr\/wp-json\/wp\/v2\/pages\/248"}],"wp:attachment":[{"href":"https:\/\/www.eeman-tuinmachines.be\/fr\/wp-json\/wp\/v2\/media?parent=249"}],"curies":[{"name":"wp","href":"https:\/\/api.w.org\/{rel}","templated":true}]}}