{"id":11322,"date":"2025-04-18T06:18:43","date_gmt":"2025-04-18T06:18:43","guid":{"rendered":"http:\/\/www.eeman-tuinmachines.be\/product\/stihl-veste-de-pluie-raintec-taille-m-fr\/"},"modified":"2026-04-02T20:50:50","modified_gmt":"2026-04-02T20:50:50","slug":"stihl-veste-de-pluie-raintec-taille-m-fr","status":"publish","type":"product","link":"https:\/\/www.eeman-tuinmachines.be\/fr\/produit\/stihl-veste-de-pluie-raintec-taille-m-fr\/","title":{"rendered":"Veste de pluie, Raintec, taille M"},"content":{"rendered":"","protected":false},"excerpt":{"rendered":"","protected":false},"featured_media":26051,"template":"","meta":{"_acf_changed":false},"product_brand":[],"product_cat":[349,319,291,384,353,357,311,374,345,399,302,277,394,334,380,258,389,321,283,381,307,363,350,396,269,336,315,377,298,354,402,278,346,249,284],"product_tag":[387,405,386],"class_list":{"0":"post-11322","1":"product","2":"type-product","3":"status-publish","4":"has-post-thumbnail","6":"product_cat-accessoires-pour-broyeurs-fr","7":"product_cat-accessoires-pour-combisysteme-multisysteme-fr","8":"product_cat-accessoires-pour-coupe-bordures-coupes-herbes-debroussailleuses-fr","9":"product_cat-accessoires-pour-decoupeuses-a-disque-fr","10":"product_cat-accessoires-pour-motoculteurs-motobineuses-fr","11":"product_cat-accessoires-pour-nettoyeurs-haute-pression-fr","12":"product_cat-accessoires-pour-perches-elagueuses-perches-delagage-fr","13":"product_cat-accessoires-pour-pulverisateurs-atomiseurs-fr","14":"product_cat-accessoires-pour-scarificateurs-fr","15":"product_cat-accessoires-pour-scies-de-jardin-secateurs-coupe-branches-scies-a-branches-fr","16":"product_cat-accessoires-pour-souffleurs-aspirateurs-de-feuilles-fr","17":"product_cat-accessoires-pour-taille-haies-taille-haies-sur-perche-fr","18":"product_cat-accessoires-pour-tarieres-fr","19":"product_cat-accessoires-pour-tondeuses-a-gazon-tondeuses-mulching-fr","20":"product_cat-accessoires-pour-tronconneuse-a-pierre-tronconneuse-a-beton-fr","21":"product_cat-accessoires-pour-tronconneuses-fr","22":"product_cat-equipements-de-protection-individuelle-fr-accessoires-pour-decoupeuses-a-disque-fr","23":"product_cat-equipements-de-protection-individuelle-fr-accessoires-pour-combisysteme-multisysteme-fr","24":"product_cat-equipements-de-protection-individuelle-fr-stihl-accessoires-fr","25":"product_cat-equipements-de-protection-individuelle-fr-accessoires-pour-tronconneuse-a-pierre-tronconneuse-a-beton-fr","26":"product_cat-equipements-de-protection-individuelle-fr-accessoires-pour-souffleurs-aspirateurs-de-feuilles-fr","27":"product_cat-equipements-de-protection-individuelle-fr-accessoires-pour-nettoyeurs-haute-pression-fr","28":"product_cat-equipements-de-protection-individuelle-fr-accessoires-pour-broyeurs-fr","29":"product_cat-equipements-de-protection-individuelle-fr-accessoires-pour-tarieres-fr","30":"product_cat-equipements-de-protection-individuelle-fr","31":"product_cat-equipements-de-protection-individuelle-fr-accessoires-pour-tondeuses-a-gazon-tondeuses-mulching-fr","32":"product_cat-equipements-de-protection-individuelle-fr-accessoires-pour-perches-elagueuses-perches-delagage-fr","33":"product_cat-equipements-de-protection-individuelle-fr-accessoires-pour-pulverisateurs-atomiseurs-fr","34":"product_cat-equipements-de-protection-individuelle-fr-accessoires-pour-coupe-bordures-coupes-herbes-debroussailleuses-fr","35":"product_cat-equipements-de-protection-individuelle-fr-accessoires-pour-motoculteurs-motobineuses-fr","36":"product_cat-equipements-de-protection-individuelle-fr-accessoires-pour-scies-de-jardin-secateurs-coupe-branches-scies-a-branches-fr","37":"product_cat-equipements-de-protection-individuelle-fr-accessoires-pour-taille-haies-taille-haies-sur-perche-fr","38":"product_cat-equipements-de-protection-individuelle-fr-accessoires-pour-scarificateurs-fr","39":"product_cat-stihl-accessoires-fr","40":"product_cat-t-shirts-et-vestes-de-protection-fr","41":"product_tag-stihl","42":"product_tag-syndifie","43":"product_tag-syndified","45":"first","46":"instock","47":"shipping-taxable","48":"purchasable","49":"product-type-simple"},"acf":[],"yoast_head":"<!-- This site is optimized with the Yoast SEO plugin v27.3 - https:\/\/yoast.com\/product\/yoast-seo-wordpress\/ -->\n<title>STIHL Veste de pluie RAINTEC<\/title>\n<meta name=\"description\" content=\"STIHL Veste de pluie, Raintec, taille M Veste de pluie STIHL RAINTEC imperm\u00e9able coutures soud\u00e9es thermoactive haute visibilit\u00e9 En savoir plus by E...\" \/>\n<meta name=\"robots\" content=\"index, follow, max-snippet:-1, max-image-preview:large, max-video-preview:-1\" \/>\n<link rel=\"canonical\" href=\"https:\/\/www.eeman-tuinmachines.be\/fr\/produit\/stihl-veste-de-pluie-raintec-taille-m-fr\/\" \/>\n<meta property=\"og:locale\" content=\"fr_FR\" \/>\n<meta property=\"og:type\" content=\"article\" \/>\n<meta property=\"og:title\" content=\"STIHL Veste de pluie RAINTEC\" \/>\n<meta property=\"og:description\" content=\"STIHL Veste de pluie, Raintec, taille M Veste de pluie STIHL RAINTEC imperm\u00e9able coutures soud\u00e9es thermoactive haute visibilit\u00e9 En savoir plus by E...\" \/>\n<meta property=\"og:url\" content=\"https:\/\/www.eeman-tuinmachines.be\/fr\/produit\/stihl-veste-de-pluie-raintec-taille-m-fr\/\" \/>\n<meta property=\"og:site_name\" content=\"Eeman Tuinmachines\" \/>\n<meta property=\"article:modified_time\" content=\"2026-04-02T20:50:50+00:00\" \/>\n<meta property=\"og:image\" content=\"https:\/\/www.eeman-tuinmachines.be\/wp-content\/uploads\/2026\/02\/19845_PE-WETTERSCHUTZJACKE_RAINTEC-SP-001-2.webp\" \/>\n\t<meta property=\"og:image:width\" content=\"960\" \/>\n\t<meta property=\"og:image:height\" content=\"1438\" \/>\n\t<meta property=\"og:image:type\" content=\"image\/webp\" \/>\n<meta name=\"twitter:card\" content=\"summary_large_image\" \/>\n<meta name=\"twitter:title\" content=\"STIHL Veste de pluie RAINTEC\" \/>\n<meta name=\"twitter:description\" content=\"STIHL Veste de pluie, Raintec, taille M Veste de pluie STIHL RAINTEC imperm\u00e9able coutures soud\u00e9es thermoactive haute visibilit\u00e9 En savoir plus by E...\" \/>\n<meta name=\"twitter:image\" content=\"https:\/\/www.eeman-tuinmachines.be\/wp-content\/uploads\/2026\/02\/19845_PE-WETTERSCHUTZJACKE_RAINTEC-SP-001-2.webp\" \/>\n<script type=\"application\/ld+json\" class=\"yoast-schema-graph\">{\"@context\":\"https:\\\/\\\/schema.org\",\"@graph\":[{\"@type\":\"WebPage\",\"@id\":\"https:\\\/\\\/www.eeman-tuinmachines.be\\\/fr\\\/produit\\\/stihl-veste-de-pluie-raintec-taille-m-fr\\\/\",\"url\":\"https:\\\/\\\/www.eeman-tuinmachines.be\\\/fr\\\/produit\\\/stihl-veste-de-pluie-raintec-taille-m-fr\\\/\",\"name\":\"STIHL Veste de pluie RAINTEC\",\"isPartOf\":{\"@id\":\"https:\\\/\\\/www.eeman-tuinmachines.be\\\/fr\\\/#website\"},\"primaryImageOfPage\":{\"@id\":\"https:\\\/\\\/www.eeman-tuinmachines.be\\\/fr\\\/produit\\\/stihl-veste-de-pluie-raintec-taille-m-fr\\\/#primaryimage\"},\"image\":{\"@id\":\"https:\\\/\\\/www.eeman-tuinmachines.be\\\/fr\\\/produit\\\/stihl-veste-de-pluie-raintec-taille-m-fr\\\/#primaryimage\"},\"thumbnailUrl\":\"https:\\\/\\\/www.eeman-tuinmachines.be\\\/wp-content\\\/uploads\\\/2026\\\/02\\\/19845_PE-WETTERSCHUTZJACKE_RAINTEC-SP-001-2.webp\",\"datePublished\":\"2025-04-18T06:18:43+00:00\",\"dateModified\":\"2026-04-02T20:50:50+00:00\",\"description\":\"STIHL Veste de pluie, Raintec, taille M Veste de pluie STIHL RAINTEC imperm\u00e9able coutures soud\u00e9es thermoactive haute visibilit\u00e9 En savoir plus by E...\",\"breadcrumb\":{\"@id\":\"https:\\\/\\\/www.eeman-tuinmachines.be\\\/fr\\\/produit\\\/stihl-veste-de-pluie-raintec-taille-m-fr\\\/#breadcrumb\"},\"inLanguage\":\"fr-FR\",\"potentialAction\":[{\"@type\":\"ReadAction\",\"target\":[\"https:\\\/\\\/www.eeman-tuinmachines.be\\\/fr\\\/produit\\\/stihl-veste-de-pluie-raintec-taille-m-fr\\\/\"]}]},{\"@type\":\"ImageObject\",\"inLanguage\":\"fr-FR\",\"@id\":\"https:\\\/\\\/www.eeman-tuinmachines.be\\\/fr\\\/produit\\\/stihl-veste-de-pluie-raintec-taille-m-fr\\\/#primaryimage\",\"url\":\"https:\\\/\\\/www.eeman-tuinmachines.be\\\/wp-content\\\/uploads\\\/2026\\\/02\\\/19845_PE-WETTERSCHUTZJACKE_RAINTEC-SP-001-2.webp\",\"contentUrl\":\"https:\\\/\\\/www.eeman-tuinmachines.be\\\/wp-content\\\/uploads\\\/2026\\\/02\\\/19845_PE-WETTERSCHUTZJACKE_RAINTEC-SP-001-2.webp\",\"width\":960,\"height\":1438},{\"@type\":\"BreadcrumbList\",\"@id\":\"https:\\\/\\\/www.eeman-tuinmachines.be\\\/fr\\\/produit\\\/stihl-veste-de-pluie-raintec-taille-m-fr\\\/#breadcrumb\",\"itemListElement\":[{\"@type\":\"ListItem\",\"position\":1,\"name\":\"Home\",\"item\":\"https:\\\/\\\/www.eeman-tuinmachines.be\\\/fr\\\/\"},{\"@type\":\"ListItem\",\"position\":2,\"name\":\"Winkel\",\"item\":\"https:\\\/\\\/www.eeman-tuinmachines.be\\\/nl\\\/winkel\\\/\"},{\"@type\":\"ListItem\",\"position\":3,\"name\":\"Veste de pluie, Raintec, taille M\"}]},{\"@type\":\"WebSite\",\"@id\":\"https:\\\/\\\/www.eeman-tuinmachines.be\\\/fr\\\/#website\",\"url\":\"https:\\\/\\\/www.eeman-tuinmachines.be\\\/fr\\\/\",\"name\":\"Eeman Tuinmachines\",\"description\":\"\",\"potentialAction\":[{\"@type\":\"SearchAction\",\"target\":{\"@type\":\"EntryPoint\",\"urlTemplate\":\"https:\\\/\\\/www.eeman-tuinmachines.be\\\/fr\\\/?s={search_term_string}\"},\"query-input\":{\"@type\":\"PropertyValueSpecification\",\"valueRequired\":true,\"valueName\":\"search_term_string\"}}],\"inLanguage\":\"fr-FR\"}]}<\/script>\n<!-- \/ Yoast SEO plugin. -->","yoast_head_json":{"title":"STIHL Veste de pluie RAINTEC","description":"STIHL Veste de pluie, Raintec, taille M Veste de pluie STIHL RAINTEC imperm\u00e9able coutures soud\u00e9es thermoactive haute visibilit\u00e9 En savoir plus by E...","robots":{"index":"index","follow":"follow","max-snippet":"max-snippet:-1","max-image-preview":"max-image-preview:large","max-video-preview":"max-video-preview:-1"},"canonical":"https:\/\/www.eeman-tuinmachines.be\/fr\/produit\/stihl-veste-de-pluie-raintec-taille-m-fr\/","og_locale":"fr_FR","og_type":"article","og_title":"STIHL Veste de pluie RAINTEC","og_description":"STIHL Veste de pluie, Raintec, taille M Veste de pluie STIHL RAINTEC imperm\u00e9able coutures soud\u00e9es thermoactive haute visibilit\u00e9 En savoir plus by E...","og_url":"https:\/\/www.eeman-tuinmachines.be\/fr\/produit\/stihl-veste-de-pluie-raintec-taille-m-fr\/","og_site_name":"Eeman Tuinmachines","article_modified_time":"2026-04-02T20:50:50+00:00","og_image":[{"width":960,"height":1438,"url":"https:\/\/www.eeman-tuinmachines.be\/wp-content\/uploads\/2026\/02\/19845_PE-WETTERSCHUTZJACKE_RAINTEC-SP-001-2.webp","type":"image\/webp"}],"twitter_card":"summary_large_image","twitter_title":"STIHL Veste de pluie RAINTEC","twitter_description":"STIHL Veste de pluie, Raintec, taille M Veste de pluie STIHL RAINTEC imperm\u00e9able coutures soud\u00e9es thermoactive haute visibilit\u00e9 En savoir plus by E...","twitter_image":"https:\/\/www.eeman-tuinmachines.be\/wp-content\/uploads\/2026\/02\/19845_PE-WETTERSCHUTZJACKE_RAINTEC-SP-001-2.webp","schema":{"@context":"https:\/\/schema.org","@graph":[{"@type":"WebPage","@id":"https:\/\/www.eeman-tuinmachines.be\/fr\/produit\/stihl-veste-de-pluie-raintec-taille-m-fr\/","url":"https:\/\/www.eeman-tuinmachines.be\/fr\/produit\/stihl-veste-de-pluie-raintec-taille-m-fr\/","name":"STIHL Veste de pluie RAINTEC","isPartOf":{"@id":"https:\/\/www.eeman-tuinmachines.be\/fr\/#website"},"primaryImageOfPage":{"@id":"https:\/\/www.eeman-tuinmachines.be\/fr\/produit\/stihl-veste-de-pluie-raintec-taille-m-fr\/#primaryimage"},"image":{"@id":"https:\/\/www.eeman-tuinmachines.be\/fr\/produit\/stihl-veste-de-pluie-raintec-taille-m-fr\/#primaryimage"},"thumbnailUrl":"https:\/\/www.eeman-tuinmachines.be\/wp-content\/uploads\/2026\/02\/19845_PE-WETTERSCHUTZJACKE_RAINTEC-SP-001-2.webp","datePublished":"2025-04-18T06:18:43+00:00","dateModified":"2026-04-02T20:50:50+00:00","description":"STIHL Veste de pluie, Raintec, taille M Veste de pluie STIHL RAINTEC imperm\u00e9able coutures soud\u00e9es thermoactive haute visibilit\u00e9 En savoir plus by E...","breadcrumb":{"@id":"https:\/\/www.eeman-tuinmachines.be\/fr\/produit\/stihl-veste-de-pluie-raintec-taille-m-fr\/#breadcrumb"},"inLanguage":"fr-FR","potentialAction":[{"@type":"ReadAction","target":["https:\/\/www.eeman-tuinmachines.be\/fr\/produit\/stihl-veste-de-pluie-raintec-taille-m-fr\/"]}]},{"@type":"ImageObject","inLanguage":"fr-FR","@id":"https:\/\/www.eeman-tuinmachines.be\/fr\/produit\/stihl-veste-de-pluie-raintec-taille-m-fr\/#primaryimage","url":"https:\/\/www.eeman-tuinmachines.be\/wp-content\/uploads\/2026\/02\/19845_PE-WETTERSCHUTZJACKE_RAINTEC-SP-001-2.webp","contentUrl":"https:\/\/www.eeman-tuinmachines.be\/wp-content\/uploads\/2026\/02\/19845_PE-WETTERSCHUTZJACKE_RAINTEC-SP-001-2.webp","width":960,"height":1438},{"@type":"BreadcrumbList","@id":"https:\/\/www.eeman-tuinmachines.be\/fr\/produit\/stihl-veste-de-pluie-raintec-taille-m-fr\/#breadcrumb","itemListElement":[{"@type":"ListItem","position":1,"name":"Home","item":"https:\/\/www.eeman-tuinmachines.be\/fr\/"},{"@type":"ListItem","position":2,"name":"Winkel","item":"https:\/\/www.eeman-tuinmachines.be\/nl\/winkel\/"},{"@type":"ListItem","position":3,"name":"Veste de pluie, Raintec, taille M"}]},{"@type":"WebSite","@id":"https:\/\/www.eeman-tuinmachines.be\/fr\/#website","url":"https:\/\/www.eeman-tuinmachines.be\/fr\/","name":"Eeman Tuinmachines","description":"","potentialAction":[{"@type":"SearchAction","target":{"@type":"EntryPoint","urlTemplate":"https:\/\/www.eeman-tuinmachines.be\/fr\/?s={search_term_string}"},"query-input":{"@type":"PropertyValueSpecification","valueRequired":true,"valueName":"search_term_string"}}],"inLanguage":"fr-FR"}]}},"_links":{"self":[{"href":"https:\/\/www.eeman-tuinmachines.be\/fr\/wp-json\/wp\/v2\/product\/11322","targetHints":{"allow":["GET"]}}],"collection":[{"href":"https:\/\/www.eeman-tuinmachines.be\/fr\/wp-json\/wp\/v2\/product"}],"about":[{"href":"https:\/\/www.eeman-tuinmachines.be\/fr\/wp-json\/wp\/v2\/types\/product"}],"wp:featuredmedia":[{"embeddable":true,"href":"https:\/\/www.eeman-tuinmachines.be\/fr\/wp-json\/wp\/v2\/media\/26051"}],"wp:attachment":[{"href":"https:\/\/www.eeman-tuinmachines.be\/fr\/wp-json\/wp\/v2\/media?parent=11322"}],"wp:term":[{"taxonomy":"product_brand","embeddable":true,"href":"https:\/\/www.eeman-tuinmachines.be\/fr\/wp-json\/wp\/v2\/product_brand?post=11322"},{"taxonomy":"product_cat","embeddable":true,"href":"https:\/\/www.eeman-tuinmachines.be\/fr\/wp-json\/wp\/v2\/product_cat?post=11322"},{"taxonomy":"product_tag","embeddable":true,"href":"https:\/\/www.eeman-tuinmachines.be\/fr\/wp-json\/wp\/v2\/product_tag?post=11322"}],"curies":[{"name":"wp","href":"https:\/\/api.w.org\/{rel}","templated":true}]}}