{"id":11466,"date":"2025-04-18T06:37:14","date_gmt":"2025-04-18T06:37:14","guid":{"rendered":"http:\/\/www.eeman-tuinmachines.be\/product\/stihl-huile-moteur-deux-temps-hp-ultra-5-l-pour-250-l-de-carburant-fr\/"},"modified":"2026-04-02T20:56:25","modified_gmt":"2026-04-02T20:56:25","slug":"stihl-huile-moteur-deux-temps-hp-ultra-5-l-pour-250-l-de-carburant-fr","status":"publish","type":"product","link":"https:\/\/www.eeman-tuinmachines.be\/fr\/produit\/stihl-huile-moteur-deux-temps-hp-ultra-5-l-pour-250-l-de-carburant-fr\/","title":{"rendered":"Huile moteur deux temps HP Ultra, 5 l (pour 250 l de carburant)"},"content":{"rendered":"","protected":false},"excerpt":{"rendered":"","protected":false},"featured_media":26073,"template":"","meta":{"_acf_changed":false},"product_brand":[],"product_cat":[319,291,384,311,374,302,277,394,380,258,273,378,317,300,392,382,324,309,397,281,271,274,249],"product_tag":[387,405,386],"class_list":{"0":"post-11466","1":"product","2":"type-product","3":"status-publish","4":"has-post-thumbnail","6":"product_cat-accessoires-pour-combisysteme-multisysteme-fr","7":"product_cat-accessoires-pour-coupe-bordures-coupes-herbes-debroussailleuses-fr","8":"product_cat-accessoires-pour-decoupeuses-a-disque-fr","9":"product_cat-accessoires-pour-perches-elagueuses-perches-delagage-fr","10":"product_cat-accessoires-pour-pulverisateurs-atomiseurs-fr","11":"product_cat-accessoires-pour-souffleurs-aspirateurs-de-feuilles-fr","12":"product_cat-accessoires-pour-taille-haies-taille-haies-sur-perche-fr","13":"product_cat-accessoires-pour-tarieres-fr","14":"product_cat-accessoires-pour-tronconneuse-a-pierre-tronconneuse-a-beton-fr","15":"product_cat-accessoires-pour-tronconneuses-fr","16":"product_cat-carburants-huiles-detergents-graisses-fr","17":"product_cat-consommables-fr-accessoires-pour-pulverisateurs-atomiseurs-fr","18":"product_cat-consommables-fr-accessoires-pour-perches-elagueuses-perches-delagage-fr","19":"product_cat-consommables-fr-accessoires-pour-coupe-bordures-coupes-herbes-debroussailleuses-fr","20":"product_cat-consommables-fr-accessoires-pour-decoupeuses-a-disque-fr","21":"product_cat-consommables-fr-accessoires-pour-tronconneuse-a-pierre-tronconneuse-a-beton-fr","22":"product_cat-consommables-fr-accessoires-pour-combisysteme-multisysteme-fr","23":"product_cat-consommables-fr-accessoires-pour-souffleurs-aspirateurs-de-feuilles-fr","24":"product_cat-consommables-fr-accessoires-pour-tarieres-fr","25":"product_cat-consommables-fr-accessoires-pour-taille-haies-taille-haies-sur-perche-fr","26":"product_cat-consommables-fr","27":"product_cat-huiles-moteur-huile-de-chaine-fr","28":"product_cat-stihl-accessoires-fr","29":"product_tag-stihl","30":"product_tag-syndifie","31":"product_tag-syndified","33":"first","34":"instock","35":"shipping-taxable","36":"purchasable","37":"product-type-simple"},"acf":[],"yoast_head":"<!-- This site is optimized with the Yoast SEO plugin v27.3 - https:\/\/yoast.com\/product\/yoast-seo-wordpress\/ -->\n<title>STIHL Huile moteur deux temps HP Ultra<\/title>\n<meta name=\"description\" content=\"STIHL Huile moteur deux temps HP Ultra, 5 l pour 250 l de carburant Huile STIHL HP Ultra enti\u00e8rement synth\u00e9tique pour moteurs \u00e0 2 temps pour une ut...\" \/>\n<meta name=\"robots\" content=\"index, follow, max-snippet:-1, max-image-preview:large, max-video-preview:-1\" \/>\n<link rel=\"canonical\" href=\"https:\/\/www.eeman-tuinmachines.be\/fr\/produit\/stihl-huile-moteur-deux-temps-hp-ultra-5-l-pour-250-l-de-carburant-fr\/\" \/>\n<meta property=\"og:locale\" content=\"fr_FR\" \/>\n<meta property=\"og:type\" content=\"article\" \/>\n<meta property=\"og:title\" content=\"STIHL Huile moteur deux temps HP Ultra\" \/>\n<meta property=\"og:description\" content=\"STIHL Huile moteur deux temps HP Ultra, 5 l pour 250 l de carburant Huile STIHL HP Ultra enti\u00e8rement synth\u00e9tique pour moteurs \u00e0 2 temps pour une ut...\" \/>\n<meta property=\"og:url\" content=\"https:\/\/www.eeman-tuinmachines.be\/fr\/produit\/stihl-huile-moteur-deux-temps-hp-ultra-5-l-pour-250-l-de-carburant-fr\/\" \/>\n<meta property=\"og:site_name\" content=\"Eeman Tuinmachines\" \/>\n<meta property=\"article:modified_time\" content=\"2026-04-02T20:56:25+00:00\" \/>\n<meta property=\"og:image\" content=\"https:\/\/www.eeman-tuinmachines.be\/wp-content\/uploads\/2026\/02\/43283_Z-HPULTRADOS1L-S002-2.webp\" \/>\n\t<meta property=\"og:image:width\" content=\"960\" \/>\n\t<meta property=\"og:image:height\" content=\"640\" \/>\n\t<meta property=\"og:image:type\" content=\"image\/webp\" \/>\n<meta name=\"twitter:card\" content=\"summary_large_image\" \/>\n<meta name=\"twitter:title\" content=\"STIHL Huile moteur deux temps HP Ultra\" \/>\n<meta name=\"twitter:description\" content=\"STIHL Huile moteur deux temps HP Ultra, 5 l pour 250 l de carburant Huile STIHL HP Ultra enti\u00e8rement synth\u00e9tique pour moteurs \u00e0 2 temps pour une ut...\" \/>\n<meta name=\"twitter:image\" content=\"https:\/\/www.eeman-tuinmachines.be\/wp-content\/uploads\/2026\/02\/43283_Z-HPULTRADOS1L-S002-2.webp\" \/>\n<script type=\"application\/ld+json\" class=\"yoast-schema-graph\">{\"@context\":\"https:\\\/\\\/schema.org\",\"@graph\":[{\"@type\":\"WebPage\",\"@id\":\"https:\\\/\\\/www.eeman-tuinmachines.be\\\/fr\\\/produit\\\/stihl-huile-moteur-deux-temps-hp-ultra-5-l-pour-250-l-de-carburant-fr\\\/\",\"url\":\"https:\\\/\\\/www.eeman-tuinmachines.be\\\/fr\\\/produit\\\/stihl-huile-moteur-deux-temps-hp-ultra-5-l-pour-250-l-de-carburant-fr\\\/\",\"name\":\"STIHL Huile moteur deux temps HP Ultra\",\"isPartOf\":{\"@id\":\"https:\\\/\\\/www.eeman-tuinmachines.be\\\/fr\\\/#website\"},\"primaryImageOfPage\":{\"@id\":\"https:\\\/\\\/www.eeman-tuinmachines.be\\\/fr\\\/produit\\\/stihl-huile-moteur-deux-temps-hp-ultra-5-l-pour-250-l-de-carburant-fr\\\/#primaryimage\"},\"image\":{\"@id\":\"https:\\\/\\\/www.eeman-tuinmachines.be\\\/fr\\\/produit\\\/stihl-huile-moteur-deux-temps-hp-ultra-5-l-pour-250-l-de-carburant-fr\\\/#primaryimage\"},\"thumbnailUrl\":\"https:\\\/\\\/www.eeman-tuinmachines.be\\\/wp-content\\\/uploads\\\/2026\\\/02\\\/43283_Z-HPULTRADOS1L-S002-2.webp\",\"datePublished\":\"2025-04-18T06:37:14+00:00\",\"dateModified\":\"2026-04-02T20:56:25+00:00\",\"description\":\"STIHL Huile moteur deux temps HP Ultra, 5 l pour 250 l de carburant Huile STIHL HP Ultra enti\u00e8rement synth\u00e9tique pour moteurs \u00e0 2 temps pour une ut...\",\"breadcrumb\":{\"@id\":\"https:\\\/\\\/www.eeman-tuinmachines.be\\\/fr\\\/produit\\\/stihl-huile-moteur-deux-temps-hp-ultra-5-l-pour-250-l-de-carburant-fr\\\/#breadcrumb\"},\"inLanguage\":\"fr-FR\",\"potentialAction\":[{\"@type\":\"ReadAction\",\"target\":[\"https:\\\/\\\/www.eeman-tuinmachines.be\\\/fr\\\/produit\\\/stihl-huile-moteur-deux-temps-hp-ultra-5-l-pour-250-l-de-carburant-fr\\\/\"]}]},{\"@type\":\"ImageObject\",\"inLanguage\":\"fr-FR\",\"@id\":\"https:\\\/\\\/www.eeman-tuinmachines.be\\\/fr\\\/produit\\\/stihl-huile-moteur-deux-temps-hp-ultra-5-l-pour-250-l-de-carburant-fr\\\/#primaryimage\",\"url\":\"https:\\\/\\\/www.eeman-tuinmachines.be\\\/wp-content\\\/uploads\\\/2026\\\/02\\\/43283_Z-HPULTRADOS1L-S002-2.webp\",\"contentUrl\":\"https:\\\/\\\/www.eeman-tuinmachines.be\\\/wp-content\\\/uploads\\\/2026\\\/02\\\/43283_Z-HPULTRADOS1L-S002-2.webp\",\"width\":960,\"height\":640},{\"@type\":\"BreadcrumbList\",\"@id\":\"https:\\\/\\\/www.eeman-tuinmachines.be\\\/fr\\\/produit\\\/stihl-huile-moteur-deux-temps-hp-ultra-5-l-pour-250-l-de-carburant-fr\\\/#breadcrumb\",\"itemListElement\":[{\"@type\":\"ListItem\",\"position\":1,\"name\":\"Home\",\"item\":\"https:\\\/\\\/www.eeman-tuinmachines.be\\\/fr\\\/\"},{\"@type\":\"ListItem\",\"position\":2,\"name\":\"Winkel\",\"item\":\"https:\\\/\\\/www.eeman-tuinmachines.be\\\/nl\\\/winkel\\\/\"},{\"@type\":\"ListItem\",\"position\":3,\"name\":\"Huile moteur deux temps HP Ultra, 5 l (pour 250 l de carburant)\"}]},{\"@type\":\"WebSite\",\"@id\":\"https:\\\/\\\/www.eeman-tuinmachines.be\\\/fr\\\/#website\",\"url\":\"https:\\\/\\\/www.eeman-tuinmachines.be\\\/fr\\\/\",\"name\":\"Eeman Tuinmachines\",\"description\":\"\",\"potentialAction\":[{\"@type\":\"SearchAction\",\"target\":{\"@type\":\"EntryPoint\",\"urlTemplate\":\"https:\\\/\\\/www.eeman-tuinmachines.be\\\/fr\\\/?s={search_term_string}\"},\"query-input\":{\"@type\":\"PropertyValueSpecification\",\"valueRequired\":true,\"valueName\":\"search_term_string\"}}],\"inLanguage\":\"fr-FR\"}]}<\/script>\n<!-- \/ Yoast SEO plugin. -->","yoast_head_json":{"title":"STIHL Huile moteur deux temps HP Ultra","description":"STIHL Huile moteur deux temps HP Ultra, 5 l pour 250 l de carburant Huile STIHL HP Ultra enti\u00e8rement synth\u00e9tique pour moteurs \u00e0 2 temps pour une ut...","robots":{"index":"index","follow":"follow","max-snippet":"max-snippet:-1","max-image-preview":"max-image-preview:large","max-video-preview":"max-video-preview:-1"},"canonical":"https:\/\/www.eeman-tuinmachines.be\/fr\/produit\/stihl-huile-moteur-deux-temps-hp-ultra-5-l-pour-250-l-de-carburant-fr\/","og_locale":"fr_FR","og_type":"article","og_title":"STIHL Huile moteur deux temps HP Ultra","og_description":"STIHL Huile moteur deux temps HP Ultra, 5 l pour 250 l de carburant Huile STIHL HP Ultra enti\u00e8rement synth\u00e9tique pour moteurs \u00e0 2 temps pour une ut...","og_url":"https:\/\/www.eeman-tuinmachines.be\/fr\/produit\/stihl-huile-moteur-deux-temps-hp-ultra-5-l-pour-250-l-de-carburant-fr\/","og_site_name":"Eeman Tuinmachines","article_modified_time":"2026-04-02T20:56:25+00:00","og_image":[{"width":960,"height":640,"url":"https:\/\/www.eeman-tuinmachines.be\/wp-content\/uploads\/2026\/02\/43283_Z-HPULTRADOS1L-S002-2.webp","type":"image\/webp"}],"twitter_card":"summary_large_image","twitter_title":"STIHL Huile moteur deux temps HP Ultra","twitter_description":"STIHL Huile moteur deux temps HP Ultra, 5 l pour 250 l de carburant Huile STIHL HP Ultra enti\u00e8rement synth\u00e9tique pour moteurs \u00e0 2 temps pour une ut...","twitter_image":"https:\/\/www.eeman-tuinmachines.be\/wp-content\/uploads\/2026\/02\/43283_Z-HPULTRADOS1L-S002-2.webp","schema":{"@context":"https:\/\/schema.org","@graph":[{"@type":"WebPage","@id":"https:\/\/www.eeman-tuinmachines.be\/fr\/produit\/stihl-huile-moteur-deux-temps-hp-ultra-5-l-pour-250-l-de-carburant-fr\/","url":"https:\/\/www.eeman-tuinmachines.be\/fr\/produit\/stihl-huile-moteur-deux-temps-hp-ultra-5-l-pour-250-l-de-carburant-fr\/","name":"STIHL Huile moteur deux temps HP Ultra","isPartOf":{"@id":"https:\/\/www.eeman-tuinmachines.be\/fr\/#website"},"primaryImageOfPage":{"@id":"https:\/\/www.eeman-tuinmachines.be\/fr\/produit\/stihl-huile-moteur-deux-temps-hp-ultra-5-l-pour-250-l-de-carburant-fr\/#primaryimage"},"image":{"@id":"https:\/\/www.eeman-tuinmachines.be\/fr\/produit\/stihl-huile-moteur-deux-temps-hp-ultra-5-l-pour-250-l-de-carburant-fr\/#primaryimage"},"thumbnailUrl":"https:\/\/www.eeman-tuinmachines.be\/wp-content\/uploads\/2026\/02\/43283_Z-HPULTRADOS1L-S002-2.webp","datePublished":"2025-04-18T06:37:14+00:00","dateModified":"2026-04-02T20:56:25+00:00","description":"STIHL Huile moteur deux temps HP Ultra, 5 l pour 250 l de carburant Huile STIHL HP Ultra enti\u00e8rement synth\u00e9tique pour moteurs \u00e0 2 temps pour une ut...","breadcrumb":{"@id":"https:\/\/www.eeman-tuinmachines.be\/fr\/produit\/stihl-huile-moteur-deux-temps-hp-ultra-5-l-pour-250-l-de-carburant-fr\/#breadcrumb"},"inLanguage":"fr-FR","potentialAction":[{"@type":"ReadAction","target":["https:\/\/www.eeman-tuinmachines.be\/fr\/produit\/stihl-huile-moteur-deux-temps-hp-ultra-5-l-pour-250-l-de-carburant-fr\/"]}]},{"@type":"ImageObject","inLanguage":"fr-FR","@id":"https:\/\/www.eeman-tuinmachines.be\/fr\/produit\/stihl-huile-moteur-deux-temps-hp-ultra-5-l-pour-250-l-de-carburant-fr\/#primaryimage","url":"https:\/\/www.eeman-tuinmachines.be\/wp-content\/uploads\/2026\/02\/43283_Z-HPULTRADOS1L-S002-2.webp","contentUrl":"https:\/\/www.eeman-tuinmachines.be\/wp-content\/uploads\/2026\/02\/43283_Z-HPULTRADOS1L-S002-2.webp","width":960,"height":640},{"@type":"BreadcrumbList","@id":"https:\/\/www.eeman-tuinmachines.be\/fr\/produit\/stihl-huile-moteur-deux-temps-hp-ultra-5-l-pour-250-l-de-carburant-fr\/#breadcrumb","itemListElement":[{"@type":"ListItem","position":1,"name":"Home","item":"https:\/\/www.eeman-tuinmachines.be\/fr\/"},{"@type":"ListItem","position":2,"name":"Winkel","item":"https:\/\/www.eeman-tuinmachines.be\/nl\/winkel\/"},{"@type":"ListItem","position":3,"name":"Huile moteur deux temps HP Ultra, 5 l (pour 250 l de carburant)"}]},{"@type":"WebSite","@id":"https:\/\/www.eeman-tuinmachines.be\/fr\/#website","url":"https:\/\/www.eeman-tuinmachines.be\/fr\/","name":"Eeman Tuinmachines","description":"","potentialAction":[{"@type":"SearchAction","target":{"@type":"EntryPoint","urlTemplate":"https:\/\/www.eeman-tuinmachines.be\/fr\/?s={search_term_string}"},"query-input":{"@type":"PropertyValueSpecification","valueRequired":true,"valueName":"search_term_string"}}],"inLanguage":"fr-FR"}]}},"_links":{"self":[{"href":"https:\/\/www.eeman-tuinmachines.be\/fr\/wp-json\/wp\/v2\/product\/11466","targetHints":{"allow":["GET"]}}],"collection":[{"href":"https:\/\/www.eeman-tuinmachines.be\/fr\/wp-json\/wp\/v2\/product"}],"about":[{"href":"https:\/\/www.eeman-tuinmachines.be\/fr\/wp-json\/wp\/v2\/types\/product"}],"wp:featuredmedia":[{"embeddable":true,"href":"https:\/\/www.eeman-tuinmachines.be\/fr\/wp-json\/wp\/v2\/media\/26073"}],"wp:attachment":[{"href":"https:\/\/www.eeman-tuinmachines.be\/fr\/wp-json\/wp\/v2\/media?parent=11466"}],"wp:term":[{"taxonomy":"product_brand","embeddable":true,"href":"https:\/\/www.eeman-tuinmachines.be\/fr\/wp-json\/wp\/v2\/product_brand?post=11466"},{"taxonomy":"product_cat","embeddable":true,"href":"https:\/\/www.eeman-tuinmachines.be\/fr\/wp-json\/wp\/v2\/product_cat?post=11466"},{"taxonomy":"product_tag","embeddable":true,"href":"https:\/\/www.eeman-tuinmachines.be\/fr\/wp-json\/wp\/v2\/product_tag?post=11466"}],"curies":[{"name":"wp","href":"https:\/\/api.w.org\/{rel}","templated":true}]}}