{"id":11490,"date":"2025-04-18T06:38:09","date_gmt":"2025-04-18T06:38:09","guid":{"rendered":"http:\/\/www.eeman-tuinmachines.be\/product\/stihl-huile-multioil-bio-50-ml-fr\/"},"modified":"2026-04-02T20:57:12","modified_gmt":"2026-04-02T20:57:12","slug":"stihl-huile-multioil-bio-50-ml-fr","status":"publish","type":"product","link":"https:\/\/www.eeman-tuinmachines.be\/fr\/produit\/stihl-huile-multioil-bio-50-ml-fr\/","title":{"rendered":"Huile Multioil Bio 50 ml"},"content":{"rendered":"","protected":false},"excerpt":{"rendered":"","protected":false},"featured_media":26089,"template":"","meta":{"_acf_changed":false},"product_brand":[],"product_cat":[326,273,275,249,327],"product_tag":[387,405,386],"class_list":{"0":"post-11490","1":"product","2":"type-product","3":"status-publish","4":"has-post-thumbnail","6":"product_cat-accessoires-pour-machines-sur-batterie-fr","7":"product_cat-carburants-huiles-detergents-graisses-fr","8":"product_cat-detergents-produits-dentretien-fr","9":"product_cat-stihl-accessoires-fr","10":"product_cat-systeme-de-batterie-as-fr","11":"product_tag-stihl","12":"product_tag-syndifie","13":"product_tag-syndified","15":"first","16":"instock","17":"shipping-taxable","18":"purchasable","19":"product-type-simple"},"acf":[],"yoast_head":"<!-- This site is optimized with the Yoast SEO plugin v27.3 - https:\/\/yoast.com\/product\/yoast-seo-wordpress\/ -->\n<title>STIHL Huile Multioil Bio<\/title>\n<meta name=\"description\" content=\"STIHL Huile Multioil Bio 50 ml Huile STIHL Multioil Bio prot\u00e8ge contre la corrosion et la rouille peut \u00eatre utilis\u00e9e comme lubrifiant 90 biod\u00e9grad...\" \/>\n<meta name=\"robots\" content=\"index, follow, max-snippet:-1, max-image-preview:large, max-video-preview:-1\" \/>\n<link rel=\"canonical\" href=\"https:\/\/www.eeman-tuinmachines.be\/fr\/produit\/stihl-huile-multioil-bio-50-ml-fr\/\" \/>\n<meta property=\"og:locale\" content=\"fr_FR\" \/>\n<meta property=\"og:type\" content=\"article\" \/>\n<meta property=\"og:title\" content=\"STIHL Huile Multioil Bio\" \/>\n<meta property=\"og:description\" content=\"STIHL Huile Multioil Bio 50 ml Huile STIHL Multioil Bio prot\u00e8ge contre la corrosion et la rouille peut \u00eatre utilis\u00e9e comme lubrifiant 90 biod\u00e9grad...\" \/>\n<meta property=\"og:url\" content=\"https:\/\/www.eeman-tuinmachines.be\/fr\/produit\/stihl-huile-multioil-bio-50-ml-fr\/\" \/>\n<meta property=\"og:site_name\" content=\"Eeman Tuinmachines\" \/>\n<meta property=\"article:modified_time\" content=\"2026-04-02T20:57:12+00:00\" \/>\n<meta property=\"og:image\" content=\"https:\/\/www.eeman-tuinmachines.be\/wp-content\/uploads\/2026\/02\/13635_BS-MULTIOIL_BIO_50ML-SF-001.webp\" \/>\n\t<meta property=\"og:image:width\" content=\"960\" \/>\n\t<meta property=\"og:image:height\" content=\"1440\" \/>\n\t<meta property=\"og:image:type\" content=\"image\/webp\" \/>\n<meta name=\"twitter:card\" content=\"summary_large_image\" \/>\n<meta name=\"twitter:title\" content=\"STIHL Huile Multioil Bio\" \/>\n<meta name=\"twitter:description\" content=\"STIHL Huile Multioil Bio 50 ml Huile STIHL Multioil Bio prot\u00e8ge contre la corrosion et la rouille peut \u00eatre utilis\u00e9e comme lubrifiant 90 biod\u00e9grad...\" \/>\n<meta name=\"twitter:image\" content=\"https:\/\/www.eeman-tuinmachines.be\/wp-content\/uploads\/2026\/02\/13635_BS-MULTIOIL_BIO_50ML-SF-001.webp\" \/>\n<script type=\"application\/ld+json\" class=\"yoast-schema-graph\">{\"@context\":\"https:\\\/\\\/schema.org\",\"@graph\":[{\"@type\":\"WebPage\",\"@id\":\"https:\\\/\\\/www.eeman-tuinmachines.be\\\/fr\\\/produit\\\/stihl-huile-multioil-bio-50-ml-fr\\\/\",\"url\":\"https:\\\/\\\/www.eeman-tuinmachines.be\\\/fr\\\/produit\\\/stihl-huile-multioil-bio-50-ml-fr\\\/\",\"name\":\"STIHL Huile Multioil Bio\",\"isPartOf\":{\"@id\":\"https:\\\/\\\/www.eeman-tuinmachines.be\\\/fr\\\/#website\"},\"primaryImageOfPage\":{\"@id\":\"https:\\\/\\\/www.eeman-tuinmachines.be\\\/fr\\\/produit\\\/stihl-huile-multioil-bio-50-ml-fr\\\/#primaryimage\"},\"image\":{\"@id\":\"https:\\\/\\\/www.eeman-tuinmachines.be\\\/fr\\\/produit\\\/stihl-huile-multioil-bio-50-ml-fr\\\/#primaryimage\"},\"thumbnailUrl\":\"https:\\\/\\\/www.eeman-tuinmachines.be\\\/wp-content\\\/uploads\\\/2026\\\/02\\\/13635_BS-MULTIOIL_BIO_50ML-SF-001.webp\",\"datePublished\":\"2025-04-18T06:38:09+00:00\",\"dateModified\":\"2026-04-02T20:57:12+00:00\",\"description\":\"STIHL Huile Multioil Bio 50 ml Huile STIHL Multioil Bio prot\u00e8ge contre la corrosion et la rouille peut \u00eatre utilis\u00e9e comme lubrifiant 90 biod\u00e9grad...\",\"breadcrumb\":{\"@id\":\"https:\\\/\\\/www.eeman-tuinmachines.be\\\/fr\\\/produit\\\/stihl-huile-multioil-bio-50-ml-fr\\\/#breadcrumb\"},\"inLanguage\":\"fr-FR\",\"potentialAction\":[{\"@type\":\"ReadAction\",\"target\":[\"https:\\\/\\\/www.eeman-tuinmachines.be\\\/fr\\\/produit\\\/stihl-huile-multioil-bio-50-ml-fr\\\/\"]}]},{\"@type\":\"ImageObject\",\"inLanguage\":\"fr-FR\",\"@id\":\"https:\\\/\\\/www.eeman-tuinmachines.be\\\/fr\\\/produit\\\/stihl-huile-multioil-bio-50-ml-fr\\\/#primaryimage\",\"url\":\"https:\\\/\\\/www.eeman-tuinmachines.be\\\/wp-content\\\/uploads\\\/2026\\\/02\\\/13635_BS-MULTIOIL_BIO_50ML-SF-001.webp\",\"contentUrl\":\"https:\\\/\\\/www.eeman-tuinmachines.be\\\/wp-content\\\/uploads\\\/2026\\\/02\\\/13635_BS-MULTIOIL_BIO_50ML-SF-001.webp\",\"width\":960,\"height\":1440},{\"@type\":\"BreadcrumbList\",\"@id\":\"https:\\\/\\\/www.eeman-tuinmachines.be\\\/fr\\\/produit\\\/stihl-huile-multioil-bio-50-ml-fr\\\/#breadcrumb\",\"itemListElement\":[{\"@type\":\"ListItem\",\"position\":1,\"name\":\"Home\",\"item\":\"https:\\\/\\\/www.eeman-tuinmachines.be\\\/fr\\\/\"},{\"@type\":\"ListItem\",\"position\":2,\"name\":\"Winkel\",\"item\":\"https:\\\/\\\/www.eeman-tuinmachines.be\\\/nl\\\/winkel\\\/\"},{\"@type\":\"ListItem\",\"position\":3,\"name\":\"Huile Multioil Bio 50 ml\"}]},{\"@type\":\"WebSite\",\"@id\":\"https:\\\/\\\/www.eeman-tuinmachines.be\\\/fr\\\/#website\",\"url\":\"https:\\\/\\\/www.eeman-tuinmachines.be\\\/fr\\\/\",\"name\":\"Eeman Tuinmachines\",\"description\":\"\",\"potentialAction\":[{\"@type\":\"SearchAction\",\"target\":{\"@type\":\"EntryPoint\",\"urlTemplate\":\"https:\\\/\\\/www.eeman-tuinmachines.be\\\/fr\\\/?s={search_term_string}\"},\"query-input\":{\"@type\":\"PropertyValueSpecification\",\"valueRequired\":true,\"valueName\":\"search_term_string\"}}],\"inLanguage\":\"fr-FR\"}]}<\/script>\n<!-- \/ Yoast SEO plugin. -->","yoast_head_json":{"title":"STIHL Huile Multioil Bio","description":"STIHL Huile Multioil Bio 50 ml Huile STIHL Multioil Bio prot\u00e8ge contre la corrosion et la rouille peut \u00eatre utilis\u00e9e comme lubrifiant 90 biod\u00e9grad...","robots":{"index":"index","follow":"follow","max-snippet":"max-snippet:-1","max-image-preview":"max-image-preview:large","max-video-preview":"max-video-preview:-1"},"canonical":"https:\/\/www.eeman-tuinmachines.be\/fr\/produit\/stihl-huile-multioil-bio-50-ml-fr\/","og_locale":"fr_FR","og_type":"article","og_title":"STIHL Huile Multioil Bio","og_description":"STIHL Huile Multioil Bio 50 ml Huile STIHL Multioil Bio prot\u00e8ge contre la corrosion et la rouille peut \u00eatre utilis\u00e9e comme lubrifiant 90 biod\u00e9grad...","og_url":"https:\/\/www.eeman-tuinmachines.be\/fr\/produit\/stihl-huile-multioil-bio-50-ml-fr\/","og_site_name":"Eeman Tuinmachines","article_modified_time":"2026-04-02T20:57:12+00:00","og_image":[{"width":960,"height":1440,"url":"https:\/\/www.eeman-tuinmachines.be\/wp-content\/uploads\/2026\/02\/13635_BS-MULTIOIL_BIO_50ML-SF-001.webp","type":"image\/webp"}],"twitter_card":"summary_large_image","twitter_title":"STIHL Huile Multioil Bio","twitter_description":"STIHL Huile Multioil Bio 50 ml Huile STIHL Multioil Bio prot\u00e8ge contre la corrosion et la rouille peut \u00eatre utilis\u00e9e comme lubrifiant 90 biod\u00e9grad...","twitter_image":"https:\/\/www.eeman-tuinmachines.be\/wp-content\/uploads\/2026\/02\/13635_BS-MULTIOIL_BIO_50ML-SF-001.webp","schema":{"@context":"https:\/\/schema.org","@graph":[{"@type":"WebPage","@id":"https:\/\/www.eeman-tuinmachines.be\/fr\/produit\/stihl-huile-multioil-bio-50-ml-fr\/","url":"https:\/\/www.eeman-tuinmachines.be\/fr\/produit\/stihl-huile-multioil-bio-50-ml-fr\/","name":"STIHL Huile Multioil Bio","isPartOf":{"@id":"https:\/\/www.eeman-tuinmachines.be\/fr\/#website"},"primaryImageOfPage":{"@id":"https:\/\/www.eeman-tuinmachines.be\/fr\/produit\/stihl-huile-multioil-bio-50-ml-fr\/#primaryimage"},"image":{"@id":"https:\/\/www.eeman-tuinmachines.be\/fr\/produit\/stihl-huile-multioil-bio-50-ml-fr\/#primaryimage"},"thumbnailUrl":"https:\/\/www.eeman-tuinmachines.be\/wp-content\/uploads\/2026\/02\/13635_BS-MULTIOIL_BIO_50ML-SF-001.webp","datePublished":"2025-04-18T06:38:09+00:00","dateModified":"2026-04-02T20:57:12+00:00","description":"STIHL Huile Multioil Bio 50 ml Huile STIHL Multioil Bio prot\u00e8ge contre la corrosion et la rouille peut \u00eatre utilis\u00e9e comme lubrifiant 90 biod\u00e9grad...","breadcrumb":{"@id":"https:\/\/www.eeman-tuinmachines.be\/fr\/produit\/stihl-huile-multioil-bio-50-ml-fr\/#breadcrumb"},"inLanguage":"fr-FR","potentialAction":[{"@type":"ReadAction","target":["https:\/\/www.eeman-tuinmachines.be\/fr\/produit\/stihl-huile-multioil-bio-50-ml-fr\/"]}]},{"@type":"ImageObject","inLanguage":"fr-FR","@id":"https:\/\/www.eeman-tuinmachines.be\/fr\/produit\/stihl-huile-multioil-bio-50-ml-fr\/#primaryimage","url":"https:\/\/www.eeman-tuinmachines.be\/wp-content\/uploads\/2026\/02\/13635_BS-MULTIOIL_BIO_50ML-SF-001.webp","contentUrl":"https:\/\/www.eeman-tuinmachines.be\/wp-content\/uploads\/2026\/02\/13635_BS-MULTIOIL_BIO_50ML-SF-001.webp","width":960,"height":1440},{"@type":"BreadcrumbList","@id":"https:\/\/www.eeman-tuinmachines.be\/fr\/produit\/stihl-huile-multioil-bio-50-ml-fr\/#breadcrumb","itemListElement":[{"@type":"ListItem","position":1,"name":"Home","item":"https:\/\/www.eeman-tuinmachines.be\/fr\/"},{"@type":"ListItem","position":2,"name":"Winkel","item":"https:\/\/www.eeman-tuinmachines.be\/nl\/winkel\/"},{"@type":"ListItem","position":3,"name":"Huile Multioil Bio 50 ml"}]},{"@type":"WebSite","@id":"https:\/\/www.eeman-tuinmachines.be\/fr\/#website","url":"https:\/\/www.eeman-tuinmachines.be\/fr\/","name":"Eeman Tuinmachines","description":"","potentialAction":[{"@type":"SearchAction","target":{"@type":"EntryPoint","urlTemplate":"https:\/\/www.eeman-tuinmachines.be\/fr\/?s={search_term_string}"},"query-input":{"@type":"PropertyValueSpecification","valueRequired":true,"valueName":"search_term_string"}}],"inLanguage":"fr-FR"}]}},"_links":{"self":[{"href":"https:\/\/www.eeman-tuinmachines.be\/fr\/wp-json\/wp\/v2\/product\/11490","targetHints":{"allow":["GET"]}}],"collection":[{"href":"https:\/\/www.eeman-tuinmachines.be\/fr\/wp-json\/wp\/v2\/product"}],"about":[{"href":"https:\/\/www.eeman-tuinmachines.be\/fr\/wp-json\/wp\/v2\/types\/product"}],"wp:featuredmedia":[{"embeddable":true,"href":"https:\/\/www.eeman-tuinmachines.be\/fr\/wp-json\/wp\/v2\/media\/26089"}],"wp:attachment":[{"href":"https:\/\/www.eeman-tuinmachines.be\/fr\/wp-json\/wp\/v2\/media?parent=11490"}],"wp:term":[{"taxonomy":"product_brand","embeddable":true,"href":"https:\/\/www.eeman-tuinmachines.be\/fr\/wp-json\/wp\/v2\/product_brand?post=11490"},{"taxonomy":"product_cat","embeddable":true,"href":"https:\/\/www.eeman-tuinmachines.be\/fr\/wp-json\/wp\/v2\/product_cat?post=11490"},{"taxonomy":"product_tag","embeddable":true,"href":"https:\/\/www.eeman-tuinmachines.be\/fr\/wp-json\/wp\/v2\/product_tag?post=11490"}],"curies":[{"name":"wp","href":"https:\/\/api.w.org\/{rel}","templated":true}]}}