{"id":12138,"date":"2025-04-18T07:06:20","date_gmt":"2025-04-18T07:06:20","guid":{"rendered":"http:\/\/www.eeman-tuinmachines.be\/product\/stihl-fs-94-c-e-couteau-a-herbe-230-2-fr\/"},"modified":"2026-05-02T11:08:38","modified_gmt":"2026-05-02T11:08:38","slug":"stihl-fs-94-c-e-couteau-a-herbe-230-2-fr","status":"publish","type":"product","link":"https:\/\/www.eeman-tuinmachines.be\/fr\/produit\/stihl-fs-94-c-e-couteau-a-herbe-230-2-fr\/","title":{"rendered":"FS 94 C-E, Couteau \u00e0 herbe 230-2"},"content":{"rendered":"","protected":false},"excerpt":{"rendered":"","protected":false},"featured_media":25401,"template":"","meta":{"_acf_changed":false},"product_brand":[],"product_cat":[218,223,217,648],"product_tag":[387,405,386],"class_list":{"0":"post-12138","1":"product","2":"type-product","3":"status-publish","4":"has-post-thumbnail","6":"product_cat-appareils-et-outils-fr","7":"product_cat-coupe-bordures-coupe-herbes-debroussailleuses-fr","8":"product_cat-stihl-fr","9":"product_cat-tous-les-coupe-bordures-coupe-bordures-debroussailleuses","10":"product_tag-stihl","11":"product_tag-syndifie","12":"product_tag-syndified","14":"first","15":"instock","16":"shipping-taxable","17":"purchasable","18":"product-type-simple"},"acf":[],"yoast_head":"<!-- This site is optimized with the Yoast SEO plugin v27.6 - https:\/\/yoast.com\/product\/yoast-seo-wordpress\/ -->\n<title>STIHL FS 94 C-E - D\u00e9broussailleuse thermique<\/title>\n<meta name=\"description\" content=\"STIHL FS 94 C-E, Couteau \u00e0 herbe 230-2 Notre d\u00e9broussailleuse la plus l\u00e9g\u00e8re pour l entretien des paysages Disponible avec double poign\u00e9e ou poig...\" \/>\n<meta name=\"robots\" content=\"index, follow, max-snippet:-1, max-image-preview:large, max-video-preview:-1\" \/>\n<link rel=\"canonical\" href=\"https:\/\/www.eeman-tuinmachines.be\/fr\/produit\/stihl-fs-94-c-e-couteau-a-herbe-230-2-fr\/\" \/>\n<meta property=\"og:locale\" content=\"fr_FR\" \/>\n<meta property=\"og:type\" content=\"article\" \/>\n<meta property=\"og:title\" content=\"STIHL FS 94 C-E - D\u00e9broussailleuse thermique\" \/>\n<meta property=\"og:description\" content=\"STIHL FS 94 C-E, Couteau \u00e0 herbe 230-2 Notre d\u00e9broussailleuse la plus l\u00e9g\u00e8re pour l entretien des paysages Disponible avec double poign\u00e9e ou poig...\" \/>\n<meta property=\"og:url\" content=\"https:\/\/www.eeman-tuinmachines.be\/fr\/produit\/stihl-fs-94-c-e-couteau-a-herbe-230-2-fr\/\" \/>\n<meta property=\"og:site_name\" content=\"Eeman Tuinmachines\" \/>\n<meta property=\"article:modified_time\" content=\"2026-05-02T11:08:38+00:00\" \/>\n<meta property=\"og:image\" content=\"https:\/\/www.eeman-tuinmachines.be\/wp-content\/uploads\/2026\/01\/6035_F-FS94-D002-1.webp\" \/>\n\t<meta property=\"og:image:width\" content=\"960\" \/>\n\t<meta property=\"og:image:height\" content=\"1440\" \/>\n\t<meta property=\"og:image:type\" content=\"image\/webp\" \/>\n<meta name=\"twitter:card\" content=\"summary_large_image\" \/>\n<meta name=\"twitter:title\" content=\"STIHL FS 94 C-E - D\u00e9broussailleuse thermique\" \/>\n<meta name=\"twitter:description\" content=\"STIHL FS 94 C-E, Couteau \u00e0 herbe 230-2 Notre d\u00e9broussailleuse la plus l\u00e9g\u00e8re pour l entretien des paysages Disponible avec double poign\u00e9e ou poig...\" \/>\n<meta name=\"twitter:image\" content=\"https:\/\/www.eeman-tuinmachines.be\/wp-content\/uploads\/2026\/01\/6035_F-FS94-D002-1.webp\" \/>\n<script type=\"application\/ld+json\" class=\"yoast-schema-graph\">{\"@context\":\"https:\\\/\\\/schema.org\",\"@graph\":[{\"@type\":\"WebPage\",\"@id\":\"https:\\\/\\\/www.eeman-tuinmachines.be\\\/fr\\\/produit\\\/stihl-fs-94-c-e-couteau-a-herbe-230-2-fr\\\/\",\"url\":\"https:\\\/\\\/www.eeman-tuinmachines.be\\\/fr\\\/produit\\\/stihl-fs-94-c-e-couteau-a-herbe-230-2-fr\\\/\",\"name\":\"STIHL FS 94 C-E - D\u00e9broussailleuse thermique\",\"isPartOf\":{\"@id\":\"https:\\\/\\\/www.eeman-tuinmachines.be\\\/fr\\\/#website\"},\"primaryImageOfPage\":{\"@id\":\"https:\\\/\\\/www.eeman-tuinmachines.be\\\/fr\\\/produit\\\/stihl-fs-94-c-e-couteau-a-herbe-230-2-fr\\\/#primaryimage\"},\"image\":{\"@id\":\"https:\\\/\\\/www.eeman-tuinmachines.be\\\/fr\\\/produit\\\/stihl-fs-94-c-e-couteau-a-herbe-230-2-fr\\\/#primaryimage\"},\"thumbnailUrl\":\"https:\\\/\\\/www.eeman-tuinmachines.be\\\/wp-content\\\/uploads\\\/2026\\\/01\\\/6035_F-FS94-D002-1.webp\",\"datePublished\":\"2025-04-18T07:06:20+00:00\",\"dateModified\":\"2026-05-02T11:08:38+00:00\",\"description\":\"STIHL FS 94 C-E, Couteau \u00e0 herbe 230-2 Notre d\u00e9broussailleuse la plus l\u00e9g\u00e8re pour l entretien des paysages Disponible avec double poign\u00e9e ou poig...\",\"breadcrumb\":{\"@id\":\"https:\\\/\\\/www.eeman-tuinmachines.be\\\/fr\\\/produit\\\/stihl-fs-94-c-e-couteau-a-herbe-230-2-fr\\\/#breadcrumb\"},\"inLanguage\":\"fr-FR\",\"potentialAction\":[{\"@type\":\"ReadAction\",\"target\":[\"https:\\\/\\\/www.eeman-tuinmachines.be\\\/fr\\\/produit\\\/stihl-fs-94-c-e-couteau-a-herbe-230-2-fr\\\/\"]}]},{\"@type\":\"ImageObject\",\"inLanguage\":\"fr-FR\",\"@id\":\"https:\\\/\\\/www.eeman-tuinmachines.be\\\/fr\\\/produit\\\/stihl-fs-94-c-e-couteau-a-herbe-230-2-fr\\\/#primaryimage\",\"url\":\"https:\\\/\\\/www.eeman-tuinmachines.be\\\/wp-content\\\/uploads\\\/2026\\\/01\\\/6035_F-FS94-D002-1.webp\",\"contentUrl\":\"https:\\\/\\\/www.eeman-tuinmachines.be\\\/wp-content\\\/uploads\\\/2026\\\/01\\\/6035_F-FS94-D002-1.webp\",\"width\":960,\"height\":1440},{\"@type\":\"BreadcrumbList\",\"@id\":\"https:\\\/\\\/www.eeman-tuinmachines.be\\\/fr\\\/produit\\\/stihl-fs-94-c-e-couteau-a-herbe-230-2-fr\\\/#breadcrumb\",\"itemListElement\":[{\"@type\":\"ListItem\",\"position\":1,\"name\":\"Home\",\"item\":\"https:\\\/\\\/www.eeman-tuinmachines.be\\\/fr\\\/\"},{\"@type\":\"ListItem\",\"position\":2,\"name\":\"Winkel\",\"item\":\"https:\\\/\\\/www.eeman-tuinmachines.be\\\/nl\\\/winkel\\\/\"},{\"@type\":\"ListItem\",\"position\":3,\"name\":\"FS 94 C-E, Couteau \u00e0 herbe 230-2\"}]},{\"@type\":\"WebSite\",\"@id\":\"https:\\\/\\\/www.eeman-tuinmachines.be\\\/fr\\\/#website\",\"url\":\"https:\\\/\\\/www.eeman-tuinmachines.be\\\/fr\\\/\",\"name\":\"Eeman Tuinmachines\",\"description\":\"\",\"potentialAction\":[{\"@type\":\"SearchAction\",\"target\":{\"@type\":\"EntryPoint\",\"urlTemplate\":\"https:\\\/\\\/www.eeman-tuinmachines.be\\\/fr\\\/?s={search_term_string}\"},\"query-input\":{\"@type\":\"PropertyValueSpecification\",\"valueRequired\":true,\"valueName\":\"search_term_string\"}}],\"inLanguage\":\"fr-FR\"}]}<\/script>\n<!-- \/ Yoast SEO plugin. -->","yoast_head_json":{"title":"STIHL FS 94 C-E - D\u00e9broussailleuse thermique","description":"STIHL FS 94 C-E, Couteau \u00e0 herbe 230-2 Notre d\u00e9broussailleuse la plus l\u00e9g\u00e8re pour l entretien des paysages Disponible avec double poign\u00e9e ou poig...","robots":{"index":"index","follow":"follow","max-snippet":"max-snippet:-1","max-image-preview":"max-image-preview:large","max-video-preview":"max-video-preview:-1"},"canonical":"https:\/\/www.eeman-tuinmachines.be\/fr\/produit\/stihl-fs-94-c-e-couteau-a-herbe-230-2-fr\/","og_locale":"fr_FR","og_type":"article","og_title":"STIHL FS 94 C-E - D\u00e9broussailleuse thermique","og_description":"STIHL FS 94 C-E, Couteau \u00e0 herbe 230-2 Notre d\u00e9broussailleuse la plus l\u00e9g\u00e8re pour l entretien des paysages Disponible avec double poign\u00e9e ou poig...","og_url":"https:\/\/www.eeman-tuinmachines.be\/fr\/produit\/stihl-fs-94-c-e-couteau-a-herbe-230-2-fr\/","og_site_name":"Eeman Tuinmachines","article_modified_time":"2026-05-02T11:08:38+00:00","og_image":[{"width":960,"height":1440,"url":"https:\/\/www.eeman-tuinmachines.be\/wp-content\/uploads\/2026\/01\/6035_F-FS94-D002-1.webp","type":"image\/webp"}],"twitter_card":"summary_large_image","twitter_title":"STIHL FS 94 C-E - D\u00e9broussailleuse thermique","twitter_description":"STIHL FS 94 C-E, Couteau \u00e0 herbe 230-2 Notre d\u00e9broussailleuse la plus l\u00e9g\u00e8re pour l entretien des paysages Disponible avec double poign\u00e9e ou poig...","twitter_image":"https:\/\/www.eeman-tuinmachines.be\/wp-content\/uploads\/2026\/01\/6035_F-FS94-D002-1.webp","schema":{"@context":"https:\/\/schema.org","@graph":[{"@type":"WebPage","@id":"https:\/\/www.eeman-tuinmachines.be\/fr\/produit\/stihl-fs-94-c-e-couteau-a-herbe-230-2-fr\/","url":"https:\/\/www.eeman-tuinmachines.be\/fr\/produit\/stihl-fs-94-c-e-couteau-a-herbe-230-2-fr\/","name":"STIHL FS 94 C-E - D\u00e9broussailleuse thermique","isPartOf":{"@id":"https:\/\/www.eeman-tuinmachines.be\/fr\/#website"},"primaryImageOfPage":{"@id":"https:\/\/www.eeman-tuinmachines.be\/fr\/produit\/stihl-fs-94-c-e-couteau-a-herbe-230-2-fr\/#primaryimage"},"image":{"@id":"https:\/\/www.eeman-tuinmachines.be\/fr\/produit\/stihl-fs-94-c-e-couteau-a-herbe-230-2-fr\/#primaryimage"},"thumbnailUrl":"https:\/\/www.eeman-tuinmachines.be\/wp-content\/uploads\/2026\/01\/6035_F-FS94-D002-1.webp","datePublished":"2025-04-18T07:06:20+00:00","dateModified":"2026-05-02T11:08:38+00:00","description":"STIHL FS 94 C-E, Couteau \u00e0 herbe 230-2 Notre d\u00e9broussailleuse la plus l\u00e9g\u00e8re pour l entretien des paysages Disponible avec double poign\u00e9e ou poig...","breadcrumb":{"@id":"https:\/\/www.eeman-tuinmachines.be\/fr\/produit\/stihl-fs-94-c-e-couteau-a-herbe-230-2-fr\/#breadcrumb"},"inLanguage":"fr-FR","potentialAction":[{"@type":"ReadAction","target":["https:\/\/www.eeman-tuinmachines.be\/fr\/produit\/stihl-fs-94-c-e-couteau-a-herbe-230-2-fr\/"]}]},{"@type":"ImageObject","inLanguage":"fr-FR","@id":"https:\/\/www.eeman-tuinmachines.be\/fr\/produit\/stihl-fs-94-c-e-couteau-a-herbe-230-2-fr\/#primaryimage","url":"https:\/\/www.eeman-tuinmachines.be\/wp-content\/uploads\/2026\/01\/6035_F-FS94-D002-1.webp","contentUrl":"https:\/\/www.eeman-tuinmachines.be\/wp-content\/uploads\/2026\/01\/6035_F-FS94-D002-1.webp","width":960,"height":1440},{"@type":"BreadcrumbList","@id":"https:\/\/www.eeman-tuinmachines.be\/fr\/produit\/stihl-fs-94-c-e-couteau-a-herbe-230-2-fr\/#breadcrumb","itemListElement":[{"@type":"ListItem","position":1,"name":"Home","item":"https:\/\/www.eeman-tuinmachines.be\/fr\/"},{"@type":"ListItem","position":2,"name":"Winkel","item":"https:\/\/www.eeman-tuinmachines.be\/nl\/winkel\/"},{"@type":"ListItem","position":3,"name":"FS 94 C-E, Couteau \u00e0 herbe 230-2"}]},{"@type":"WebSite","@id":"https:\/\/www.eeman-tuinmachines.be\/fr\/#website","url":"https:\/\/www.eeman-tuinmachines.be\/fr\/","name":"Eeman Tuinmachines","description":"","potentialAction":[{"@type":"SearchAction","target":{"@type":"EntryPoint","urlTemplate":"https:\/\/www.eeman-tuinmachines.be\/fr\/?s={search_term_string}"},"query-input":{"@type":"PropertyValueSpecification","valueRequired":true,"valueName":"search_term_string"}}],"inLanguage":"fr-FR"}]}},"_links":{"self":[{"href":"https:\/\/www.eeman-tuinmachines.be\/fr\/wp-json\/wp\/v2\/product\/12138","targetHints":{"allow":["GET"]}}],"collection":[{"href":"https:\/\/www.eeman-tuinmachines.be\/fr\/wp-json\/wp\/v2\/product"}],"about":[{"href":"https:\/\/www.eeman-tuinmachines.be\/fr\/wp-json\/wp\/v2\/types\/product"}],"wp:featuredmedia":[{"embeddable":true,"href":"https:\/\/www.eeman-tuinmachines.be\/fr\/wp-json\/wp\/v2\/media\/25401"}],"wp:attachment":[{"href":"https:\/\/www.eeman-tuinmachines.be\/fr\/wp-json\/wp\/v2\/media?parent=12138"}],"wp:term":[{"taxonomy":"product_brand","embeddable":true,"href":"https:\/\/www.eeman-tuinmachines.be\/fr\/wp-json\/wp\/v2\/product_brand?post=12138"},{"taxonomy":"product_cat","embeddable":true,"href":"https:\/\/www.eeman-tuinmachines.be\/fr\/wp-json\/wp\/v2\/product_cat?post=12138"},{"taxonomy":"product_tag","embeddable":true,"href":"https:\/\/www.eeman-tuinmachines.be\/fr\/wp-json\/wp\/v2\/product_tag?post=12138"}],"curies":[{"name":"wp","href":"https:\/\/api.w.org\/{rel}","templated":true}]}}