{"id":17269,"date":"2025-11-27T05:28:19","date_gmt":"2025-11-27T05:28:19","guid":{"rendered":"http:\/\/www.eeman-tuinmachines.be\/product\/stihl-rga-140\/"},"modified":"2026-04-03T16:08:05","modified_gmt":"2026-04-03T16:08:05","slug":"stihl-rga-140","status":"publish","type":"product","link":"https:\/\/www.eeman-tuinmachines.be\/fr\/produit\/stihl-rga-140\/","title":{"rendered":"RGA 140"},"content":{"rendered":"","protected":false},"excerpt":{"rendered":"","protected":false},"featured_media":17270,"template":"","meta":{"_acf_changed":false},"product_brand":[],"product_cat":[218,223,217],"product_tag":[387,405,386],"class_list":{"0":"post-17269","1":"product","2":"type-product","3":"status-publish","4":"has-post-thumbnail","6":"product_cat-appareils-et-outils-fr","7":"product_cat-coupe-bordures-coupe-herbes-debroussailleuses-fr","8":"product_cat-stihl-fr","9":"product_tag-stihl","10":"product_tag-syndifie","11":"product_tag-syndified","13":"first","14":"instock","15":"shipping-taxable","16":"purchasable","17":"product-type-simple"},"acf":[],"yoast_head":"<!-- This site is optimized with the Yoast SEO plugin v27.3 - https:\/\/yoast.com\/product\/yoast-seo-wordpress\/ -->\n<title>STIHL R\u00e9ciprocateur sur batterie RGA 140<\/title>\n<meta name=\"description\" content=\"STIHL RGA 140 R\u00e9ciprocateur sur batterie STIHL RGA 140 pour l \u00e9limination des mauvaises herbes l\u00e9ger moteur EC performant silencieux En savoir plus...\" \/>\n<meta name=\"robots\" content=\"index, follow, max-snippet:-1, max-image-preview:large, max-video-preview:-1\" \/>\n<link rel=\"canonical\" href=\"https:\/\/www.eeman-tuinmachines.be\/fr\/produit\/stihl-rga-140\/\" \/>\n<meta property=\"og:locale\" content=\"fr_FR\" \/>\n<meta property=\"og:type\" content=\"article\" \/>\n<meta property=\"og:title\" content=\"STIHL R\u00e9ciprocateur sur batterie RGA 140\" \/>\n<meta property=\"og:description\" content=\"STIHL RGA 140 R\u00e9ciprocateur sur batterie STIHL RGA 140 pour l \u00e9limination des mauvaises herbes l\u00e9ger moteur EC performant silencieux En savoir plus...\" \/>\n<meta property=\"og:url\" content=\"https:\/\/www.eeman-tuinmachines.be\/fr\/produit\/stihl-rga-140\/\" \/>\n<meta property=\"og:site_name\" content=\"Eeman Tuinmachines\" \/>\n<meta property=\"article:modified_time\" content=\"2026-04-03T16:08:05+00:00\" \/>\n<meta property=\"og:image\" content=\"https:\/\/www.eeman-tuinmachines.be\/wp-content\/uploads\/2025\/11\/50550_RG-RGA140-SP-001-1.webp\" \/>\n\t<meta property=\"og:image:width\" content=\"960\" \/>\n\t<meta property=\"og:image:height\" content=\"1440\" \/>\n\t<meta property=\"og:image:type\" content=\"image\/webp\" \/>\n<meta name=\"twitter:card\" content=\"summary_large_image\" \/>\n<meta name=\"twitter:title\" content=\"STIHL R\u00e9ciprocateur sur batterie RGA 140\" \/>\n<meta name=\"twitter:description\" content=\"STIHL RGA 140 R\u00e9ciprocateur sur batterie STIHL RGA 140 pour l \u00e9limination des mauvaises herbes l\u00e9ger moteur EC performant silencieux En savoir plus...\" \/>\n<meta name=\"twitter:image\" content=\"https:\/\/www.eeman-tuinmachines.be\/wp-content\/uploads\/2025\/11\/50550_RG-RGA140-SP-001-1.webp\" \/>\n<script type=\"application\/ld+json\" class=\"yoast-schema-graph\">{\"@context\":\"https:\\\/\\\/schema.org\",\"@graph\":[{\"@type\":\"WebPage\",\"@id\":\"https:\\\/\\\/www.eeman-tuinmachines.be\\\/fr\\\/produit\\\/stihl-rga-140\\\/\",\"url\":\"https:\\\/\\\/www.eeman-tuinmachines.be\\\/fr\\\/produit\\\/stihl-rga-140\\\/\",\"name\":\"STIHL R\u00e9ciprocateur sur batterie RGA 140\",\"isPartOf\":{\"@id\":\"https:\\\/\\\/www.eeman-tuinmachines.be\\\/fr\\\/#website\"},\"primaryImageOfPage\":{\"@id\":\"https:\\\/\\\/www.eeman-tuinmachines.be\\\/fr\\\/produit\\\/stihl-rga-140\\\/#primaryimage\"},\"image\":{\"@id\":\"https:\\\/\\\/www.eeman-tuinmachines.be\\\/fr\\\/produit\\\/stihl-rga-140\\\/#primaryimage\"},\"thumbnailUrl\":\"https:\\\/\\\/www.eeman-tuinmachines.be\\\/wp-content\\\/uploads\\\/2025\\\/11\\\/50550_RG-RGA140-SP-001-1.webp\",\"datePublished\":\"2025-11-27T05:28:19+00:00\",\"dateModified\":\"2026-04-03T16:08:05+00:00\",\"description\":\"STIHL RGA 140 R\u00e9ciprocateur sur batterie STIHL RGA 140 pour l \u00e9limination des mauvaises herbes l\u00e9ger moteur EC performant silencieux En savoir plus...\",\"breadcrumb\":{\"@id\":\"https:\\\/\\\/www.eeman-tuinmachines.be\\\/fr\\\/produit\\\/stihl-rga-140\\\/#breadcrumb\"},\"inLanguage\":\"fr-FR\",\"potentialAction\":[{\"@type\":\"ReadAction\",\"target\":[\"https:\\\/\\\/www.eeman-tuinmachines.be\\\/fr\\\/produit\\\/stihl-rga-140\\\/\"]}]},{\"@type\":\"ImageObject\",\"inLanguage\":\"fr-FR\",\"@id\":\"https:\\\/\\\/www.eeman-tuinmachines.be\\\/fr\\\/produit\\\/stihl-rga-140\\\/#primaryimage\",\"url\":\"https:\\\/\\\/www.eeman-tuinmachines.be\\\/wp-content\\\/uploads\\\/2025\\\/11\\\/50550_RG-RGA140-SP-001-1.webp\",\"contentUrl\":\"https:\\\/\\\/www.eeman-tuinmachines.be\\\/wp-content\\\/uploads\\\/2025\\\/11\\\/50550_RG-RGA140-SP-001-1.webp\",\"width\":960,\"height\":1440},{\"@type\":\"BreadcrumbList\",\"@id\":\"https:\\\/\\\/www.eeman-tuinmachines.be\\\/fr\\\/produit\\\/stihl-rga-140\\\/#breadcrumb\",\"itemListElement\":[{\"@type\":\"ListItem\",\"position\":1,\"name\":\"Home\",\"item\":\"https:\\\/\\\/www.eeman-tuinmachines.be\\\/fr\\\/\"},{\"@type\":\"ListItem\",\"position\":2,\"name\":\"Winkel\",\"item\":\"https:\\\/\\\/www.eeman-tuinmachines.be\\\/nl\\\/winkel\\\/\"},{\"@type\":\"ListItem\",\"position\":3,\"name\":\"RGA 140\"}]},{\"@type\":\"WebSite\",\"@id\":\"https:\\\/\\\/www.eeman-tuinmachines.be\\\/fr\\\/#website\",\"url\":\"https:\\\/\\\/www.eeman-tuinmachines.be\\\/fr\\\/\",\"name\":\"Eeman Tuinmachines\",\"description\":\"\",\"potentialAction\":[{\"@type\":\"SearchAction\",\"target\":{\"@type\":\"EntryPoint\",\"urlTemplate\":\"https:\\\/\\\/www.eeman-tuinmachines.be\\\/fr\\\/?s={search_term_string}\"},\"query-input\":{\"@type\":\"PropertyValueSpecification\",\"valueRequired\":true,\"valueName\":\"search_term_string\"}}],\"inLanguage\":\"fr-FR\"}]}<\/script>\n<!-- \/ Yoast SEO plugin. -->","yoast_head_json":{"title":"STIHL R\u00e9ciprocateur sur batterie RGA 140","description":"STIHL RGA 140 R\u00e9ciprocateur sur batterie STIHL RGA 140 pour l \u00e9limination des mauvaises herbes l\u00e9ger moteur EC performant silencieux En savoir plus...","robots":{"index":"index","follow":"follow","max-snippet":"max-snippet:-1","max-image-preview":"max-image-preview:large","max-video-preview":"max-video-preview:-1"},"canonical":"https:\/\/www.eeman-tuinmachines.be\/fr\/produit\/stihl-rga-140\/","og_locale":"fr_FR","og_type":"article","og_title":"STIHL R\u00e9ciprocateur sur batterie RGA 140","og_description":"STIHL RGA 140 R\u00e9ciprocateur sur batterie STIHL RGA 140 pour l \u00e9limination des mauvaises herbes l\u00e9ger moteur EC performant silencieux En savoir plus...","og_url":"https:\/\/www.eeman-tuinmachines.be\/fr\/produit\/stihl-rga-140\/","og_site_name":"Eeman Tuinmachines","article_modified_time":"2026-04-03T16:08:05+00:00","og_image":[{"width":960,"height":1440,"url":"https:\/\/www.eeman-tuinmachines.be\/wp-content\/uploads\/2025\/11\/50550_RG-RGA140-SP-001-1.webp","type":"image\/webp"}],"twitter_card":"summary_large_image","twitter_title":"STIHL R\u00e9ciprocateur sur batterie RGA 140","twitter_description":"STIHL RGA 140 R\u00e9ciprocateur sur batterie STIHL RGA 140 pour l \u00e9limination des mauvaises herbes l\u00e9ger moteur EC performant silencieux En savoir plus...","twitter_image":"https:\/\/www.eeman-tuinmachines.be\/wp-content\/uploads\/2025\/11\/50550_RG-RGA140-SP-001-1.webp","schema":{"@context":"https:\/\/schema.org","@graph":[{"@type":"WebPage","@id":"https:\/\/www.eeman-tuinmachines.be\/fr\/produit\/stihl-rga-140\/","url":"https:\/\/www.eeman-tuinmachines.be\/fr\/produit\/stihl-rga-140\/","name":"STIHL R\u00e9ciprocateur sur batterie RGA 140","isPartOf":{"@id":"https:\/\/www.eeman-tuinmachines.be\/fr\/#website"},"primaryImageOfPage":{"@id":"https:\/\/www.eeman-tuinmachines.be\/fr\/produit\/stihl-rga-140\/#primaryimage"},"image":{"@id":"https:\/\/www.eeman-tuinmachines.be\/fr\/produit\/stihl-rga-140\/#primaryimage"},"thumbnailUrl":"https:\/\/www.eeman-tuinmachines.be\/wp-content\/uploads\/2025\/11\/50550_RG-RGA140-SP-001-1.webp","datePublished":"2025-11-27T05:28:19+00:00","dateModified":"2026-04-03T16:08:05+00:00","description":"STIHL RGA 140 R\u00e9ciprocateur sur batterie STIHL RGA 140 pour l \u00e9limination des mauvaises herbes l\u00e9ger moteur EC performant silencieux En savoir plus...","breadcrumb":{"@id":"https:\/\/www.eeman-tuinmachines.be\/fr\/produit\/stihl-rga-140\/#breadcrumb"},"inLanguage":"fr-FR","potentialAction":[{"@type":"ReadAction","target":["https:\/\/www.eeman-tuinmachines.be\/fr\/produit\/stihl-rga-140\/"]}]},{"@type":"ImageObject","inLanguage":"fr-FR","@id":"https:\/\/www.eeman-tuinmachines.be\/fr\/produit\/stihl-rga-140\/#primaryimage","url":"https:\/\/www.eeman-tuinmachines.be\/wp-content\/uploads\/2025\/11\/50550_RG-RGA140-SP-001-1.webp","contentUrl":"https:\/\/www.eeman-tuinmachines.be\/wp-content\/uploads\/2025\/11\/50550_RG-RGA140-SP-001-1.webp","width":960,"height":1440},{"@type":"BreadcrumbList","@id":"https:\/\/www.eeman-tuinmachines.be\/fr\/produit\/stihl-rga-140\/#breadcrumb","itemListElement":[{"@type":"ListItem","position":1,"name":"Home","item":"https:\/\/www.eeman-tuinmachines.be\/fr\/"},{"@type":"ListItem","position":2,"name":"Winkel","item":"https:\/\/www.eeman-tuinmachines.be\/nl\/winkel\/"},{"@type":"ListItem","position":3,"name":"RGA 140"}]},{"@type":"WebSite","@id":"https:\/\/www.eeman-tuinmachines.be\/fr\/#website","url":"https:\/\/www.eeman-tuinmachines.be\/fr\/","name":"Eeman Tuinmachines","description":"","potentialAction":[{"@type":"SearchAction","target":{"@type":"EntryPoint","urlTemplate":"https:\/\/www.eeman-tuinmachines.be\/fr\/?s={search_term_string}"},"query-input":{"@type":"PropertyValueSpecification","valueRequired":true,"valueName":"search_term_string"}}],"inLanguage":"fr-FR"}]}},"_links":{"self":[{"href":"https:\/\/www.eeman-tuinmachines.be\/fr\/wp-json\/wp\/v2\/product\/17269","targetHints":{"allow":["GET"]}}],"collection":[{"href":"https:\/\/www.eeman-tuinmachines.be\/fr\/wp-json\/wp\/v2\/product"}],"about":[{"href":"https:\/\/www.eeman-tuinmachines.be\/fr\/wp-json\/wp\/v2\/types\/product"}],"wp:featuredmedia":[{"embeddable":true,"href":"https:\/\/www.eeman-tuinmachines.be\/fr\/wp-json\/wp\/v2\/media\/17270"}],"wp:attachment":[{"href":"https:\/\/www.eeman-tuinmachines.be\/fr\/wp-json\/wp\/v2\/media?parent=17269"}],"wp:term":[{"taxonomy":"product_brand","embeddable":true,"href":"https:\/\/www.eeman-tuinmachines.be\/fr\/wp-json\/wp\/v2\/product_brand?post=17269"},{"taxonomy":"product_cat","embeddable":true,"href":"https:\/\/www.eeman-tuinmachines.be\/fr\/wp-json\/wp\/v2\/product_cat?post=17269"},{"taxonomy":"product_tag","embeddable":true,"href":"https:\/\/www.eeman-tuinmachines.be\/fr\/wp-json\/wp\/v2\/product_tag?post=17269"}],"curies":[{"name":"wp","href":"https:\/\/api.w.org\/{rel}","templated":true}]}}