{"id":22696,"date":"2025-07-13T14:10:42","date_gmt":"2025-07-13T14:10:42","guid":{"rendered":"http:\/\/www.eeman-tuinmachines.be\/product\/iseki-sxe224he125-rd-fr\/"},"modified":"2026-04-09T02:17:19","modified_gmt":"2026-04-09T02:17:19","slug":"iseki-sxe224he125-rd-fr","status":"publish","type":"product","link":"https:\/\/www.eeman-tuinmachines.be\/fr\/produit\/iseki-sxe224he125-rd-fr\/","title":{"rendered":"SXE224HE125 RD"},"content":{"rendered":"","protected":false},"excerpt":{"rendered":"","protected":false},"featured_media":13831,"template":"","meta":{"_acf_changed":false},"product_brand":[],"product_cat":[424,437],"product_tag":[441,405,386],"class_list":{"0":"post-22696","1":"product","2":"type-product","3":"status-publish","4":"has-post-thumbnail","6":"product_cat-iseki-fr","7":"product_cat-iseki-tondeuses-autoportees-avec-ramassage-fr","8":"product_tag-iseki","9":"product_tag-syndifie","10":"product_tag-syndified","12":"first","13":"instock","14":"shipping-taxable","15":"purchasable","16":"product-type-simple"},"acf":[],"yoast_head":"<!-- This site is optimized with the Yoast SEO plugin v27.4 - https:\/\/yoast.com\/product\/yoast-seo-wordpress\/ -->\n<title>Iseki SXE224HE125 RD<\/title>\n<meta name=\"description\" content=\"Iseki SXE224HE125 RD Tondeuses autoport\u00e9es \u00e0 essence Iseki ne cherchez plus. Avec la s\u00e9rie SXE, Iseki compl\u00e8te sa gamme de tondeuses \u00e0 gazon. Nou...\" \/>\n<meta name=\"robots\" content=\"index, follow, max-snippet:-1, max-image-preview:large, max-video-preview:-1\" \/>\n<link rel=\"canonical\" href=\"https:\/\/www.eeman-tuinmachines.be\/fr\/produit\/iseki-sxe224he125-rd-fr\/\" \/>\n<meta property=\"og:locale\" content=\"fr_FR\" \/>\n<meta property=\"og:type\" content=\"article\" \/>\n<meta property=\"og:title\" content=\"Iseki SXE224HE125 RD\" \/>\n<meta property=\"og:description\" content=\"Iseki SXE224HE125 RD Tondeuses autoport\u00e9es \u00e0 essence Iseki ne cherchez plus. Avec la s\u00e9rie SXE, Iseki compl\u00e8te sa gamme de tondeuses \u00e0 gazon. Nou...\" \/>\n<meta property=\"og:url\" content=\"https:\/\/www.eeman-tuinmachines.be\/fr\/produit\/iseki-sxe224he125-rd-fr\/\" \/>\n<meta property=\"og:site_name\" content=\"Eeman Tuinmachines\" \/>\n<meta property=\"article:modified_time\" content=\"2026-04-09T02:17:19+00:00\" \/>\n<meta property=\"og:image\" content=\"https:\/\/www.eeman-tuinmachines.be\/wp-content\/uploads\/2025\/10\/SXE224HE125-RD1-1.png\" \/>\n\t<meta property=\"og:image:width\" content=\"720\" \/>\n\t<meta property=\"og:image:height\" content=\"557\" \/>\n\t<meta property=\"og:image:type\" content=\"image\/png\" \/>\n<meta name=\"twitter:card\" content=\"summary_large_image\" \/>\n<meta name=\"twitter:title\" content=\"Iseki SXE224HE125 RD\" \/>\n<meta name=\"twitter:description\" content=\"Iseki SXE224HE125 RD Tondeuses autoport\u00e9es \u00e0 essence Iseki ne cherchez plus. Avec la s\u00e9rie SXE, Iseki compl\u00e8te sa gamme de tondeuses \u00e0 gazon. Nou...\" \/>\n<meta name=\"twitter:image\" content=\"https:\/\/www.eeman-tuinmachines.be\/wp-content\/uploads\/2025\/10\/SXE224HE125-RD1-1.png\" \/>\n<script type=\"application\/ld+json\" class=\"yoast-schema-graph\">{\"@context\":\"https:\\\/\\\/schema.org\",\"@graph\":[{\"@type\":\"WebPage\",\"@id\":\"https:\\\/\\\/www.eeman-tuinmachines.be\\\/fr\\\/produit\\\/iseki-sxe224he125-rd-fr\\\/\",\"url\":\"https:\\\/\\\/www.eeman-tuinmachines.be\\\/fr\\\/produit\\\/iseki-sxe224he125-rd-fr\\\/\",\"name\":\"Iseki SXE224HE125 RD\",\"isPartOf\":{\"@id\":\"https:\\\/\\\/www.eeman-tuinmachines.be\\\/fr\\\/#website\"},\"primaryImageOfPage\":{\"@id\":\"https:\\\/\\\/www.eeman-tuinmachines.be\\\/fr\\\/produit\\\/iseki-sxe224he125-rd-fr\\\/#primaryimage\"},\"image\":{\"@id\":\"https:\\\/\\\/www.eeman-tuinmachines.be\\\/fr\\\/produit\\\/iseki-sxe224he125-rd-fr\\\/#primaryimage\"},\"thumbnailUrl\":\"https:\\\/\\\/www.eeman-tuinmachines.be\\\/wp-content\\\/uploads\\\/2025\\\/10\\\/SXE224HE125-RD1-1.png\",\"datePublished\":\"2025-07-13T14:10:42+00:00\",\"dateModified\":\"2026-04-09T02:17:19+00:00\",\"description\":\"Iseki SXE224HE125 RD Tondeuses autoport\u00e9es \u00e0 essence Iseki ne cherchez plus. Avec la s\u00e9rie SXE, Iseki compl\u00e8te sa gamme de tondeuses \u00e0 gazon. Nou...\",\"breadcrumb\":{\"@id\":\"https:\\\/\\\/www.eeman-tuinmachines.be\\\/fr\\\/produit\\\/iseki-sxe224he125-rd-fr\\\/#breadcrumb\"},\"inLanguage\":\"fr-FR\",\"potentialAction\":[{\"@type\":\"ReadAction\",\"target\":[\"https:\\\/\\\/www.eeman-tuinmachines.be\\\/fr\\\/produit\\\/iseki-sxe224he125-rd-fr\\\/\"]}]},{\"@type\":\"ImageObject\",\"inLanguage\":\"fr-FR\",\"@id\":\"https:\\\/\\\/www.eeman-tuinmachines.be\\\/fr\\\/produit\\\/iseki-sxe224he125-rd-fr\\\/#primaryimage\",\"url\":\"https:\\\/\\\/www.eeman-tuinmachines.be\\\/wp-content\\\/uploads\\\/2025\\\/10\\\/SXE224HE125-RD1-1.png\",\"contentUrl\":\"https:\\\/\\\/www.eeman-tuinmachines.be\\\/wp-content\\\/uploads\\\/2025\\\/10\\\/SXE224HE125-RD1-1.png\",\"width\":720,\"height\":557},{\"@type\":\"BreadcrumbList\",\"@id\":\"https:\\\/\\\/www.eeman-tuinmachines.be\\\/fr\\\/produit\\\/iseki-sxe224he125-rd-fr\\\/#breadcrumb\",\"itemListElement\":[{\"@type\":\"ListItem\",\"position\":1,\"name\":\"Home\",\"item\":\"https:\\\/\\\/www.eeman-tuinmachines.be\\\/fr\\\/\"},{\"@type\":\"ListItem\",\"position\":2,\"name\":\"Winkel\",\"item\":\"https:\\\/\\\/www.eeman-tuinmachines.be\\\/nl\\\/winkel\\\/\"},{\"@type\":\"ListItem\",\"position\":3,\"name\":\"SXE224HE125 RD\"}]},{\"@type\":\"WebSite\",\"@id\":\"https:\\\/\\\/www.eeman-tuinmachines.be\\\/fr\\\/#website\",\"url\":\"https:\\\/\\\/www.eeman-tuinmachines.be\\\/fr\\\/\",\"name\":\"Eeman Tuinmachines\",\"description\":\"\",\"potentialAction\":[{\"@type\":\"SearchAction\",\"target\":{\"@type\":\"EntryPoint\",\"urlTemplate\":\"https:\\\/\\\/www.eeman-tuinmachines.be\\\/fr\\\/?s={search_term_string}\"},\"query-input\":{\"@type\":\"PropertyValueSpecification\",\"valueRequired\":true,\"valueName\":\"search_term_string\"}}],\"inLanguage\":\"fr-FR\"}]}<\/script>\n<!-- \/ Yoast SEO plugin. -->","yoast_head_json":{"title":"Iseki SXE224HE125 RD","description":"Iseki SXE224HE125 RD Tondeuses autoport\u00e9es \u00e0 essence Iseki ne cherchez plus. Avec la s\u00e9rie SXE, Iseki compl\u00e8te sa gamme de tondeuses \u00e0 gazon. Nou...","robots":{"index":"index","follow":"follow","max-snippet":"max-snippet:-1","max-image-preview":"max-image-preview:large","max-video-preview":"max-video-preview:-1"},"canonical":"https:\/\/www.eeman-tuinmachines.be\/fr\/produit\/iseki-sxe224he125-rd-fr\/","og_locale":"fr_FR","og_type":"article","og_title":"Iseki SXE224HE125 RD","og_description":"Iseki SXE224HE125 RD Tondeuses autoport\u00e9es \u00e0 essence Iseki ne cherchez plus. Avec la s\u00e9rie SXE, Iseki compl\u00e8te sa gamme de tondeuses \u00e0 gazon. Nou...","og_url":"https:\/\/www.eeman-tuinmachines.be\/fr\/produit\/iseki-sxe224he125-rd-fr\/","og_site_name":"Eeman Tuinmachines","article_modified_time":"2026-04-09T02:17:19+00:00","og_image":[{"width":720,"height":557,"url":"https:\/\/www.eeman-tuinmachines.be\/wp-content\/uploads\/2025\/10\/SXE224HE125-RD1-1.png","type":"image\/png"}],"twitter_card":"summary_large_image","twitter_title":"Iseki SXE224HE125 RD","twitter_description":"Iseki SXE224HE125 RD Tondeuses autoport\u00e9es \u00e0 essence Iseki ne cherchez plus. Avec la s\u00e9rie SXE, Iseki compl\u00e8te sa gamme de tondeuses \u00e0 gazon. Nou...","twitter_image":"https:\/\/www.eeman-tuinmachines.be\/wp-content\/uploads\/2025\/10\/SXE224HE125-RD1-1.png","schema":{"@context":"https:\/\/schema.org","@graph":[{"@type":"WebPage","@id":"https:\/\/www.eeman-tuinmachines.be\/fr\/produit\/iseki-sxe224he125-rd-fr\/","url":"https:\/\/www.eeman-tuinmachines.be\/fr\/produit\/iseki-sxe224he125-rd-fr\/","name":"Iseki SXE224HE125 RD","isPartOf":{"@id":"https:\/\/www.eeman-tuinmachines.be\/fr\/#website"},"primaryImageOfPage":{"@id":"https:\/\/www.eeman-tuinmachines.be\/fr\/produit\/iseki-sxe224he125-rd-fr\/#primaryimage"},"image":{"@id":"https:\/\/www.eeman-tuinmachines.be\/fr\/produit\/iseki-sxe224he125-rd-fr\/#primaryimage"},"thumbnailUrl":"https:\/\/www.eeman-tuinmachines.be\/wp-content\/uploads\/2025\/10\/SXE224HE125-RD1-1.png","datePublished":"2025-07-13T14:10:42+00:00","dateModified":"2026-04-09T02:17:19+00:00","description":"Iseki SXE224HE125 RD Tondeuses autoport\u00e9es \u00e0 essence Iseki ne cherchez plus. Avec la s\u00e9rie SXE, Iseki compl\u00e8te sa gamme de tondeuses \u00e0 gazon. Nou...","breadcrumb":{"@id":"https:\/\/www.eeman-tuinmachines.be\/fr\/produit\/iseki-sxe224he125-rd-fr\/#breadcrumb"},"inLanguage":"fr-FR","potentialAction":[{"@type":"ReadAction","target":["https:\/\/www.eeman-tuinmachines.be\/fr\/produit\/iseki-sxe224he125-rd-fr\/"]}]},{"@type":"ImageObject","inLanguage":"fr-FR","@id":"https:\/\/www.eeman-tuinmachines.be\/fr\/produit\/iseki-sxe224he125-rd-fr\/#primaryimage","url":"https:\/\/www.eeman-tuinmachines.be\/wp-content\/uploads\/2025\/10\/SXE224HE125-RD1-1.png","contentUrl":"https:\/\/www.eeman-tuinmachines.be\/wp-content\/uploads\/2025\/10\/SXE224HE125-RD1-1.png","width":720,"height":557},{"@type":"BreadcrumbList","@id":"https:\/\/www.eeman-tuinmachines.be\/fr\/produit\/iseki-sxe224he125-rd-fr\/#breadcrumb","itemListElement":[{"@type":"ListItem","position":1,"name":"Home","item":"https:\/\/www.eeman-tuinmachines.be\/fr\/"},{"@type":"ListItem","position":2,"name":"Winkel","item":"https:\/\/www.eeman-tuinmachines.be\/nl\/winkel\/"},{"@type":"ListItem","position":3,"name":"SXE224HE125 RD"}]},{"@type":"WebSite","@id":"https:\/\/www.eeman-tuinmachines.be\/fr\/#website","url":"https:\/\/www.eeman-tuinmachines.be\/fr\/","name":"Eeman Tuinmachines","description":"","potentialAction":[{"@type":"SearchAction","target":{"@type":"EntryPoint","urlTemplate":"https:\/\/www.eeman-tuinmachines.be\/fr\/?s={search_term_string}"},"query-input":{"@type":"PropertyValueSpecification","valueRequired":true,"valueName":"search_term_string"}}],"inLanguage":"fr-FR"}]}},"_links":{"self":[{"href":"https:\/\/www.eeman-tuinmachines.be\/fr\/wp-json\/wp\/v2\/product\/22696","targetHints":{"allow":["GET"]}}],"collection":[{"href":"https:\/\/www.eeman-tuinmachines.be\/fr\/wp-json\/wp\/v2\/product"}],"about":[{"href":"https:\/\/www.eeman-tuinmachines.be\/fr\/wp-json\/wp\/v2\/types\/product"}],"wp:featuredmedia":[{"embeddable":true,"href":"https:\/\/www.eeman-tuinmachines.be\/fr\/wp-json\/wp\/v2\/media\/13831"}],"wp:attachment":[{"href":"https:\/\/www.eeman-tuinmachines.be\/fr\/wp-json\/wp\/v2\/media?parent=22696"}],"wp:term":[{"taxonomy":"product_brand","embeddable":true,"href":"https:\/\/www.eeman-tuinmachines.be\/fr\/wp-json\/wp\/v2\/product_brand?post=22696"},{"taxonomy":"product_cat","embeddable":true,"href":"https:\/\/www.eeman-tuinmachines.be\/fr\/wp-json\/wp\/v2\/product_cat?post=22696"},{"taxonomy":"product_tag","embeddable":true,"href":"https:\/\/www.eeman-tuinmachines.be\/fr\/wp-json\/wp\/v2\/product_tag?post=22696"}],"curies":[{"name":"wp","href":"https:\/\/api.w.org\/{rel}","templated":true}]}}