{"id":23002,"date":"2025-07-10T16:53:54","date_gmt":"2025-07-10T16:53:54","guid":{"rendered":"http:\/\/www.eeman-tuinmachines.be\/product\/stiga-tuinmachines-a-7500-fr\/"},"modified":"2026-04-09T02:00:35","modified_gmt":"2026-04-09T02:00:35","slug":"stiga-tuinmachines-a-7500-fr","status":"publish","type":"product","link":"https:\/\/www.eeman-tuinmachines.be\/fr\/produit\/stiga-tuinmachines-a-7500-fr\/","title":{"rendered":"A 7500"},"content":{"rendered":"","protected":false},"excerpt":{"rendered":"","protected":false},"featured_media":21359,"template":"","meta":{"_acf_changed":false},"product_brand":[],"product_cat":[593,840,651],"product_tag":[617,405,386],"class_list":{"0":"post-23002","1":"product","2":"type-product","3":"status-publish","4":"has-post-thumbnail","6":"product_cat-stiga-fr","7":"product_cat-tondeuses-robots-stiga-fr","8":"product_cat-toutes-les-tondeuses-robotisees","9":"product_tag-stiga-tuinmachines","10":"product_tag-syndifie","11":"product_tag-syndified","13":"first","14":"instock","15":"sale","16":"shipping-taxable","17":"purchasable","18":"product-type-simple"},"acf":[],"yoast_head":"<!-- This site is optimized with the Yoast SEO plugin v27.6 - https:\/\/yoast.com\/product\/yoast-seo-wordpress\/ -->\n<title>Stiga Tuinmachines A 7500<\/title>\n<meta name=\"description\" content=\"Stiga Tuinmachines A 7500 La tondeuse robot STIGA A 7500 am\u00e9liore la sant\u00e9 de votre pelouse tout en tondant des jardins jusqu&#039;\u00e0 9\u00a0000 m et 10 zone...\" \/>\n<meta name=\"robots\" content=\"index, follow, max-snippet:-1, max-image-preview:large, max-video-preview:-1\" \/>\n<link rel=\"canonical\" href=\"https:\/\/www.eeman-tuinmachines.be\/fr\/produit\/stiga-tuinmachines-a-7500-fr\/\" \/>\n<meta property=\"og:locale\" content=\"fr_FR\" \/>\n<meta property=\"og:type\" content=\"article\" \/>\n<meta property=\"og:title\" content=\"Stiga Tuinmachines A 7500\" \/>\n<meta property=\"og:description\" content=\"Stiga Tuinmachines A 7500 La tondeuse robot STIGA A 7500 am\u00e9liore la sant\u00e9 de votre pelouse tout en tondant des jardins jusqu&#039;\u00e0 9\u00a0000 m et 10 zone...\" \/>\n<meta property=\"og:url\" content=\"https:\/\/www.eeman-tuinmachines.be\/fr\/produit\/stiga-tuinmachines-a-7500-fr\/\" \/>\n<meta property=\"og:site_name\" content=\"Eeman Tuinmachines\" \/>\n<meta property=\"article:modified_time\" content=\"2026-04-09T02:00:35+00:00\" \/>\n<meta property=\"og:image\" content=\"https:\/\/www.eeman-tuinmachines.be\/wp-content\/uploads\/2025\/12\/db06e10c02d66ff081d3148078974ff7e5b9ddcdA7500fullgallery1web.webp\" \/>\n\t<meta property=\"og:image:width\" content=\"1000\" \/>\n\t<meta property=\"og:image:height\" content=\"1000\" \/>\n\t<meta property=\"og:image:type\" content=\"image\/webp\" \/>\n<meta name=\"twitter:card\" content=\"summary_large_image\" \/>\n<meta name=\"twitter:title\" content=\"Stiga Tuinmachines A 7500\" \/>\n<meta name=\"twitter:description\" content=\"Stiga Tuinmachines A 7500 La tondeuse robot STIGA A 7500 am\u00e9liore la sant\u00e9 de votre pelouse tout en tondant des jardins jusqu&#039;\u00e0 9\u00a0000 m et 10 zone...\" \/>\n<meta name=\"twitter:image\" content=\"https:\/\/www.eeman-tuinmachines.be\/wp-content\/uploads\/2025\/12\/db06e10c02d66ff081d3148078974ff7e5b9ddcdA7500fullgallery1web.webp\" \/>\n<script type=\"application\/ld+json\" class=\"yoast-schema-graph\">{\"@context\":\"https:\\\/\\\/schema.org\",\"@graph\":[{\"@type\":\"WebPage\",\"@id\":\"https:\\\/\\\/www.eeman-tuinmachines.be\\\/fr\\\/produit\\\/stiga-tuinmachines-a-7500-fr\\\/\",\"url\":\"https:\\\/\\\/www.eeman-tuinmachines.be\\\/fr\\\/produit\\\/stiga-tuinmachines-a-7500-fr\\\/\",\"name\":\"Stiga Tuinmachines A 7500\",\"isPartOf\":{\"@id\":\"https:\\\/\\\/www.eeman-tuinmachines.be\\\/fr\\\/#website\"},\"primaryImageOfPage\":{\"@id\":\"https:\\\/\\\/www.eeman-tuinmachines.be\\\/fr\\\/produit\\\/stiga-tuinmachines-a-7500-fr\\\/#primaryimage\"},\"image\":{\"@id\":\"https:\\\/\\\/www.eeman-tuinmachines.be\\\/fr\\\/produit\\\/stiga-tuinmachines-a-7500-fr\\\/#primaryimage\"},\"thumbnailUrl\":\"https:\\\/\\\/www.eeman-tuinmachines.be\\\/wp-content\\\/uploads\\\/2025\\\/12\\\/db06e10c02d66ff081d3148078974ff7e5b9ddcdA7500fullgallery1web.webp\",\"datePublished\":\"2025-07-10T16:53:54+00:00\",\"dateModified\":\"2026-04-09T02:00:35+00:00\",\"description\":\"Stiga Tuinmachines A 7500 La tondeuse robot STIGA A 7500 am\u00e9liore la sant\u00e9 de votre pelouse tout en tondant des jardins jusqu'\u00e0 9\u00a0000 m et 10 zone...\",\"breadcrumb\":{\"@id\":\"https:\\\/\\\/www.eeman-tuinmachines.be\\\/fr\\\/produit\\\/stiga-tuinmachines-a-7500-fr\\\/#breadcrumb\"},\"inLanguage\":\"fr-FR\",\"potentialAction\":[{\"@type\":\"ReadAction\",\"target\":[\"https:\\\/\\\/www.eeman-tuinmachines.be\\\/fr\\\/produit\\\/stiga-tuinmachines-a-7500-fr\\\/\"]}]},{\"@type\":\"ImageObject\",\"inLanguage\":\"fr-FR\",\"@id\":\"https:\\\/\\\/www.eeman-tuinmachines.be\\\/fr\\\/produit\\\/stiga-tuinmachines-a-7500-fr\\\/#primaryimage\",\"url\":\"https:\\\/\\\/www.eeman-tuinmachines.be\\\/wp-content\\\/uploads\\\/2025\\\/12\\\/db06e10c02d66ff081d3148078974ff7e5b9ddcdA7500fullgallery1web.webp\",\"contentUrl\":\"https:\\\/\\\/www.eeman-tuinmachines.be\\\/wp-content\\\/uploads\\\/2025\\\/12\\\/db06e10c02d66ff081d3148078974ff7e5b9ddcdA7500fullgallery1web.webp\",\"width\":1000,\"height\":1000},{\"@type\":\"BreadcrumbList\",\"@id\":\"https:\\\/\\\/www.eeman-tuinmachines.be\\\/fr\\\/produit\\\/stiga-tuinmachines-a-7500-fr\\\/#breadcrumb\",\"itemListElement\":[{\"@type\":\"ListItem\",\"position\":1,\"name\":\"Home\",\"item\":\"https:\\\/\\\/www.eeman-tuinmachines.be\\\/fr\\\/\"},{\"@type\":\"ListItem\",\"position\":2,\"name\":\"Winkel\",\"item\":\"https:\\\/\\\/www.eeman-tuinmachines.be\\\/nl\\\/winkel\\\/\"},{\"@type\":\"ListItem\",\"position\":3,\"name\":\"A 7500\"}]},{\"@type\":\"WebSite\",\"@id\":\"https:\\\/\\\/www.eeman-tuinmachines.be\\\/fr\\\/#website\",\"url\":\"https:\\\/\\\/www.eeman-tuinmachines.be\\\/fr\\\/\",\"name\":\"Eeman Tuinmachines\",\"description\":\"\",\"potentialAction\":[{\"@type\":\"SearchAction\",\"target\":{\"@type\":\"EntryPoint\",\"urlTemplate\":\"https:\\\/\\\/www.eeman-tuinmachines.be\\\/fr\\\/?s={search_term_string}\"},\"query-input\":{\"@type\":\"PropertyValueSpecification\",\"valueRequired\":true,\"valueName\":\"search_term_string\"}}],\"inLanguage\":\"fr-FR\"}]}<\/script>\n<!-- \/ Yoast SEO plugin. -->","yoast_head_json":{"title":"Stiga Tuinmachines A 7500","description":"Stiga Tuinmachines A 7500 La tondeuse robot STIGA A 7500 am\u00e9liore la sant\u00e9 de votre pelouse tout en tondant des jardins jusqu'\u00e0 9\u00a0000 m et 10 zone...","robots":{"index":"index","follow":"follow","max-snippet":"max-snippet:-1","max-image-preview":"max-image-preview:large","max-video-preview":"max-video-preview:-1"},"canonical":"https:\/\/www.eeman-tuinmachines.be\/fr\/produit\/stiga-tuinmachines-a-7500-fr\/","og_locale":"fr_FR","og_type":"article","og_title":"Stiga Tuinmachines A 7500","og_description":"Stiga Tuinmachines A 7500 La tondeuse robot STIGA A 7500 am\u00e9liore la sant\u00e9 de votre pelouse tout en tondant des jardins jusqu'\u00e0 9\u00a0000 m et 10 zone...","og_url":"https:\/\/www.eeman-tuinmachines.be\/fr\/produit\/stiga-tuinmachines-a-7500-fr\/","og_site_name":"Eeman Tuinmachines","article_modified_time":"2026-04-09T02:00:35+00:00","og_image":[{"width":1000,"height":1000,"url":"https:\/\/www.eeman-tuinmachines.be\/wp-content\/uploads\/2025\/12\/db06e10c02d66ff081d3148078974ff7e5b9ddcdA7500fullgallery1web.webp","type":"image\/webp"}],"twitter_card":"summary_large_image","twitter_title":"Stiga Tuinmachines A 7500","twitter_description":"Stiga Tuinmachines A 7500 La tondeuse robot STIGA A 7500 am\u00e9liore la sant\u00e9 de votre pelouse tout en tondant des jardins jusqu'\u00e0 9\u00a0000 m et 10 zone...","twitter_image":"https:\/\/www.eeman-tuinmachines.be\/wp-content\/uploads\/2025\/12\/db06e10c02d66ff081d3148078974ff7e5b9ddcdA7500fullgallery1web.webp","schema":{"@context":"https:\/\/schema.org","@graph":[{"@type":"WebPage","@id":"https:\/\/www.eeman-tuinmachines.be\/fr\/produit\/stiga-tuinmachines-a-7500-fr\/","url":"https:\/\/www.eeman-tuinmachines.be\/fr\/produit\/stiga-tuinmachines-a-7500-fr\/","name":"Stiga Tuinmachines A 7500","isPartOf":{"@id":"https:\/\/www.eeman-tuinmachines.be\/fr\/#website"},"primaryImageOfPage":{"@id":"https:\/\/www.eeman-tuinmachines.be\/fr\/produit\/stiga-tuinmachines-a-7500-fr\/#primaryimage"},"image":{"@id":"https:\/\/www.eeman-tuinmachines.be\/fr\/produit\/stiga-tuinmachines-a-7500-fr\/#primaryimage"},"thumbnailUrl":"https:\/\/www.eeman-tuinmachines.be\/wp-content\/uploads\/2025\/12\/db06e10c02d66ff081d3148078974ff7e5b9ddcdA7500fullgallery1web.webp","datePublished":"2025-07-10T16:53:54+00:00","dateModified":"2026-04-09T02:00:35+00:00","description":"Stiga Tuinmachines A 7500 La tondeuse robot STIGA A 7500 am\u00e9liore la sant\u00e9 de votre pelouse tout en tondant des jardins jusqu'\u00e0 9\u00a0000 m et 10 zone...","breadcrumb":{"@id":"https:\/\/www.eeman-tuinmachines.be\/fr\/produit\/stiga-tuinmachines-a-7500-fr\/#breadcrumb"},"inLanguage":"fr-FR","potentialAction":[{"@type":"ReadAction","target":["https:\/\/www.eeman-tuinmachines.be\/fr\/produit\/stiga-tuinmachines-a-7500-fr\/"]}]},{"@type":"ImageObject","inLanguage":"fr-FR","@id":"https:\/\/www.eeman-tuinmachines.be\/fr\/produit\/stiga-tuinmachines-a-7500-fr\/#primaryimage","url":"https:\/\/www.eeman-tuinmachines.be\/wp-content\/uploads\/2025\/12\/db06e10c02d66ff081d3148078974ff7e5b9ddcdA7500fullgallery1web.webp","contentUrl":"https:\/\/www.eeman-tuinmachines.be\/wp-content\/uploads\/2025\/12\/db06e10c02d66ff081d3148078974ff7e5b9ddcdA7500fullgallery1web.webp","width":1000,"height":1000},{"@type":"BreadcrumbList","@id":"https:\/\/www.eeman-tuinmachines.be\/fr\/produit\/stiga-tuinmachines-a-7500-fr\/#breadcrumb","itemListElement":[{"@type":"ListItem","position":1,"name":"Home","item":"https:\/\/www.eeman-tuinmachines.be\/fr\/"},{"@type":"ListItem","position":2,"name":"Winkel","item":"https:\/\/www.eeman-tuinmachines.be\/nl\/winkel\/"},{"@type":"ListItem","position":3,"name":"A 7500"}]},{"@type":"WebSite","@id":"https:\/\/www.eeman-tuinmachines.be\/fr\/#website","url":"https:\/\/www.eeman-tuinmachines.be\/fr\/","name":"Eeman Tuinmachines","description":"","potentialAction":[{"@type":"SearchAction","target":{"@type":"EntryPoint","urlTemplate":"https:\/\/www.eeman-tuinmachines.be\/fr\/?s={search_term_string}"},"query-input":{"@type":"PropertyValueSpecification","valueRequired":true,"valueName":"search_term_string"}}],"inLanguage":"fr-FR"}]}},"_links":{"self":[{"href":"https:\/\/www.eeman-tuinmachines.be\/fr\/wp-json\/wp\/v2\/product\/23002","targetHints":{"allow":["GET"]}}],"collection":[{"href":"https:\/\/www.eeman-tuinmachines.be\/fr\/wp-json\/wp\/v2\/product"}],"about":[{"href":"https:\/\/www.eeman-tuinmachines.be\/fr\/wp-json\/wp\/v2\/types\/product"}],"wp:featuredmedia":[{"embeddable":true,"href":"https:\/\/www.eeman-tuinmachines.be\/fr\/wp-json\/wp\/v2\/media\/21359"}],"wp:attachment":[{"href":"https:\/\/www.eeman-tuinmachines.be\/fr\/wp-json\/wp\/v2\/media?parent=23002"}],"wp:term":[{"taxonomy":"product_brand","embeddable":true,"href":"https:\/\/www.eeman-tuinmachines.be\/fr\/wp-json\/wp\/v2\/product_brand?post=23002"},{"taxonomy":"product_cat","embeddable":true,"href":"https:\/\/www.eeman-tuinmachines.be\/fr\/wp-json\/wp\/v2\/product_cat?post=23002"},{"taxonomy":"product_tag","embeddable":true,"href":"https:\/\/www.eeman-tuinmachines.be\/fr\/wp-json\/wp\/v2\/product_tag?post=23002"}],"curies":[{"name":"wp","href":"https:\/\/api.w.org\/{rel}","templated":true}]}}