{"id":27542,"date":"2026-04-28T09:23:44","date_gmt":"2026-04-28T09:23:44","guid":{"rendered":"https:\/\/www.eeman-tuinmachines.be\/product\/honda-hrg-416-pk-fr-2\/"},"modified":"2026-05-02T11:44:50","modified_gmt":"2026-05-02T11:44:50","slug":"honda-hrg-416-pk-fr-2","status":"publish","type":"product","link":"https:\/\/www.eeman-tuinmachines.be\/fr\/produit\/honda-hrg-416-pk-fr-2\/","title":{"rendered":"HRG 416 PK"},"content":{"rendered":"","protected":false},"excerpt":{"rendered":"","protected":false},"featured_media":27543,"template":"","meta":{"_acf_changed":false},"product_brand":[],"product_cat":[931,942,941,939],"product_tag":[839,386],"class_list":{"0":"post-27542","1":"product","2":"type-product","3":"status-publish","4":"has-post-thumbnail","6":"product_cat-honda-pelouse-et-jardin-fr","7":"product_cat-izy-fr","8":"product_cat-tondeuse-a-gazon-a-essence-fr","9":"product_cat-tondeuses-a-gazon-honda-fr","10":"product_tag-honda","11":"product_tag-syndified","13":"first","14":"instock","15":"shipping-taxable","16":"purchasable","17":"product-type-simple"},"acf":[],"yoast_head":"<!-- This site is optimized with the Yoast SEO plugin v27.5 - https:\/\/yoast.com\/product\/yoast-seo-wordpress\/ -->\n<title>Honda HRG 416 PK<\/title>\n<meta name=\"description\" content=\"Honda HRG 416 PK Une tondeuse \u00e0 gazon pouss\u00e9e \u00e0 essence avec un grand bac de ramassage de 42 litres et un plateau de coupe en acier de 41 cm pour u...\" \/>\n<meta name=\"robots\" content=\"index, follow, max-snippet:-1, max-image-preview:large, max-video-preview:-1\" \/>\n<link rel=\"canonical\" href=\"https:\/\/www.eeman-tuinmachines.be\/fr\/produit\/honda-hrg-416-pk-fr-2\/\" \/>\n<meta property=\"og:locale\" content=\"fr_FR\" \/>\n<meta property=\"og:type\" content=\"article\" \/>\n<meta property=\"og:title\" content=\"Honda HRG 416 PK\" \/>\n<meta property=\"og:description\" content=\"Honda HRG 416 PK Une tondeuse \u00e0 gazon pouss\u00e9e \u00e0 essence avec un grand bac de ramassage de 42 litres et un plateau de coupe en acier de 41 cm pour u...\" \/>\n<meta property=\"og:url\" content=\"https:\/\/www.eeman-tuinmachines.be\/fr\/produit\/honda-hrg-416-pk-fr-2\/\" \/>\n<meta property=\"og:site_name\" content=\"Eeman Tuinmachines\" \/>\n<meta property=\"article:modified_time\" content=\"2026-05-02T11:44:50+00:00\" \/>\n<meta property=\"og:image\" content=\"https:\/\/www.eeman-tuinmachines.be\/wp-content\/uploads\/2026\/05\/honda-grassmaier-HRG-416-PK-1-1.png\" \/>\n\t<meta property=\"og:image:width\" content=\"1000\" \/>\n\t<meta property=\"og:image:height\" content=\"1000\" \/>\n\t<meta property=\"og:image:type\" content=\"image\/png\" \/>\n<meta name=\"twitter:card\" content=\"summary_large_image\" \/>\n<meta name=\"twitter:title\" content=\"Honda HRG 416 PK\" \/>\n<meta name=\"twitter:description\" content=\"Honda HRG 416 PK Une tondeuse \u00e0 gazon pouss\u00e9e \u00e0 essence avec un grand bac de ramassage de 42 litres et un plateau de coupe en acier de 41 cm pour u...\" \/>\n<meta name=\"twitter:image\" content=\"https:\/\/www.eeman-tuinmachines.be\/wp-content\/uploads\/2026\/05\/honda-grassmaier-HRG-416-PK-1-1.png\" \/>\n<script type=\"application\/ld+json\" class=\"yoast-schema-graph\">{\"@context\":\"https:\\\/\\\/schema.org\",\"@graph\":[{\"@type\":\"WebPage\",\"@id\":\"https:\\\/\\\/www.eeman-tuinmachines.be\\\/fr\\\/produit\\\/honda-hrg-416-pk-fr-2\\\/\",\"url\":\"https:\\\/\\\/www.eeman-tuinmachines.be\\\/fr\\\/produit\\\/honda-hrg-416-pk-fr-2\\\/\",\"name\":\"Honda HRG 416 PK\",\"isPartOf\":{\"@id\":\"https:\\\/\\\/www.eeman-tuinmachines.be\\\/fr\\\/#website\"},\"primaryImageOfPage\":{\"@id\":\"https:\\\/\\\/www.eeman-tuinmachines.be\\\/fr\\\/produit\\\/honda-hrg-416-pk-fr-2\\\/#primaryimage\"},\"image\":{\"@id\":\"https:\\\/\\\/www.eeman-tuinmachines.be\\\/fr\\\/produit\\\/honda-hrg-416-pk-fr-2\\\/#primaryimage\"},\"thumbnailUrl\":\"https:\\\/\\\/www.eeman-tuinmachines.be\\\/wp-content\\\/uploads\\\/2026\\\/05\\\/honda-grassmaier-HRG-416-PK-1-1.png\",\"datePublished\":\"2026-04-28T09:23:44+00:00\",\"dateModified\":\"2026-05-02T11:44:50+00:00\",\"description\":\"Honda HRG 416 PK Une tondeuse \u00e0 gazon pouss\u00e9e \u00e0 essence avec un grand bac de ramassage de 42 litres et un plateau de coupe en acier de 41 cm pour u...\",\"breadcrumb\":{\"@id\":\"https:\\\/\\\/www.eeman-tuinmachines.be\\\/fr\\\/produit\\\/honda-hrg-416-pk-fr-2\\\/#breadcrumb\"},\"inLanguage\":\"fr-FR\",\"potentialAction\":[{\"@type\":\"ReadAction\",\"target\":[\"https:\\\/\\\/www.eeman-tuinmachines.be\\\/fr\\\/produit\\\/honda-hrg-416-pk-fr-2\\\/\"]}]},{\"@type\":\"ImageObject\",\"inLanguage\":\"fr-FR\",\"@id\":\"https:\\\/\\\/www.eeman-tuinmachines.be\\\/fr\\\/produit\\\/honda-hrg-416-pk-fr-2\\\/#primaryimage\",\"url\":\"https:\\\/\\\/www.eeman-tuinmachines.be\\\/wp-content\\\/uploads\\\/2026\\\/05\\\/honda-grassmaier-HRG-416-PK-1-1.png\",\"contentUrl\":\"https:\\\/\\\/www.eeman-tuinmachines.be\\\/wp-content\\\/uploads\\\/2026\\\/05\\\/honda-grassmaier-HRG-416-PK-1-1.png\",\"width\":1000,\"height\":1000},{\"@type\":\"BreadcrumbList\",\"@id\":\"https:\\\/\\\/www.eeman-tuinmachines.be\\\/fr\\\/produit\\\/honda-hrg-416-pk-fr-2\\\/#breadcrumb\",\"itemListElement\":[{\"@type\":\"ListItem\",\"position\":1,\"name\":\"Home\",\"item\":\"https:\\\/\\\/www.eeman-tuinmachines.be\\\/fr\\\/\"},{\"@type\":\"ListItem\",\"position\":2,\"name\":\"Winkel\",\"item\":\"https:\\\/\\\/www.eeman-tuinmachines.be\\\/nl\\\/winkel\\\/\"},{\"@type\":\"ListItem\",\"position\":3,\"name\":\"HRG 416 PK\"}]},{\"@type\":\"WebSite\",\"@id\":\"https:\\\/\\\/www.eeman-tuinmachines.be\\\/fr\\\/#website\",\"url\":\"https:\\\/\\\/www.eeman-tuinmachines.be\\\/fr\\\/\",\"name\":\"Eeman Tuinmachines\",\"description\":\"\",\"potentialAction\":[{\"@type\":\"SearchAction\",\"target\":{\"@type\":\"EntryPoint\",\"urlTemplate\":\"https:\\\/\\\/www.eeman-tuinmachines.be\\\/fr\\\/?s={search_term_string}\"},\"query-input\":{\"@type\":\"PropertyValueSpecification\",\"valueRequired\":true,\"valueName\":\"search_term_string\"}}],\"inLanguage\":\"fr-FR\"}]}<\/script>\n<!-- \/ Yoast SEO plugin. -->","yoast_head_json":{"title":"Honda HRG 416 PK","description":"Honda HRG 416 PK Une tondeuse \u00e0 gazon pouss\u00e9e \u00e0 essence avec un grand bac de ramassage de 42 litres et un plateau de coupe en acier de 41 cm pour u...","robots":{"index":"index","follow":"follow","max-snippet":"max-snippet:-1","max-image-preview":"max-image-preview:large","max-video-preview":"max-video-preview:-1"},"canonical":"https:\/\/www.eeman-tuinmachines.be\/fr\/produit\/honda-hrg-416-pk-fr-2\/","og_locale":"fr_FR","og_type":"article","og_title":"Honda HRG 416 PK","og_description":"Honda HRG 416 PK Une tondeuse \u00e0 gazon pouss\u00e9e \u00e0 essence avec un grand bac de ramassage de 42 litres et un plateau de coupe en acier de 41 cm pour u...","og_url":"https:\/\/www.eeman-tuinmachines.be\/fr\/produit\/honda-hrg-416-pk-fr-2\/","og_site_name":"Eeman Tuinmachines","article_modified_time":"2026-05-02T11:44:50+00:00","og_image":[{"width":1000,"height":1000,"url":"https:\/\/www.eeman-tuinmachines.be\/wp-content\/uploads\/2026\/05\/honda-grassmaier-HRG-416-PK-1-1.png","type":"image\/png"}],"twitter_card":"summary_large_image","twitter_title":"Honda HRG 416 PK","twitter_description":"Honda HRG 416 PK Une tondeuse \u00e0 gazon pouss\u00e9e \u00e0 essence avec un grand bac de ramassage de 42 litres et un plateau de coupe en acier de 41 cm pour u...","twitter_image":"https:\/\/www.eeman-tuinmachines.be\/wp-content\/uploads\/2026\/05\/honda-grassmaier-HRG-416-PK-1-1.png","schema":{"@context":"https:\/\/schema.org","@graph":[{"@type":"WebPage","@id":"https:\/\/www.eeman-tuinmachines.be\/fr\/produit\/honda-hrg-416-pk-fr-2\/","url":"https:\/\/www.eeman-tuinmachines.be\/fr\/produit\/honda-hrg-416-pk-fr-2\/","name":"Honda HRG 416 PK","isPartOf":{"@id":"https:\/\/www.eeman-tuinmachines.be\/fr\/#website"},"primaryImageOfPage":{"@id":"https:\/\/www.eeman-tuinmachines.be\/fr\/produit\/honda-hrg-416-pk-fr-2\/#primaryimage"},"image":{"@id":"https:\/\/www.eeman-tuinmachines.be\/fr\/produit\/honda-hrg-416-pk-fr-2\/#primaryimage"},"thumbnailUrl":"https:\/\/www.eeman-tuinmachines.be\/wp-content\/uploads\/2026\/05\/honda-grassmaier-HRG-416-PK-1-1.png","datePublished":"2026-04-28T09:23:44+00:00","dateModified":"2026-05-02T11:44:50+00:00","description":"Honda HRG 416 PK Une tondeuse \u00e0 gazon pouss\u00e9e \u00e0 essence avec un grand bac de ramassage de 42 litres et un plateau de coupe en acier de 41 cm pour u...","breadcrumb":{"@id":"https:\/\/www.eeman-tuinmachines.be\/fr\/produit\/honda-hrg-416-pk-fr-2\/#breadcrumb"},"inLanguage":"fr-FR","potentialAction":[{"@type":"ReadAction","target":["https:\/\/www.eeman-tuinmachines.be\/fr\/produit\/honda-hrg-416-pk-fr-2\/"]}]},{"@type":"ImageObject","inLanguage":"fr-FR","@id":"https:\/\/www.eeman-tuinmachines.be\/fr\/produit\/honda-hrg-416-pk-fr-2\/#primaryimage","url":"https:\/\/www.eeman-tuinmachines.be\/wp-content\/uploads\/2026\/05\/honda-grassmaier-HRG-416-PK-1-1.png","contentUrl":"https:\/\/www.eeman-tuinmachines.be\/wp-content\/uploads\/2026\/05\/honda-grassmaier-HRG-416-PK-1-1.png","width":1000,"height":1000},{"@type":"BreadcrumbList","@id":"https:\/\/www.eeman-tuinmachines.be\/fr\/produit\/honda-hrg-416-pk-fr-2\/#breadcrumb","itemListElement":[{"@type":"ListItem","position":1,"name":"Home","item":"https:\/\/www.eeman-tuinmachines.be\/fr\/"},{"@type":"ListItem","position":2,"name":"Winkel","item":"https:\/\/www.eeman-tuinmachines.be\/nl\/winkel\/"},{"@type":"ListItem","position":3,"name":"HRG 416 PK"}]},{"@type":"WebSite","@id":"https:\/\/www.eeman-tuinmachines.be\/fr\/#website","url":"https:\/\/www.eeman-tuinmachines.be\/fr\/","name":"Eeman Tuinmachines","description":"","potentialAction":[{"@type":"SearchAction","target":{"@type":"EntryPoint","urlTemplate":"https:\/\/www.eeman-tuinmachines.be\/fr\/?s={search_term_string}"},"query-input":{"@type":"PropertyValueSpecification","valueRequired":true,"valueName":"search_term_string"}}],"inLanguage":"fr-FR"}]}},"_links":{"self":[{"href":"https:\/\/www.eeman-tuinmachines.be\/fr\/wp-json\/wp\/v2\/product\/27542","targetHints":{"allow":["GET"]}}],"collection":[{"href":"https:\/\/www.eeman-tuinmachines.be\/fr\/wp-json\/wp\/v2\/product"}],"about":[{"href":"https:\/\/www.eeman-tuinmachines.be\/fr\/wp-json\/wp\/v2\/types\/product"}],"wp:featuredmedia":[{"embeddable":true,"href":"https:\/\/www.eeman-tuinmachines.be\/fr\/wp-json\/wp\/v2\/media\/27543"}],"wp:attachment":[{"href":"https:\/\/www.eeman-tuinmachines.be\/fr\/wp-json\/wp\/v2\/media?parent=27542"}],"wp:term":[{"taxonomy":"product_brand","embeddable":true,"href":"https:\/\/www.eeman-tuinmachines.be\/fr\/wp-json\/wp\/v2\/product_brand?post=27542"},{"taxonomy":"product_cat","embeddable":true,"href":"https:\/\/www.eeman-tuinmachines.be\/fr\/wp-json\/wp\/v2\/product_cat?post=27542"},{"taxonomy":"product_tag","embeddable":true,"href":"https:\/\/www.eeman-tuinmachines.be\/fr\/wp-json\/wp\/v2\/product_tag?post=27542"}],"curies":[{"name":"wp","href":"https:\/\/api.w.org\/{rel}","templated":true}]}}