{"id":27842,"date":"2026-04-28T11:23:21","date_gmt":"2026-04-28T11:23:21","guid":{"rendered":"https:\/\/www.eeman-tuinmachines.be\/product\/honda-hrm-40-fr\/"},"modified":"2026-05-02T11:54:32","modified_gmt":"2026-05-02T11:54:32","slug":"honda-hrm-40-fr","status":"publish","type":"product","link":"https:\/\/www.eeman-tuinmachines.be\/fr\/produit\/honda-hrm-40-fr\/","title":{"rendered":"HRM 40"},"content":{"rendered":"","protected":false},"excerpt":{"rendered":"","protected":false},"featured_media":27843,"template":"","meta":{"_acf_changed":false},"product_brand":[],"product_cat":[931,952],"product_tag":[839,386],"class_list":{"0":"post-27842","1":"product","2":"type-product","3":"status-publish","4":"has-post-thumbnail","6":"product_cat-honda-pelouse-et-jardin-fr","7":"product_cat-tondeuses-a-gazon-robotisees-honda-fr","8":"product_tag-honda","9":"product_tag-syndified","11":"first","12":"instock","13":"shipping-taxable","14":"purchasable","15":"product-type-simple"},"acf":[],"yoast_head":"<!-- This site is optimized with the Yoast SEO plugin v27.5 - https:\/\/yoast.com\/product\/yoast-seo-wordpress\/ -->\n<title>Honda HRM 40<\/title>\n<meta name=\"description\" content=\"Honda HRM 40 Installation facile gr\u00e2ce au syst\u00e8me Place and Mow , adapt\u00e9 \u00e0 diff\u00e9rentes formes de pelouse jusqu&#039;\u00e0 400 m avec r\u00e9sistance aux inte...\" \/>\n<meta name=\"robots\" content=\"index, follow, max-snippet:-1, max-image-preview:large, max-video-preview:-1\" \/>\n<link rel=\"canonical\" href=\"https:\/\/www.eeman-tuinmachines.be\/fr\/produit\/honda-hrm-40-fr\/\" \/>\n<meta property=\"og:locale\" content=\"fr_FR\" \/>\n<meta property=\"og:type\" content=\"article\" \/>\n<meta property=\"og:title\" content=\"Honda HRM 40\" \/>\n<meta property=\"og:description\" content=\"Honda HRM 40 Installation facile gr\u00e2ce au syst\u00e8me Place and Mow , adapt\u00e9 \u00e0 diff\u00e9rentes formes de pelouse jusqu&#039;\u00e0 400 m avec r\u00e9sistance aux inte...\" \/>\n<meta property=\"og:url\" content=\"https:\/\/www.eeman-tuinmachines.be\/fr\/produit\/honda-hrm-40-fr\/\" \/>\n<meta property=\"og:site_name\" content=\"Eeman Tuinmachines\" \/>\n<meta property=\"article:modified_time\" content=\"2026-05-02T11:54:32+00:00\" \/>\n<meta property=\"og:image\" content=\"https:\/\/www.eeman-tuinmachines.be\/wp-content\/uploads\/2026\/05\/honda-grassmaier-HRM-40-LIVE-1-3.png\" \/>\n\t<meta property=\"og:image:width\" content=\"1000\" \/>\n\t<meta property=\"og:image:height\" content=\"1000\" \/>\n\t<meta property=\"og:image:type\" content=\"image\/png\" \/>\n<meta name=\"twitter:card\" content=\"summary_large_image\" \/>\n<meta name=\"twitter:title\" content=\"Honda HRM 40\" \/>\n<meta name=\"twitter:description\" content=\"Honda HRM 40 Installation facile gr\u00e2ce au syst\u00e8me Place and Mow , adapt\u00e9 \u00e0 diff\u00e9rentes formes de pelouse jusqu&#039;\u00e0 400 m avec r\u00e9sistance aux inte...\" \/>\n<meta name=\"twitter:image\" content=\"https:\/\/www.eeman-tuinmachines.be\/wp-content\/uploads\/2026\/05\/honda-grassmaier-HRM-40-LIVE-1-3.png\" \/>\n<script type=\"application\/ld+json\" class=\"yoast-schema-graph\">{\"@context\":\"https:\\\/\\\/schema.org\",\"@graph\":[{\"@type\":\"WebPage\",\"@id\":\"https:\\\/\\\/www.eeman-tuinmachines.be\\\/fr\\\/produit\\\/honda-hrm-40-fr\\\/\",\"url\":\"https:\\\/\\\/www.eeman-tuinmachines.be\\\/fr\\\/produit\\\/honda-hrm-40-fr\\\/\",\"name\":\"Honda HRM 40\",\"isPartOf\":{\"@id\":\"https:\\\/\\\/www.eeman-tuinmachines.be\\\/fr\\\/#website\"},\"primaryImageOfPage\":{\"@id\":\"https:\\\/\\\/www.eeman-tuinmachines.be\\\/fr\\\/produit\\\/honda-hrm-40-fr\\\/#primaryimage\"},\"image\":{\"@id\":\"https:\\\/\\\/www.eeman-tuinmachines.be\\\/fr\\\/produit\\\/honda-hrm-40-fr\\\/#primaryimage\"},\"thumbnailUrl\":\"https:\\\/\\\/www.eeman-tuinmachines.be\\\/wp-content\\\/uploads\\\/2026\\\/05\\\/honda-grassmaier-HRM-40-LIVE-1-3.png\",\"datePublished\":\"2026-04-28T11:23:21+00:00\",\"dateModified\":\"2026-05-02T11:54:32+00:00\",\"description\":\"Honda HRM 40 Installation facile gr\u00e2ce au syst\u00e8me Place and Mow , adapt\u00e9 \u00e0 diff\u00e9rentes formes de pelouse jusqu'\u00e0 400 m avec r\u00e9sistance aux inte...\",\"breadcrumb\":{\"@id\":\"https:\\\/\\\/www.eeman-tuinmachines.be\\\/fr\\\/produit\\\/honda-hrm-40-fr\\\/#breadcrumb\"},\"inLanguage\":\"fr-FR\",\"potentialAction\":[{\"@type\":\"ReadAction\",\"target\":[\"https:\\\/\\\/www.eeman-tuinmachines.be\\\/fr\\\/produit\\\/honda-hrm-40-fr\\\/\"]}]},{\"@type\":\"ImageObject\",\"inLanguage\":\"fr-FR\",\"@id\":\"https:\\\/\\\/www.eeman-tuinmachines.be\\\/fr\\\/produit\\\/honda-hrm-40-fr\\\/#primaryimage\",\"url\":\"https:\\\/\\\/www.eeman-tuinmachines.be\\\/wp-content\\\/uploads\\\/2026\\\/05\\\/honda-grassmaier-HRM-40-LIVE-1-3.png\",\"contentUrl\":\"https:\\\/\\\/www.eeman-tuinmachines.be\\\/wp-content\\\/uploads\\\/2026\\\/05\\\/honda-grassmaier-HRM-40-LIVE-1-3.png\",\"width\":1000,\"height\":1000},{\"@type\":\"BreadcrumbList\",\"@id\":\"https:\\\/\\\/www.eeman-tuinmachines.be\\\/fr\\\/produit\\\/honda-hrm-40-fr\\\/#breadcrumb\",\"itemListElement\":[{\"@type\":\"ListItem\",\"position\":1,\"name\":\"Home\",\"item\":\"https:\\\/\\\/www.eeman-tuinmachines.be\\\/fr\\\/\"},{\"@type\":\"ListItem\",\"position\":2,\"name\":\"Winkel\",\"item\":\"https:\\\/\\\/www.eeman-tuinmachines.be\\\/nl\\\/winkel\\\/\"},{\"@type\":\"ListItem\",\"position\":3,\"name\":\"HRM 40\"}]},{\"@type\":\"WebSite\",\"@id\":\"https:\\\/\\\/www.eeman-tuinmachines.be\\\/fr\\\/#website\",\"url\":\"https:\\\/\\\/www.eeman-tuinmachines.be\\\/fr\\\/\",\"name\":\"Eeman Tuinmachines\",\"description\":\"\",\"potentialAction\":[{\"@type\":\"SearchAction\",\"target\":{\"@type\":\"EntryPoint\",\"urlTemplate\":\"https:\\\/\\\/www.eeman-tuinmachines.be\\\/fr\\\/?s={search_term_string}\"},\"query-input\":{\"@type\":\"PropertyValueSpecification\",\"valueRequired\":true,\"valueName\":\"search_term_string\"}}],\"inLanguage\":\"fr-FR\"}]}<\/script>\n<!-- \/ Yoast SEO plugin. -->","yoast_head_json":{"title":"Honda HRM 40","description":"Honda HRM 40 Installation facile gr\u00e2ce au syst\u00e8me Place and Mow , adapt\u00e9 \u00e0 diff\u00e9rentes formes de pelouse jusqu'\u00e0 400 m avec r\u00e9sistance aux inte...","robots":{"index":"index","follow":"follow","max-snippet":"max-snippet:-1","max-image-preview":"max-image-preview:large","max-video-preview":"max-video-preview:-1"},"canonical":"https:\/\/www.eeman-tuinmachines.be\/fr\/produit\/honda-hrm-40-fr\/","og_locale":"fr_FR","og_type":"article","og_title":"Honda HRM 40","og_description":"Honda HRM 40 Installation facile gr\u00e2ce au syst\u00e8me Place and Mow , adapt\u00e9 \u00e0 diff\u00e9rentes formes de pelouse jusqu'\u00e0 400 m avec r\u00e9sistance aux inte...","og_url":"https:\/\/www.eeman-tuinmachines.be\/fr\/produit\/honda-hrm-40-fr\/","og_site_name":"Eeman Tuinmachines","article_modified_time":"2026-05-02T11:54:32+00:00","og_image":[{"width":1000,"height":1000,"url":"https:\/\/www.eeman-tuinmachines.be\/wp-content\/uploads\/2026\/05\/honda-grassmaier-HRM-40-LIVE-1-3.png","type":"image\/png"}],"twitter_card":"summary_large_image","twitter_title":"Honda HRM 40","twitter_description":"Honda HRM 40 Installation facile gr\u00e2ce au syst\u00e8me Place and Mow , adapt\u00e9 \u00e0 diff\u00e9rentes formes de pelouse jusqu'\u00e0 400 m avec r\u00e9sistance aux inte...","twitter_image":"https:\/\/www.eeman-tuinmachines.be\/wp-content\/uploads\/2026\/05\/honda-grassmaier-HRM-40-LIVE-1-3.png","schema":{"@context":"https:\/\/schema.org","@graph":[{"@type":"WebPage","@id":"https:\/\/www.eeman-tuinmachines.be\/fr\/produit\/honda-hrm-40-fr\/","url":"https:\/\/www.eeman-tuinmachines.be\/fr\/produit\/honda-hrm-40-fr\/","name":"Honda HRM 40","isPartOf":{"@id":"https:\/\/www.eeman-tuinmachines.be\/fr\/#website"},"primaryImageOfPage":{"@id":"https:\/\/www.eeman-tuinmachines.be\/fr\/produit\/honda-hrm-40-fr\/#primaryimage"},"image":{"@id":"https:\/\/www.eeman-tuinmachines.be\/fr\/produit\/honda-hrm-40-fr\/#primaryimage"},"thumbnailUrl":"https:\/\/www.eeman-tuinmachines.be\/wp-content\/uploads\/2026\/05\/honda-grassmaier-HRM-40-LIVE-1-3.png","datePublished":"2026-04-28T11:23:21+00:00","dateModified":"2026-05-02T11:54:32+00:00","description":"Honda HRM 40 Installation facile gr\u00e2ce au syst\u00e8me Place and Mow , adapt\u00e9 \u00e0 diff\u00e9rentes formes de pelouse jusqu'\u00e0 400 m avec r\u00e9sistance aux inte...","breadcrumb":{"@id":"https:\/\/www.eeman-tuinmachines.be\/fr\/produit\/honda-hrm-40-fr\/#breadcrumb"},"inLanguage":"fr-FR","potentialAction":[{"@type":"ReadAction","target":["https:\/\/www.eeman-tuinmachines.be\/fr\/produit\/honda-hrm-40-fr\/"]}]},{"@type":"ImageObject","inLanguage":"fr-FR","@id":"https:\/\/www.eeman-tuinmachines.be\/fr\/produit\/honda-hrm-40-fr\/#primaryimage","url":"https:\/\/www.eeman-tuinmachines.be\/wp-content\/uploads\/2026\/05\/honda-grassmaier-HRM-40-LIVE-1-3.png","contentUrl":"https:\/\/www.eeman-tuinmachines.be\/wp-content\/uploads\/2026\/05\/honda-grassmaier-HRM-40-LIVE-1-3.png","width":1000,"height":1000},{"@type":"BreadcrumbList","@id":"https:\/\/www.eeman-tuinmachines.be\/fr\/produit\/honda-hrm-40-fr\/#breadcrumb","itemListElement":[{"@type":"ListItem","position":1,"name":"Home","item":"https:\/\/www.eeman-tuinmachines.be\/fr\/"},{"@type":"ListItem","position":2,"name":"Winkel","item":"https:\/\/www.eeman-tuinmachines.be\/nl\/winkel\/"},{"@type":"ListItem","position":3,"name":"HRM 40"}]},{"@type":"WebSite","@id":"https:\/\/www.eeman-tuinmachines.be\/fr\/#website","url":"https:\/\/www.eeman-tuinmachines.be\/fr\/","name":"Eeman Tuinmachines","description":"","potentialAction":[{"@type":"SearchAction","target":{"@type":"EntryPoint","urlTemplate":"https:\/\/www.eeman-tuinmachines.be\/fr\/?s={search_term_string}"},"query-input":{"@type":"PropertyValueSpecification","valueRequired":true,"valueName":"search_term_string"}}],"inLanguage":"fr-FR"}]}},"_links":{"self":[{"href":"https:\/\/www.eeman-tuinmachines.be\/fr\/wp-json\/wp\/v2\/product\/27842","targetHints":{"allow":["GET"]}}],"collection":[{"href":"https:\/\/www.eeman-tuinmachines.be\/fr\/wp-json\/wp\/v2\/product"}],"about":[{"href":"https:\/\/www.eeman-tuinmachines.be\/fr\/wp-json\/wp\/v2\/types\/product"}],"wp:featuredmedia":[{"embeddable":true,"href":"https:\/\/www.eeman-tuinmachines.be\/fr\/wp-json\/wp\/v2\/media\/27843"}],"wp:attachment":[{"href":"https:\/\/www.eeman-tuinmachines.be\/fr\/wp-json\/wp\/v2\/media?parent=27842"}],"wp:term":[{"taxonomy":"product_brand","embeddable":true,"href":"https:\/\/www.eeman-tuinmachines.be\/fr\/wp-json\/wp\/v2\/product_brand?post=27842"},{"taxonomy":"product_cat","embeddable":true,"href":"https:\/\/www.eeman-tuinmachines.be\/fr\/wp-json\/wp\/v2\/product_cat?post=27842"},{"taxonomy":"product_tag","embeddable":true,"href":"https:\/\/www.eeman-tuinmachines.be\/fr\/wp-json\/wp\/v2\/product_tag?post=27842"}],"curies":[{"name":"wp","href":"https:\/\/api.w.org\/{rel}","templated":true}]}}