{"id":7806,"date":"2025-04-03T03:18:13","date_gmt":"2025-04-03T03:18:13","guid":{"rendered":"http:\/\/www.eeman-tuinmachines.be\/product\/stihl-smart-connector-2-a-fr\/"},"modified":"2026-04-08T23:04:50","modified_gmt":"2026-04-08T23:04:50","slug":"stihl-smart-connector-2-a-fr","status":"publish","type":"product","link":"https:\/\/www.eeman-tuinmachines.be\/fr\/produit\/stihl-smart-connector-2-a-fr\/","title":{"rendered":"Smart Connector 2 A"},"content":{"rendered":"","protected":false},"excerpt":{"rendered":"","protected":false},"featured_media":26460,"template":"","meta":{"_acf_changed":false},"product_brand":[],"product_cat":[218,217,246],"product_tag":[387,405,386],"class_list":{"0":"post-7806","1":"product","2":"type-product","3":"status-publish","4":"has-post-thumbnail","6":"product_cat-appareils-et-outils-fr","7":"product_cat-stihl-fr","8":"product_cat-stihl-connected-solutions-connectees-fr","9":"product_tag-stihl","10":"product_tag-syndifie","11":"product_tag-syndified","13":"first","14":"instock","15":"shipping-taxable","16":"purchasable","17":"product-type-simple"},"acf":[],"yoast_head":"<!-- This site is optimized with the Yoast SEO plugin v27.5 - https:\/\/yoast.com\/product\/yoast-seo-wordpress\/ -->\n<title>STIHL Smart Connector 2 A<\/title>\n<meta name=\"description\" content=\"STIHL Smart Connector 2 A STIHL Smart Connector 2 A Gestion professionnelle de la flotte Qualit\u00e9 des donn\u00e9es am\u00e9lior\u00e9es Donn\u00e9es suppl\u00e9mentaires ...\" \/>\n<meta name=\"robots\" content=\"index, follow, max-snippet:-1, max-image-preview:large, max-video-preview:-1\" \/>\n<link rel=\"canonical\" href=\"https:\/\/www.eeman-tuinmachines.be\/fr\/produit\/stihl-smart-connector-2-a-fr\/\" \/>\n<meta property=\"og:locale\" content=\"fr_FR\" \/>\n<meta property=\"og:type\" content=\"article\" \/>\n<meta property=\"og:title\" content=\"STIHL Smart Connector 2 A\" \/>\n<meta property=\"og:description\" content=\"STIHL Smart Connector 2 A STIHL Smart Connector 2 A Gestion professionnelle de la flotte Qualit\u00e9 des donn\u00e9es am\u00e9lior\u00e9es Donn\u00e9es suppl\u00e9mentaires ...\" \/>\n<meta property=\"og:url\" content=\"https:\/\/www.eeman-tuinmachines.be\/fr\/produit\/stihl-smart-connector-2-a-fr\/\" \/>\n<meta property=\"og:site_name\" content=\"Eeman Tuinmachines\" \/>\n<meta property=\"article:modified_time\" content=\"2026-04-08T23:04:50+00:00\" \/>\n<meta property=\"og:image\" content=\"https:\/\/www.eeman-tuinmachines.be\/wp-content\/uploads\/2026\/03\/16569_DP-SMART_CONNECTOR_2_A-SP-003.webp\" \/>\n\t<meta property=\"og:image:width\" content=\"960\" \/>\n\t<meta property=\"og:image:height\" content=\"640\" \/>\n\t<meta property=\"og:image:type\" content=\"image\/webp\" \/>\n<meta name=\"twitter:card\" content=\"summary_large_image\" \/>\n<meta name=\"twitter:title\" content=\"STIHL Smart Connector 2 A\" \/>\n<meta name=\"twitter:description\" content=\"STIHL Smart Connector 2 A STIHL Smart Connector 2 A Gestion professionnelle de la flotte Qualit\u00e9 des donn\u00e9es am\u00e9lior\u00e9es Donn\u00e9es suppl\u00e9mentaires ...\" \/>\n<meta name=\"twitter:image\" content=\"https:\/\/www.eeman-tuinmachines.be\/wp-content\/uploads\/2026\/03\/16569_DP-SMART_CONNECTOR_2_A-SP-003.webp\" \/>\n<script type=\"application\/ld+json\" class=\"yoast-schema-graph\">{\"@context\":\"https:\\\/\\\/schema.org\",\"@graph\":[{\"@type\":\"WebPage\",\"@id\":\"https:\\\/\\\/www.eeman-tuinmachines.be\\\/fr\\\/produit\\\/stihl-smart-connector-2-a-fr\\\/\",\"url\":\"https:\\\/\\\/www.eeman-tuinmachines.be\\\/fr\\\/produit\\\/stihl-smart-connector-2-a-fr\\\/\",\"name\":\"STIHL Smart Connector 2 A\",\"isPartOf\":{\"@id\":\"https:\\\/\\\/www.eeman-tuinmachines.be\\\/fr\\\/#website\"},\"primaryImageOfPage\":{\"@id\":\"https:\\\/\\\/www.eeman-tuinmachines.be\\\/fr\\\/produit\\\/stihl-smart-connector-2-a-fr\\\/#primaryimage\"},\"image\":{\"@id\":\"https:\\\/\\\/www.eeman-tuinmachines.be\\\/fr\\\/produit\\\/stihl-smart-connector-2-a-fr\\\/#primaryimage\"},\"thumbnailUrl\":\"https:\\\/\\\/www.eeman-tuinmachines.be\\\/wp-content\\\/uploads\\\/2026\\\/03\\\/16569_DP-SMART_CONNECTOR_2_A-SP-003.webp\",\"datePublished\":\"2025-04-03T03:18:13+00:00\",\"dateModified\":\"2026-04-08T23:04:50+00:00\",\"description\":\"STIHL Smart Connector 2 A STIHL Smart Connector 2 A Gestion professionnelle de la flotte Qualit\u00e9 des donn\u00e9es am\u00e9lior\u00e9es Donn\u00e9es suppl\u00e9mentaires ...\",\"breadcrumb\":{\"@id\":\"https:\\\/\\\/www.eeman-tuinmachines.be\\\/fr\\\/produit\\\/stihl-smart-connector-2-a-fr\\\/#breadcrumb\"},\"inLanguage\":\"fr-FR\",\"potentialAction\":[{\"@type\":\"ReadAction\",\"target\":[\"https:\\\/\\\/www.eeman-tuinmachines.be\\\/fr\\\/produit\\\/stihl-smart-connector-2-a-fr\\\/\"]}]},{\"@type\":\"ImageObject\",\"inLanguage\":\"fr-FR\",\"@id\":\"https:\\\/\\\/www.eeman-tuinmachines.be\\\/fr\\\/produit\\\/stihl-smart-connector-2-a-fr\\\/#primaryimage\",\"url\":\"https:\\\/\\\/www.eeman-tuinmachines.be\\\/wp-content\\\/uploads\\\/2026\\\/03\\\/16569_DP-SMART_CONNECTOR_2_A-SP-003.webp\",\"contentUrl\":\"https:\\\/\\\/www.eeman-tuinmachines.be\\\/wp-content\\\/uploads\\\/2026\\\/03\\\/16569_DP-SMART_CONNECTOR_2_A-SP-003.webp\",\"width\":960,\"height\":640},{\"@type\":\"BreadcrumbList\",\"@id\":\"https:\\\/\\\/www.eeman-tuinmachines.be\\\/fr\\\/produit\\\/stihl-smart-connector-2-a-fr\\\/#breadcrumb\",\"itemListElement\":[{\"@type\":\"ListItem\",\"position\":1,\"name\":\"Home\",\"item\":\"https:\\\/\\\/www.eeman-tuinmachines.be\\\/fr\\\/\"},{\"@type\":\"ListItem\",\"position\":2,\"name\":\"Winkel\",\"item\":\"https:\\\/\\\/www.eeman-tuinmachines.be\\\/nl\\\/winkel\\\/\"},{\"@type\":\"ListItem\",\"position\":3,\"name\":\"Smart Connector 2 A\"}]},{\"@type\":\"WebSite\",\"@id\":\"https:\\\/\\\/www.eeman-tuinmachines.be\\\/fr\\\/#website\",\"url\":\"https:\\\/\\\/www.eeman-tuinmachines.be\\\/fr\\\/\",\"name\":\"Eeman Tuinmachines\",\"description\":\"\",\"potentialAction\":[{\"@type\":\"SearchAction\",\"target\":{\"@type\":\"EntryPoint\",\"urlTemplate\":\"https:\\\/\\\/www.eeman-tuinmachines.be\\\/fr\\\/?s={search_term_string}\"},\"query-input\":{\"@type\":\"PropertyValueSpecification\",\"valueRequired\":true,\"valueName\":\"search_term_string\"}}],\"inLanguage\":\"fr-FR\"}]}<\/script>\n<!-- \/ Yoast SEO plugin. -->","yoast_head_json":{"title":"STIHL Smart Connector 2 A","description":"STIHL Smart Connector 2 A STIHL Smart Connector 2 A Gestion professionnelle de la flotte Qualit\u00e9 des donn\u00e9es am\u00e9lior\u00e9es Donn\u00e9es suppl\u00e9mentaires ...","robots":{"index":"index","follow":"follow","max-snippet":"max-snippet:-1","max-image-preview":"max-image-preview:large","max-video-preview":"max-video-preview:-1"},"canonical":"https:\/\/www.eeman-tuinmachines.be\/fr\/produit\/stihl-smart-connector-2-a-fr\/","og_locale":"fr_FR","og_type":"article","og_title":"STIHL Smart Connector 2 A","og_description":"STIHL Smart Connector 2 A STIHL Smart Connector 2 A Gestion professionnelle de la flotte Qualit\u00e9 des donn\u00e9es am\u00e9lior\u00e9es Donn\u00e9es suppl\u00e9mentaires ...","og_url":"https:\/\/www.eeman-tuinmachines.be\/fr\/produit\/stihl-smart-connector-2-a-fr\/","og_site_name":"Eeman Tuinmachines","article_modified_time":"2026-04-08T23:04:50+00:00","og_image":[{"width":960,"height":640,"url":"https:\/\/www.eeman-tuinmachines.be\/wp-content\/uploads\/2026\/03\/16569_DP-SMART_CONNECTOR_2_A-SP-003.webp","type":"image\/webp"}],"twitter_card":"summary_large_image","twitter_title":"STIHL Smart Connector 2 A","twitter_description":"STIHL Smart Connector 2 A STIHL Smart Connector 2 A Gestion professionnelle de la flotte Qualit\u00e9 des donn\u00e9es am\u00e9lior\u00e9es Donn\u00e9es suppl\u00e9mentaires ...","twitter_image":"https:\/\/www.eeman-tuinmachines.be\/wp-content\/uploads\/2026\/03\/16569_DP-SMART_CONNECTOR_2_A-SP-003.webp","schema":{"@context":"https:\/\/schema.org","@graph":[{"@type":"WebPage","@id":"https:\/\/www.eeman-tuinmachines.be\/fr\/produit\/stihl-smart-connector-2-a-fr\/","url":"https:\/\/www.eeman-tuinmachines.be\/fr\/produit\/stihl-smart-connector-2-a-fr\/","name":"STIHL Smart Connector 2 A","isPartOf":{"@id":"https:\/\/www.eeman-tuinmachines.be\/fr\/#website"},"primaryImageOfPage":{"@id":"https:\/\/www.eeman-tuinmachines.be\/fr\/produit\/stihl-smart-connector-2-a-fr\/#primaryimage"},"image":{"@id":"https:\/\/www.eeman-tuinmachines.be\/fr\/produit\/stihl-smart-connector-2-a-fr\/#primaryimage"},"thumbnailUrl":"https:\/\/www.eeman-tuinmachines.be\/wp-content\/uploads\/2026\/03\/16569_DP-SMART_CONNECTOR_2_A-SP-003.webp","datePublished":"2025-04-03T03:18:13+00:00","dateModified":"2026-04-08T23:04:50+00:00","description":"STIHL Smart Connector 2 A STIHL Smart Connector 2 A Gestion professionnelle de la flotte Qualit\u00e9 des donn\u00e9es am\u00e9lior\u00e9es Donn\u00e9es suppl\u00e9mentaires ...","breadcrumb":{"@id":"https:\/\/www.eeman-tuinmachines.be\/fr\/produit\/stihl-smart-connector-2-a-fr\/#breadcrumb"},"inLanguage":"fr-FR","potentialAction":[{"@type":"ReadAction","target":["https:\/\/www.eeman-tuinmachines.be\/fr\/produit\/stihl-smart-connector-2-a-fr\/"]}]},{"@type":"ImageObject","inLanguage":"fr-FR","@id":"https:\/\/www.eeman-tuinmachines.be\/fr\/produit\/stihl-smart-connector-2-a-fr\/#primaryimage","url":"https:\/\/www.eeman-tuinmachines.be\/wp-content\/uploads\/2026\/03\/16569_DP-SMART_CONNECTOR_2_A-SP-003.webp","contentUrl":"https:\/\/www.eeman-tuinmachines.be\/wp-content\/uploads\/2026\/03\/16569_DP-SMART_CONNECTOR_2_A-SP-003.webp","width":960,"height":640},{"@type":"BreadcrumbList","@id":"https:\/\/www.eeman-tuinmachines.be\/fr\/produit\/stihl-smart-connector-2-a-fr\/#breadcrumb","itemListElement":[{"@type":"ListItem","position":1,"name":"Home","item":"https:\/\/www.eeman-tuinmachines.be\/fr\/"},{"@type":"ListItem","position":2,"name":"Winkel","item":"https:\/\/www.eeman-tuinmachines.be\/nl\/winkel\/"},{"@type":"ListItem","position":3,"name":"Smart Connector 2 A"}]},{"@type":"WebSite","@id":"https:\/\/www.eeman-tuinmachines.be\/fr\/#website","url":"https:\/\/www.eeman-tuinmachines.be\/fr\/","name":"Eeman Tuinmachines","description":"","potentialAction":[{"@type":"SearchAction","target":{"@type":"EntryPoint","urlTemplate":"https:\/\/www.eeman-tuinmachines.be\/fr\/?s={search_term_string}"},"query-input":{"@type":"PropertyValueSpecification","valueRequired":true,"valueName":"search_term_string"}}],"inLanguage":"fr-FR"}]}},"_links":{"self":[{"href":"https:\/\/www.eeman-tuinmachines.be\/fr\/wp-json\/wp\/v2\/product\/7806","targetHints":{"allow":["GET"]}}],"collection":[{"href":"https:\/\/www.eeman-tuinmachines.be\/fr\/wp-json\/wp\/v2\/product"}],"about":[{"href":"https:\/\/www.eeman-tuinmachines.be\/fr\/wp-json\/wp\/v2\/types\/product"}],"wp:featuredmedia":[{"embeddable":true,"href":"https:\/\/www.eeman-tuinmachines.be\/fr\/wp-json\/wp\/v2\/media\/26460"}],"wp:attachment":[{"href":"https:\/\/www.eeman-tuinmachines.be\/fr\/wp-json\/wp\/v2\/media?parent=7806"}],"wp:term":[{"taxonomy":"product_brand","embeddable":true,"href":"https:\/\/www.eeman-tuinmachines.be\/fr\/wp-json\/wp\/v2\/product_brand?post=7806"},{"taxonomy":"product_cat","embeddable":true,"href":"https:\/\/www.eeman-tuinmachines.be\/fr\/wp-json\/wp\/v2\/product_cat?post=7806"},{"taxonomy":"product_tag","embeddable":true,"href":"https:\/\/www.eeman-tuinmachines.be\/fr\/wp-json\/wp\/v2\/product_tag?post=7806"}],"curies":[{"name":"wp","href":"https:\/\/api.w.org\/{rel}","templated":true}]}}