{"id":7896,"date":"2025-04-03T03:25:54","date_gmt":"2025-04-03T03:25:54","guid":{"rendered":"http:\/\/www.eeman-tuinmachines.be\/product\/stihl-fr-410-c-e-autocut-25-2-fr\/"},"modified":"2026-05-02T10:12:33","modified_gmt":"2026-05-02T10:12:33","slug":"stihl-fr-410-c-e-autocut-25-2-fr","status":"publish","type":"product","link":"https:\/\/www.eeman-tuinmachines.be\/fr\/produit\/stihl-fr-410-c-e-autocut-25-2-fr\/","title":{"rendered":"FR 410 C-E, AutoCut 25-2"},"content":{"rendered":"","protected":false},"excerpt":{"rendered":"","protected":false},"featured_media":25319,"template":"","meta":{"_acf_changed":false},"product_brand":[],"product_cat":[218,223,736,217,648],"product_tag":[387,405,386],"class_list":{"0":"post-7896","1":"product","2":"type-product","3":"status-publish","4":"has-post-thumbnail","6":"product_cat-appareils-et-outils-fr","7":"product_cat-coupe-bordures-coupe-herbes-debroussailleuses-fr","8":"product_cat-debroussailleuse-a-dos","9":"product_cat-stihl-fr","10":"product_cat-tous-les-coupe-bordures-coupe-bordures-debroussailleuses","11":"product_tag-stihl","12":"product_tag-syndifie","13":"product_tag-syndified","15":"first","16":"instock","17":"shipping-taxable","18":"purchasable","19":"product-type-simple"},"acf":[],"yoast_head":"<!-- This site is optimized with the Yoast SEO plugin v27.6 - https:\/\/yoast.com\/product\/yoast-seo-wordpress\/ -->\n<title>STIHL FR 410 C-E - D\u00e9broussailleuse \u00e0 dos thermique<\/title>\n<meta name=\"description\" content=\"STIHL FR 410 C-E, AutoCut 25-2 D\u00e9broussailleuse confortable et puissante Pour les terrains difficilement praticables D\u00e9couvrez la FR 410 by Eeman Tu...\" \/>\n<meta name=\"robots\" content=\"index, follow, max-snippet:-1, max-image-preview:large, max-video-preview:-1\" \/>\n<link rel=\"canonical\" href=\"https:\/\/www.eeman-tuinmachines.be\/fr\/produit\/stihl-fr-410-c-e-autocut-25-2-fr\/\" \/>\n<meta property=\"og:locale\" content=\"fr_FR\" \/>\n<meta property=\"og:type\" content=\"article\" \/>\n<meta property=\"og:title\" content=\"STIHL FR 410 C-E - D\u00e9broussailleuse \u00e0 dos thermique\" \/>\n<meta property=\"og:description\" content=\"STIHL FR 410 C-E, AutoCut 25-2 D\u00e9broussailleuse confortable et puissante Pour les terrains difficilement praticables D\u00e9couvrez la FR 410 by Eeman Tu...\" \/>\n<meta property=\"og:url\" content=\"https:\/\/www.eeman-tuinmachines.be\/fr\/produit\/stihl-fr-410-c-e-autocut-25-2-fr\/\" \/>\n<meta property=\"og:site_name\" content=\"Eeman Tuinmachines\" \/>\n<meta property=\"article:modified_time\" content=\"2026-05-02T10:12:33+00:00\" \/>\n<meta property=\"og:image\" content=\"https:\/\/www.eeman-tuinmachines.be\/wp-content\/uploads\/2026\/01\/32255_F-FR410CE-D001-1.webp\" \/>\n\t<meta property=\"og:image:width\" content=\"960\" \/>\n\t<meta property=\"og:image:height\" content=\"645\" \/>\n\t<meta property=\"og:image:type\" content=\"image\/webp\" \/>\n<meta name=\"twitter:card\" content=\"summary_large_image\" \/>\n<meta name=\"twitter:title\" content=\"STIHL FR 410 C-E - D\u00e9broussailleuse \u00e0 dos thermique\" \/>\n<meta name=\"twitter:description\" content=\"STIHL FR 410 C-E, AutoCut 25-2 D\u00e9broussailleuse confortable et puissante Pour les terrains difficilement praticables D\u00e9couvrez la FR 410 by Eeman Tu...\" \/>\n<meta name=\"twitter:image\" content=\"https:\/\/www.eeman-tuinmachines.be\/wp-content\/uploads\/2026\/01\/32255_F-FR410CE-D001-1.webp\" \/>\n<script type=\"application\/ld+json\" class=\"yoast-schema-graph\">{\"@context\":\"https:\\\/\\\/schema.org\",\"@graph\":[{\"@type\":\"WebPage\",\"@id\":\"https:\\\/\\\/www.eeman-tuinmachines.be\\\/fr\\\/produit\\\/stihl-fr-410-c-e-autocut-25-2-fr\\\/\",\"url\":\"https:\\\/\\\/www.eeman-tuinmachines.be\\\/fr\\\/produit\\\/stihl-fr-410-c-e-autocut-25-2-fr\\\/\",\"name\":\"STIHL FR 410 C-E - D\u00e9broussailleuse \u00e0 dos thermique\",\"isPartOf\":{\"@id\":\"https:\\\/\\\/www.eeman-tuinmachines.be\\\/fr\\\/#website\"},\"primaryImageOfPage\":{\"@id\":\"https:\\\/\\\/www.eeman-tuinmachines.be\\\/fr\\\/produit\\\/stihl-fr-410-c-e-autocut-25-2-fr\\\/#primaryimage\"},\"image\":{\"@id\":\"https:\\\/\\\/www.eeman-tuinmachines.be\\\/fr\\\/produit\\\/stihl-fr-410-c-e-autocut-25-2-fr\\\/#primaryimage\"},\"thumbnailUrl\":\"https:\\\/\\\/www.eeman-tuinmachines.be\\\/wp-content\\\/uploads\\\/2026\\\/01\\\/32255_F-FR410CE-D001-1.webp\",\"datePublished\":\"2025-04-03T03:25:54+00:00\",\"dateModified\":\"2026-05-02T10:12:33+00:00\",\"description\":\"STIHL FR 410 C-E, AutoCut 25-2 D\u00e9broussailleuse confortable et puissante Pour les terrains difficilement praticables D\u00e9couvrez la FR 410 by Eeman Tu...\",\"breadcrumb\":{\"@id\":\"https:\\\/\\\/www.eeman-tuinmachines.be\\\/fr\\\/produit\\\/stihl-fr-410-c-e-autocut-25-2-fr\\\/#breadcrumb\"},\"inLanguage\":\"fr-FR\",\"potentialAction\":[{\"@type\":\"ReadAction\",\"target\":[\"https:\\\/\\\/www.eeman-tuinmachines.be\\\/fr\\\/produit\\\/stihl-fr-410-c-e-autocut-25-2-fr\\\/\"]}]},{\"@type\":\"ImageObject\",\"inLanguage\":\"fr-FR\",\"@id\":\"https:\\\/\\\/www.eeman-tuinmachines.be\\\/fr\\\/produit\\\/stihl-fr-410-c-e-autocut-25-2-fr\\\/#primaryimage\",\"url\":\"https:\\\/\\\/www.eeman-tuinmachines.be\\\/wp-content\\\/uploads\\\/2026\\\/01\\\/32255_F-FR410CE-D001-1.webp\",\"contentUrl\":\"https:\\\/\\\/www.eeman-tuinmachines.be\\\/wp-content\\\/uploads\\\/2026\\\/01\\\/32255_F-FR410CE-D001-1.webp\",\"width\":960,\"height\":645},{\"@type\":\"BreadcrumbList\",\"@id\":\"https:\\\/\\\/www.eeman-tuinmachines.be\\\/fr\\\/produit\\\/stihl-fr-410-c-e-autocut-25-2-fr\\\/#breadcrumb\",\"itemListElement\":[{\"@type\":\"ListItem\",\"position\":1,\"name\":\"Home\",\"item\":\"https:\\\/\\\/www.eeman-tuinmachines.be\\\/fr\\\/\"},{\"@type\":\"ListItem\",\"position\":2,\"name\":\"Winkel\",\"item\":\"https:\\\/\\\/www.eeman-tuinmachines.be\\\/nl\\\/winkel\\\/\"},{\"@type\":\"ListItem\",\"position\":3,\"name\":\"FR 410 C-E, AutoCut 25-2\"}]},{\"@type\":\"WebSite\",\"@id\":\"https:\\\/\\\/www.eeman-tuinmachines.be\\\/fr\\\/#website\",\"url\":\"https:\\\/\\\/www.eeman-tuinmachines.be\\\/fr\\\/\",\"name\":\"Eeman Tuinmachines\",\"description\":\"\",\"potentialAction\":[{\"@type\":\"SearchAction\",\"target\":{\"@type\":\"EntryPoint\",\"urlTemplate\":\"https:\\\/\\\/www.eeman-tuinmachines.be\\\/fr\\\/?s={search_term_string}\"},\"query-input\":{\"@type\":\"PropertyValueSpecification\",\"valueRequired\":true,\"valueName\":\"search_term_string\"}}],\"inLanguage\":\"fr-FR\"}]}<\/script>\n<!-- \/ Yoast SEO plugin. -->","yoast_head_json":{"title":"STIHL FR 410 C-E - D\u00e9broussailleuse \u00e0 dos thermique","description":"STIHL FR 410 C-E, AutoCut 25-2 D\u00e9broussailleuse confortable et puissante Pour les terrains difficilement praticables D\u00e9couvrez la FR 410 by Eeman Tu...","robots":{"index":"index","follow":"follow","max-snippet":"max-snippet:-1","max-image-preview":"max-image-preview:large","max-video-preview":"max-video-preview:-1"},"canonical":"https:\/\/www.eeman-tuinmachines.be\/fr\/produit\/stihl-fr-410-c-e-autocut-25-2-fr\/","og_locale":"fr_FR","og_type":"article","og_title":"STIHL FR 410 C-E - D\u00e9broussailleuse \u00e0 dos thermique","og_description":"STIHL FR 410 C-E, AutoCut 25-2 D\u00e9broussailleuse confortable et puissante Pour les terrains difficilement praticables D\u00e9couvrez la FR 410 by Eeman Tu...","og_url":"https:\/\/www.eeman-tuinmachines.be\/fr\/produit\/stihl-fr-410-c-e-autocut-25-2-fr\/","og_site_name":"Eeman Tuinmachines","article_modified_time":"2026-05-02T10:12:33+00:00","og_image":[{"width":960,"height":645,"url":"https:\/\/www.eeman-tuinmachines.be\/wp-content\/uploads\/2026\/01\/32255_F-FR410CE-D001-1.webp","type":"image\/webp"}],"twitter_card":"summary_large_image","twitter_title":"STIHL FR 410 C-E - D\u00e9broussailleuse \u00e0 dos thermique","twitter_description":"STIHL FR 410 C-E, AutoCut 25-2 D\u00e9broussailleuse confortable et puissante Pour les terrains difficilement praticables D\u00e9couvrez la FR 410 by Eeman Tu...","twitter_image":"https:\/\/www.eeman-tuinmachines.be\/wp-content\/uploads\/2026\/01\/32255_F-FR410CE-D001-1.webp","schema":{"@context":"https:\/\/schema.org","@graph":[{"@type":"WebPage","@id":"https:\/\/www.eeman-tuinmachines.be\/fr\/produit\/stihl-fr-410-c-e-autocut-25-2-fr\/","url":"https:\/\/www.eeman-tuinmachines.be\/fr\/produit\/stihl-fr-410-c-e-autocut-25-2-fr\/","name":"STIHL FR 410 C-E - D\u00e9broussailleuse \u00e0 dos thermique","isPartOf":{"@id":"https:\/\/www.eeman-tuinmachines.be\/fr\/#website"},"primaryImageOfPage":{"@id":"https:\/\/www.eeman-tuinmachines.be\/fr\/produit\/stihl-fr-410-c-e-autocut-25-2-fr\/#primaryimage"},"image":{"@id":"https:\/\/www.eeman-tuinmachines.be\/fr\/produit\/stihl-fr-410-c-e-autocut-25-2-fr\/#primaryimage"},"thumbnailUrl":"https:\/\/www.eeman-tuinmachines.be\/wp-content\/uploads\/2026\/01\/32255_F-FR410CE-D001-1.webp","datePublished":"2025-04-03T03:25:54+00:00","dateModified":"2026-05-02T10:12:33+00:00","description":"STIHL FR 410 C-E, AutoCut 25-2 D\u00e9broussailleuse confortable et puissante Pour les terrains difficilement praticables D\u00e9couvrez la FR 410 by Eeman Tu...","breadcrumb":{"@id":"https:\/\/www.eeman-tuinmachines.be\/fr\/produit\/stihl-fr-410-c-e-autocut-25-2-fr\/#breadcrumb"},"inLanguage":"fr-FR","potentialAction":[{"@type":"ReadAction","target":["https:\/\/www.eeman-tuinmachines.be\/fr\/produit\/stihl-fr-410-c-e-autocut-25-2-fr\/"]}]},{"@type":"ImageObject","inLanguage":"fr-FR","@id":"https:\/\/www.eeman-tuinmachines.be\/fr\/produit\/stihl-fr-410-c-e-autocut-25-2-fr\/#primaryimage","url":"https:\/\/www.eeman-tuinmachines.be\/wp-content\/uploads\/2026\/01\/32255_F-FR410CE-D001-1.webp","contentUrl":"https:\/\/www.eeman-tuinmachines.be\/wp-content\/uploads\/2026\/01\/32255_F-FR410CE-D001-1.webp","width":960,"height":645},{"@type":"BreadcrumbList","@id":"https:\/\/www.eeman-tuinmachines.be\/fr\/produit\/stihl-fr-410-c-e-autocut-25-2-fr\/#breadcrumb","itemListElement":[{"@type":"ListItem","position":1,"name":"Home","item":"https:\/\/www.eeman-tuinmachines.be\/fr\/"},{"@type":"ListItem","position":2,"name":"Winkel","item":"https:\/\/www.eeman-tuinmachines.be\/nl\/winkel\/"},{"@type":"ListItem","position":3,"name":"FR 410 C-E, AutoCut 25-2"}]},{"@type":"WebSite","@id":"https:\/\/www.eeman-tuinmachines.be\/fr\/#website","url":"https:\/\/www.eeman-tuinmachines.be\/fr\/","name":"Eeman Tuinmachines","description":"","potentialAction":[{"@type":"SearchAction","target":{"@type":"EntryPoint","urlTemplate":"https:\/\/www.eeman-tuinmachines.be\/fr\/?s={search_term_string}"},"query-input":{"@type":"PropertyValueSpecification","valueRequired":true,"valueName":"search_term_string"}}],"inLanguage":"fr-FR"}]}},"_links":{"self":[{"href":"https:\/\/www.eeman-tuinmachines.be\/fr\/wp-json\/wp\/v2\/product\/7896","targetHints":{"allow":["GET"]}}],"collection":[{"href":"https:\/\/www.eeman-tuinmachines.be\/fr\/wp-json\/wp\/v2\/product"}],"about":[{"href":"https:\/\/www.eeman-tuinmachines.be\/fr\/wp-json\/wp\/v2\/types\/product"}],"wp:featuredmedia":[{"embeddable":true,"href":"https:\/\/www.eeman-tuinmachines.be\/fr\/wp-json\/wp\/v2\/media\/25319"}],"wp:attachment":[{"href":"https:\/\/www.eeman-tuinmachines.be\/fr\/wp-json\/wp\/v2\/media?parent=7896"}],"wp:term":[{"taxonomy":"product_brand","embeddable":true,"href":"https:\/\/www.eeman-tuinmachines.be\/fr\/wp-json\/wp\/v2\/product_brand?post=7896"},{"taxonomy":"product_cat","embeddable":true,"href":"https:\/\/www.eeman-tuinmachines.be\/fr\/wp-json\/wp\/v2\/product_cat?post=7896"},{"taxonomy":"product_tag","embeddable":true,"href":"https:\/\/www.eeman-tuinmachines.be\/fr\/wp-json\/wp\/v2\/product_tag?post=7896"}],"curies":[{"name":"wp","href":"https:\/\/api.w.org\/{rel}","templated":true}]}}