{"id":8433,"date":"2025-04-03T04:51:48","date_gmt":"2025-04-03T04:51:48","guid":{"rendered":"http:\/\/www.eeman-tuinmachines.be\/product\/stihl-bec-verseur-pour-huile-de-chaine-fr\/"},"modified":"2026-04-03T15:11:41","modified_gmt":"2026-04-03T15:11:41","slug":"stihl-bec-verseur-pour-huile-de-chaine-fr","status":"publish","type":"product","link":"https:\/\/www.eeman-tuinmachines.be\/fr\/produit\/stihl-bec-verseur-pour-huile-de-chaine-fr\/","title":{"rendered":"Bec verseur, pour huile de cha\u00eene"},"content":{"rendered":"","protected":false},"excerpt":{"rendered":"","protected":false},"featured_media":20516,"template":"","meta":{"_acf_changed":false},"product_brand":[],"product_cat":[276,273,249],"product_tag":[387,405,386],"class_list":{"0":"post-8433","1":"product","2":"type-product","3":"status-publish","4":"has-post-thumbnail","6":"product_cat-bidons-dessence-systemes-de-remplissage-fr","7":"product_cat-carburants-huiles-detergents-graisses-fr","8":"product_cat-stihl-accessoires-fr","9":"product_tag-stihl","10":"product_tag-syndifie","11":"product_tag-syndified","13":"first","14":"instock","15":"shipping-taxable","16":"purchasable","17":"product-type-simple"},"acf":[],"yoast_head":"<!-- This site is optimized with the Yoast SEO plugin v27.3 - https:\/\/yoast.com\/product\/yoast-seo-wordpress\/ -->\n<title>STIHL Pour bidon combin\u00e9 STIHL, pour \u00e9viter de renverse\u2026<\/title>\n<meta name=\"description\" content=\"STIHL Bec verseur, pour huile de cha\u00eene einf\u00fcllsystem f\u00fcr s\u00e4gekettenhaft\u00f6l, einfaches betanken, ohne \u00fcberf\u00fcllen, kanister \u00fcber kopf auf tank d...\" \/>\n<meta name=\"robots\" content=\"index, follow, max-snippet:-1, max-image-preview:large, max-video-preview:-1\" \/>\n<link rel=\"canonical\" href=\"https:\/\/www.eeman-tuinmachines.be\/fr\/produit\/stihl-bec-verseur-pour-huile-de-chaine-fr\/\" \/>\n<meta property=\"og:locale\" content=\"fr_FR\" \/>\n<meta property=\"og:type\" content=\"article\" \/>\n<meta property=\"og:title\" content=\"STIHL Pour bidon combin\u00e9 STIHL, pour \u00e9viter de renverser...\" \/>\n<meta property=\"og:description\" content=\"STIHL Bec verseur, pour huile de cha\u00eene einf\u00fcllsystem f\u00fcr s\u00e4gekettenhaft\u00f6l, einfaches betanken, ohne \u00fcberf\u00fcllen, kanister \u00fcber kopf auf tank d...\" \/>\n<meta property=\"og:url\" content=\"https:\/\/www.eeman-tuinmachines.be\/fr\/produit\/stihl-bec-verseur-pour-huile-de-chaine-fr\/\" \/>\n<meta property=\"og:site_name\" content=\"Eeman Tuinmachines\" \/>\n<meta property=\"article:modified_time\" content=\"2026-04-03T15:11:41+00:00\" \/>\n<meta property=\"og:image\" content=\"https:\/\/www.eeman-tuinmachines.be\/wp-content\/uploads\/2025\/12\/44203_Z009Z044.webp\" \/>\n\t<meta property=\"og:image:width\" content=\"960\" \/>\n\t<meta property=\"og:image:height\" content=\"962\" \/>\n\t<meta property=\"og:image:type\" content=\"image\/webp\" \/>\n<meta name=\"twitter:card\" content=\"summary_large_image\" \/>\n<meta name=\"twitter:title\" content=\"STIHL Pour bidon combin\u00e9 STIHL, pour \u00e9viter de renverser...\" \/>\n<meta name=\"twitter:description\" content=\"STIHL Bec verseur, pour huile de cha\u00eene einf\u00fcllsystem f\u00fcr s\u00e4gekettenhaft\u00f6l, einfaches betanken, ohne \u00fcberf\u00fcllen, kanister \u00fcber kopf auf tank d...\" \/>\n<meta name=\"twitter:image\" content=\"https:\/\/www.eeman-tuinmachines.be\/wp-content\/uploads\/2025\/12\/44203_Z009Z044.webp\" \/>\n<script type=\"application\/ld+json\" class=\"yoast-schema-graph\">{\"@context\":\"https:\\\/\\\/schema.org\",\"@graph\":[{\"@type\":\"WebPage\",\"@id\":\"https:\\\/\\\/www.eeman-tuinmachines.be\\\/fr\\\/produit\\\/stihl-bec-verseur-pour-huile-de-chaine-fr\\\/\",\"url\":\"https:\\\/\\\/www.eeman-tuinmachines.be\\\/fr\\\/produit\\\/stihl-bec-verseur-pour-huile-de-chaine-fr\\\/\",\"name\":\"STIHL Pour bidon combin\u00e9 STIHL, pour \u00e9viter de renverser...\",\"isPartOf\":{\"@id\":\"https:\\\/\\\/www.eeman-tuinmachines.be\\\/fr\\\/#website\"},\"primaryImageOfPage\":{\"@id\":\"https:\\\/\\\/www.eeman-tuinmachines.be\\\/fr\\\/produit\\\/stihl-bec-verseur-pour-huile-de-chaine-fr\\\/#primaryimage\"},\"image\":{\"@id\":\"https:\\\/\\\/www.eeman-tuinmachines.be\\\/fr\\\/produit\\\/stihl-bec-verseur-pour-huile-de-chaine-fr\\\/#primaryimage\"},\"thumbnailUrl\":\"https:\\\/\\\/www.eeman-tuinmachines.be\\\/wp-content\\\/uploads\\\/2025\\\/12\\\/44203_Z009Z044.webp\",\"datePublished\":\"2025-04-03T04:51:48+00:00\",\"dateModified\":\"2026-04-03T15:11:41+00:00\",\"description\":\"STIHL Bec verseur, pour huile de cha\u00eene einf\u00fcllsystem f\u00fcr s\u00e4gekettenhaft\u00f6l, einfaches betanken, ohne \u00fcberf\u00fcllen, kanister \u00fcber kopf auf tank d...\",\"breadcrumb\":{\"@id\":\"https:\\\/\\\/www.eeman-tuinmachines.be\\\/fr\\\/produit\\\/stihl-bec-verseur-pour-huile-de-chaine-fr\\\/#breadcrumb\"},\"inLanguage\":\"fr-FR\",\"potentialAction\":[{\"@type\":\"ReadAction\",\"target\":[\"https:\\\/\\\/www.eeman-tuinmachines.be\\\/fr\\\/produit\\\/stihl-bec-verseur-pour-huile-de-chaine-fr\\\/\"]}]},{\"@type\":\"ImageObject\",\"inLanguage\":\"fr-FR\",\"@id\":\"https:\\\/\\\/www.eeman-tuinmachines.be\\\/fr\\\/produit\\\/stihl-bec-verseur-pour-huile-de-chaine-fr\\\/#primaryimage\",\"url\":\"https:\\\/\\\/www.eeman-tuinmachines.be\\\/wp-content\\\/uploads\\\/2025\\\/12\\\/44203_Z009Z044.webp\",\"contentUrl\":\"https:\\\/\\\/www.eeman-tuinmachines.be\\\/wp-content\\\/uploads\\\/2025\\\/12\\\/44203_Z009Z044.webp\",\"width\":960,\"height\":962},{\"@type\":\"BreadcrumbList\",\"@id\":\"https:\\\/\\\/www.eeman-tuinmachines.be\\\/fr\\\/produit\\\/stihl-bec-verseur-pour-huile-de-chaine-fr\\\/#breadcrumb\",\"itemListElement\":[{\"@type\":\"ListItem\",\"position\":1,\"name\":\"Home\",\"item\":\"https:\\\/\\\/www.eeman-tuinmachines.be\\\/fr\\\/\"},{\"@type\":\"ListItem\",\"position\":2,\"name\":\"Winkel\",\"item\":\"https:\\\/\\\/www.eeman-tuinmachines.be\\\/nl\\\/winkel\\\/\"},{\"@type\":\"ListItem\",\"position\":3,\"name\":\"Bec verseur, pour huile de cha\u00eene\"}]},{\"@type\":\"WebSite\",\"@id\":\"https:\\\/\\\/www.eeman-tuinmachines.be\\\/fr\\\/#website\",\"url\":\"https:\\\/\\\/www.eeman-tuinmachines.be\\\/fr\\\/\",\"name\":\"Eeman Tuinmachines\",\"description\":\"\",\"potentialAction\":[{\"@type\":\"SearchAction\",\"target\":{\"@type\":\"EntryPoint\",\"urlTemplate\":\"https:\\\/\\\/www.eeman-tuinmachines.be\\\/fr\\\/?s={search_term_string}\"},\"query-input\":{\"@type\":\"PropertyValueSpecification\",\"valueRequired\":true,\"valueName\":\"search_term_string\"}}],\"inLanguage\":\"fr-FR\"}]}<\/script>\n<!-- \/ Yoast SEO plugin. -->","yoast_head_json":{"title":"STIHL Pour bidon combin\u00e9 STIHL, pour \u00e9viter de renverse\u2026","description":"STIHL Bec verseur, pour huile de cha\u00eene einf\u00fcllsystem f\u00fcr s\u00e4gekettenhaft\u00f6l, einfaches betanken, ohne \u00fcberf\u00fcllen, kanister \u00fcber kopf auf tank d...","robots":{"index":"index","follow":"follow","max-snippet":"max-snippet:-1","max-image-preview":"max-image-preview:large","max-video-preview":"max-video-preview:-1"},"canonical":"https:\/\/www.eeman-tuinmachines.be\/fr\/produit\/stihl-bec-verseur-pour-huile-de-chaine-fr\/","og_locale":"fr_FR","og_type":"article","og_title":"STIHL Pour bidon combin\u00e9 STIHL, pour \u00e9viter de renverser...","og_description":"STIHL Bec verseur, pour huile de cha\u00eene einf\u00fcllsystem f\u00fcr s\u00e4gekettenhaft\u00f6l, einfaches betanken, ohne \u00fcberf\u00fcllen, kanister \u00fcber kopf auf tank d...","og_url":"https:\/\/www.eeman-tuinmachines.be\/fr\/produit\/stihl-bec-verseur-pour-huile-de-chaine-fr\/","og_site_name":"Eeman Tuinmachines","article_modified_time":"2026-04-03T15:11:41+00:00","og_image":[{"width":960,"height":962,"url":"https:\/\/www.eeman-tuinmachines.be\/wp-content\/uploads\/2025\/12\/44203_Z009Z044.webp","type":"image\/webp"}],"twitter_card":"summary_large_image","twitter_title":"STIHL Pour bidon combin\u00e9 STIHL, pour \u00e9viter de renverser...","twitter_description":"STIHL Bec verseur, pour huile de cha\u00eene einf\u00fcllsystem f\u00fcr s\u00e4gekettenhaft\u00f6l, einfaches betanken, ohne \u00fcberf\u00fcllen, kanister \u00fcber kopf auf tank d...","twitter_image":"https:\/\/www.eeman-tuinmachines.be\/wp-content\/uploads\/2025\/12\/44203_Z009Z044.webp","schema":{"@context":"https:\/\/schema.org","@graph":[{"@type":"WebPage","@id":"https:\/\/www.eeman-tuinmachines.be\/fr\/produit\/stihl-bec-verseur-pour-huile-de-chaine-fr\/","url":"https:\/\/www.eeman-tuinmachines.be\/fr\/produit\/stihl-bec-verseur-pour-huile-de-chaine-fr\/","name":"STIHL Pour bidon combin\u00e9 STIHL, pour \u00e9viter de renverser...","isPartOf":{"@id":"https:\/\/www.eeman-tuinmachines.be\/fr\/#website"},"primaryImageOfPage":{"@id":"https:\/\/www.eeman-tuinmachines.be\/fr\/produit\/stihl-bec-verseur-pour-huile-de-chaine-fr\/#primaryimage"},"image":{"@id":"https:\/\/www.eeman-tuinmachines.be\/fr\/produit\/stihl-bec-verseur-pour-huile-de-chaine-fr\/#primaryimage"},"thumbnailUrl":"https:\/\/www.eeman-tuinmachines.be\/wp-content\/uploads\/2025\/12\/44203_Z009Z044.webp","datePublished":"2025-04-03T04:51:48+00:00","dateModified":"2026-04-03T15:11:41+00:00","description":"STIHL Bec verseur, pour huile de cha\u00eene einf\u00fcllsystem f\u00fcr s\u00e4gekettenhaft\u00f6l, einfaches betanken, ohne \u00fcberf\u00fcllen, kanister \u00fcber kopf auf tank d...","breadcrumb":{"@id":"https:\/\/www.eeman-tuinmachines.be\/fr\/produit\/stihl-bec-verseur-pour-huile-de-chaine-fr\/#breadcrumb"},"inLanguage":"fr-FR","potentialAction":[{"@type":"ReadAction","target":["https:\/\/www.eeman-tuinmachines.be\/fr\/produit\/stihl-bec-verseur-pour-huile-de-chaine-fr\/"]}]},{"@type":"ImageObject","inLanguage":"fr-FR","@id":"https:\/\/www.eeman-tuinmachines.be\/fr\/produit\/stihl-bec-verseur-pour-huile-de-chaine-fr\/#primaryimage","url":"https:\/\/www.eeman-tuinmachines.be\/wp-content\/uploads\/2025\/12\/44203_Z009Z044.webp","contentUrl":"https:\/\/www.eeman-tuinmachines.be\/wp-content\/uploads\/2025\/12\/44203_Z009Z044.webp","width":960,"height":962},{"@type":"BreadcrumbList","@id":"https:\/\/www.eeman-tuinmachines.be\/fr\/produit\/stihl-bec-verseur-pour-huile-de-chaine-fr\/#breadcrumb","itemListElement":[{"@type":"ListItem","position":1,"name":"Home","item":"https:\/\/www.eeman-tuinmachines.be\/fr\/"},{"@type":"ListItem","position":2,"name":"Winkel","item":"https:\/\/www.eeman-tuinmachines.be\/nl\/winkel\/"},{"@type":"ListItem","position":3,"name":"Bec verseur, pour huile de cha\u00eene"}]},{"@type":"WebSite","@id":"https:\/\/www.eeman-tuinmachines.be\/fr\/#website","url":"https:\/\/www.eeman-tuinmachines.be\/fr\/","name":"Eeman Tuinmachines","description":"","potentialAction":[{"@type":"SearchAction","target":{"@type":"EntryPoint","urlTemplate":"https:\/\/www.eeman-tuinmachines.be\/fr\/?s={search_term_string}"},"query-input":{"@type":"PropertyValueSpecification","valueRequired":true,"valueName":"search_term_string"}}],"inLanguage":"fr-FR"}]}},"_links":{"self":[{"href":"https:\/\/www.eeman-tuinmachines.be\/fr\/wp-json\/wp\/v2\/product\/8433","targetHints":{"allow":["GET"]}}],"collection":[{"href":"https:\/\/www.eeman-tuinmachines.be\/fr\/wp-json\/wp\/v2\/product"}],"about":[{"href":"https:\/\/www.eeman-tuinmachines.be\/fr\/wp-json\/wp\/v2\/types\/product"}],"wp:featuredmedia":[{"embeddable":true,"href":"https:\/\/www.eeman-tuinmachines.be\/fr\/wp-json\/wp\/v2\/media\/20516"}],"wp:attachment":[{"href":"https:\/\/www.eeman-tuinmachines.be\/fr\/wp-json\/wp\/v2\/media?parent=8433"}],"wp:term":[{"taxonomy":"product_brand","embeddable":true,"href":"https:\/\/www.eeman-tuinmachines.be\/fr\/wp-json\/wp\/v2\/product_brand?post=8433"},{"taxonomy":"product_cat","embeddable":true,"href":"https:\/\/www.eeman-tuinmachines.be\/fr\/wp-json\/wp\/v2\/product_cat?post=8433"},{"taxonomy":"product_tag","embeddable":true,"href":"https:\/\/www.eeman-tuinmachines.be\/fr\/wp-json\/wp\/v2\/product_tag?post=8433"}],"curies":[{"name":"wp","href":"https:\/\/api.w.org\/{rel}","templated":true}]}}