{"id":8745,"date":"2025-04-03T05:17:10","date_gmt":"2025-04-03T05:17:10","guid":{"rendered":"http:\/\/www.eeman-tuinmachines.be\/product\/stihl-lunettes-de-protection-light-plus-teintees-fr\/"},"modified":"2026-04-02T19:38:36","modified_gmt":"2026-04-02T19:38:36","slug":"stihl-lunettes-de-protection-light-plus-teintees-fr","status":"publish","type":"product","link":"https:\/\/www.eeman-tuinmachines.be\/fr\/produit\/stihl-lunettes-de-protection-light-plus-teintees-fr\/","title":{"rendered":"Lunettes de protection, Light Plus, teint\u00e9es"},"content":{"rendered":"","protected":false},"excerpt":{"rendered":"","protected":false},"featured_media":20568,"template":"","meta":{"_acf_changed":false},"product_brand":[],"product_cat":[366,349,319,291,384,353,357,311,374,399,302,277,394,380,258,402,269,350,389,315,381,298,372,278,354,396,321,283,307,377,363,288,249],"product_tag":[387,405,386],"class_list":{"0":"post-8745","1":"product","2":"type-product","3":"status-publish","4":"has-post-thumbnail","6":"product_cat-accessoires-pour-aspirateurs-eau-poussiere-fr","7":"product_cat-accessoires-pour-broyeurs-fr","8":"product_cat-accessoires-pour-combisysteme-multisysteme-fr","9":"product_cat-accessoires-pour-coupe-bordures-coupes-herbes-debroussailleuses-fr","10":"product_cat-accessoires-pour-decoupeuses-a-disque-fr","11":"product_cat-accessoires-pour-motoculteurs-motobineuses-fr","12":"product_cat-accessoires-pour-nettoyeurs-haute-pression-fr","13":"product_cat-accessoires-pour-perches-elagueuses-perches-delagage-fr","14":"product_cat-accessoires-pour-pulverisateurs-atomiseurs-fr","15":"product_cat-accessoires-pour-scies-de-jardin-secateurs-coupe-branches-scies-a-branches-fr","16":"product_cat-accessoires-pour-souffleurs-aspirateurs-de-feuilles-fr","17":"product_cat-accessoires-pour-taille-haies-taille-haies-sur-perche-fr","18":"product_cat-accessoires-pour-tarieres-fr","19":"product_cat-accessoires-pour-tronconneuse-a-pierre-tronconneuse-a-beton-fr","20":"product_cat-accessoires-pour-tronconneuses-fr","21":"product_cat-equipements-de-protection-individuelle-fr-accessoires-pour-scies-de-jardin-secateurs-coupe-branches-scies-a-branches-fr","22":"product_cat-equipements-de-protection-individuelle-fr","23":"product_cat-equipements-de-protection-individuelle-fr-accessoires-pour-broyeurs-fr","24":"product_cat-equipements-de-protection-individuelle-fr-accessoires-pour-decoupeuses-a-disque-fr","25":"product_cat-equipements-de-protection-individuelle-fr-accessoires-pour-perches-elagueuses-perches-delagage-fr","26":"product_cat-equipements-de-protection-individuelle-fr-accessoires-pour-tronconneuse-a-pierre-tronconneuse-a-beton-fr","27":"product_cat-equipements-de-protection-individuelle-fr-accessoires-pour-coupe-bordures-coupes-herbes-debroussailleuses-fr","28":"product_cat-equipements-de-protection-individuelle-fr-accessoires-pour-aspirateurs-eau-poussiere-fr","29":"product_cat-equipements-de-protection-individuelle-fr-accessoires-pour-taille-haies-taille-haies-sur-perche-fr","30":"product_cat-equipements-de-protection-individuelle-fr-accessoires-pour-motoculteurs-motobineuses-fr","31":"product_cat-equipements-de-protection-individuelle-fr-accessoires-pour-tarieres-fr","32":"product_cat-equipements-de-protection-individuelle-fr-accessoires-pour-combisysteme-multisysteme-fr","33":"product_cat-equipements-de-protection-individuelle-fr-stihl-accessoires-fr","34":"product_cat-equipements-de-protection-individuelle-fr-accessoires-pour-souffleurs-aspirateurs-de-feuilles-fr","35":"product_cat-equipements-de-protection-individuelle-fr-accessoires-pour-pulverisateurs-atomiseurs-fr","36":"product_cat-equipements-de-protection-individuelle-fr-accessoires-pour-nettoyeurs-haute-pression-fr","37":"product_cat-lunettes-de-protection-fr","38":"product_cat-stihl-accessoires-fr","39":"product_tag-stihl","40":"product_tag-syndifie","41":"product_tag-syndified","43":"first","44":"instock","45":"shipping-taxable","46":"purchasable","47":"product-type-simple"},"acf":[],"yoast_head":"<!-- This site is optimized with the Yoast SEO plugin v27.3 - https:\/\/yoast.com\/product\/yoast-seo-wordpress\/ -->\n<title>STIHL Lunettes de protection DYNAMIC LIGHT PLUS, teint\u00e9es<\/title>\n<meta name=\"description\" content=\"STIHL Lunettes de protection, Light Plus, teint\u00e9es Lunettes de protection DYNAMIC LIGHT PLUS, teint\u00e9es by Eeman Tuinmachines\" \/>\n<meta name=\"robots\" content=\"index, follow, max-snippet:-1, max-image-preview:large, max-video-preview:-1\" \/>\n<link rel=\"canonical\" href=\"https:\/\/www.eeman-tuinmachines.be\/fr\/produit\/stihl-lunettes-de-protection-light-plus-teintees-fr\/\" \/>\n<meta property=\"og:locale\" content=\"fr_FR\" \/>\n<meta property=\"og:type\" content=\"article\" \/>\n<meta property=\"og:title\" content=\"STIHL Lunettes de protection DYNAMIC LIGHT PLUS, teint\u00e9es\" \/>\n<meta property=\"og:description\" content=\"STIHL Lunettes de protection, Light Plus, teint\u00e9es Lunettes de protection DYNAMIC LIGHT PLUS, teint\u00e9es by Eeman Tuinmachines\" \/>\n<meta property=\"og:url\" content=\"https:\/\/www.eeman-tuinmachines.be\/fr\/produit\/stihl-lunettes-de-protection-light-plus-teintees-fr\/\" \/>\n<meta property=\"og:site_name\" content=\"Eeman Tuinmachines\" \/>\n<meta property=\"article:modified_time\" content=\"2026-04-02T19:38:36+00:00\" \/>\n<meta property=\"og:image\" content=\"https:\/\/www.eeman-tuinmachines.be\/wp-content\/uploads\/2025\/12\/36601_Z-BRILLE_LIGHT_P-D003.webp\" \/>\n\t<meta property=\"og:image:width\" content=\"960\" \/>\n\t<meta property=\"og:image:height\" content=\"640\" \/>\n\t<meta property=\"og:image:type\" content=\"image\/webp\" \/>\n<meta name=\"twitter:card\" content=\"summary_large_image\" \/>\n<meta name=\"twitter:title\" content=\"STIHL Lunettes de protection DYNAMIC LIGHT PLUS, teint\u00e9es\" \/>\n<meta name=\"twitter:description\" content=\"STIHL Lunettes de protection, Light Plus, teint\u00e9es Lunettes de protection DYNAMIC LIGHT PLUS, teint\u00e9es by Eeman Tuinmachines\" \/>\n<meta name=\"twitter:image\" content=\"https:\/\/www.eeman-tuinmachines.be\/wp-content\/uploads\/2025\/12\/36601_Z-BRILLE_LIGHT_P-D003.webp\" \/>\n<script type=\"application\/ld+json\" class=\"yoast-schema-graph\">{\"@context\":\"https:\\\/\\\/schema.org\",\"@graph\":[{\"@type\":\"WebPage\",\"@id\":\"https:\\\/\\\/www.eeman-tuinmachines.be\\\/fr\\\/produit\\\/stihl-lunettes-de-protection-light-plus-teintees-fr\\\/\",\"url\":\"https:\\\/\\\/www.eeman-tuinmachines.be\\\/fr\\\/produit\\\/stihl-lunettes-de-protection-light-plus-teintees-fr\\\/\",\"name\":\"STIHL Lunettes de protection DYNAMIC LIGHT PLUS, teint\u00e9es\",\"isPartOf\":{\"@id\":\"https:\\\/\\\/www.eeman-tuinmachines.be\\\/fr\\\/#website\"},\"primaryImageOfPage\":{\"@id\":\"https:\\\/\\\/www.eeman-tuinmachines.be\\\/fr\\\/produit\\\/stihl-lunettes-de-protection-light-plus-teintees-fr\\\/#primaryimage\"},\"image\":{\"@id\":\"https:\\\/\\\/www.eeman-tuinmachines.be\\\/fr\\\/produit\\\/stihl-lunettes-de-protection-light-plus-teintees-fr\\\/#primaryimage\"},\"thumbnailUrl\":\"https:\\\/\\\/www.eeman-tuinmachines.be\\\/wp-content\\\/uploads\\\/2025\\\/12\\\/36601_Z-BRILLE_LIGHT_P-D003.webp\",\"datePublished\":\"2025-04-03T05:17:10+00:00\",\"dateModified\":\"2026-04-02T19:38:36+00:00\",\"description\":\"STIHL Lunettes de protection, Light Plus, teint\u00e9es Lunettes de protection DYNAMIC LIGHT PLUS, teint\u00e9es by Eeman Tuinmachines\",\"breadcrumb\":{\"@id\":\"https:\\\/\\\/www.eeman-tuinmachines.be\\\/fr\\\/produit\\\/stihl-lunettes-de-protection-light-plus-teintees-fr\\\/#breadcrumb\"},\"inLanguage\":\"fr-FR\",\"potentialAction\":[{\"@type\":\"ReadAction\",\"target\":[\"https:\\\/\\\/www.eeman-tuinmachines.be\\\/fr\\\/produit\\\/stihl-lunettes-de-protection-light-plus-teintees-fr\\\/\"]}]},{\"@type\":\"ImageObject\",\"inLanguage\":\"fr-FR\",\"@id\":\"https:\\\/\\\/www.eeman-tuinmachines.be\\\/fr\\\/produit\\\/stihl-lunettes-de-protection-light-plus-teintees-fr\\\/#primaryimage\",\"url\":\"https:\\\/\\\/www.eeman-tuinmachines.be\\\/wp-content\\\/uploads\\\/2025\\\/12\\\/36601_Z-BRILLE_LIGHT_P-D003.webp\",\"contentUrl\":\"https:\\\/\\\/www.eeman-tuinmachines.be\\\/wp-content\\\/uploads\\\/2025\\\/12\\\/36601_Z-BRILLE_LIGHT_P-D003.webp\",\"width\":960,\"height\":640},{\"@type\":\"BreadcrumbList\",\"@id\":\"https:\\\/\\\/www.eeman-tuinmachines.be\\\/fr\\\/produit\\\/stihl-lunettes-de-protection-light-plus-teintees-fr\\\/#breadcrumb\",\"itemListElement\":[{\"@type\":\"ListItem\",\"position\":1,\"name\":\"Home\",\"item\":\"https:\\\/\\\/www.eeman-tuinmachines.be\\\/fr\\\/\"},{\"@type\":\"ListItem\",\"position\":2,\"name\":\"Winkel\",\"item\":\"https:\\\/\\\/www.eeman-tuinmachines.be\\\/nl\\\/winkel\\\/\"},{\"@type\":\"ListItem\",\"position\":3,\"name\":\"Lunettes de protection, Light Plus, teint\u00e9es\"}]},{\"@type\":\"WebSite\",\"@id\":\"https:\\\/\\\/www.eeman-tuinmachines.be\\\/fr\\\/#website\",\"url\":\"https:\\\/\\\/www.eeman-tuinmachines.be\\\/fr\\\/\",\"name\":\"Eeman Tuinmachines\",\"description\":\"\",\"potentialAction\":[{\"@type\":\"SearchAction\",\"target\":{\"@type\":\"EntryPoint\",\"urlTemplate\":\"https:\\\/\\\/www.eeman-tuinmachines.be\\\/fr\\\/?s={search_term_string}\"},\"query-input\":{\"@type\":\"PropertyValueSpecification\",\"valueRequired\":true,\"valueName\":\"search_term_string\"}}],\"inLanguage\":\"fr-FR\"}]}<\/script>\n<!-- \/ Yoast SEO plugin. -->","yoast_head_json":{"title":"STIHL Lunettes de protection DYNAMIC LIGHT PLUS, teint\u00e9es","description":"STIHL Lunettes de protection, Light Plus, teint\u00e9es Lunettes de protection DYNAMIC LIGHT PLUS, teint\u00e9es by Eeman Tuinmachines","robots":{"index":"index","follow":"follow","max-snippet":"max-snippet:-1","max-image-preview":"max-image-preview:large","max-video-preview":"max-video-preview:-1"},"canonical":"https:\/\/www.eeman-tuinmachines.be\/fr\/produit\/stihl-lunettes-de-protection-light-plus-teintees-fr\/","og_locale":"fr_FR","og_type":"article","og_title":"STIHL Lunettes de protection DYNAMIC LIGHT PLUS, teint\u00e9es","og_description":"STIHL Lunettes de protection, Light Plus, teint\u00e9es Lunettes de protection DYNAMIC LIGHT PLUS, teint\u00e9es by Eeman Tuinmachines","og_url":"https:\/\/www.eeman-tuinmachines.be\/fr\/produit\/stihl-lunettes-de-protection-light-plus-teintees-fr\/","og_site_name":"Eeman Tuinmachines","article_modified_time":"2026-04-02T19:38:36+00:00","og_image":[{"width":960,"height":640,"url":"https:\/\/www.eeman-tuinmachines.be\/wp-content\/uploads\/2025\/12\/36601_Z-BRILLE_LIGHT_P-D003.webp","type":"image\/webp"}],"twitter_card":"summary_large_image","twitter_title":"STIHL Lunettes de protection DYNAMIC LIGHT PLUS, teint\u00e9es","twitter_description":"STIHL Lunettes de protection, Light Plus, teint\u00e9es Lunettes de protection DYNAMIC LIGHT PLUS, teint\u00e9es by Eeman Tuinmachines","twitter_image":"https:\/\/www.eeman-tuinmachines.be\/wp-content\/uploads\/2025\/12\/36601_Z-BRILLE_LIGHT_P-D003.webp","schema":{"@context":"https:\/\/schema.org","@graph":[{"@type":"WebPage","@id":"https:\/\/www.eeman-tuinmachines.be\/fr\/produit\/stihl-lunettes-de-protection-light-plus-teintees-fr\/","url":"https:\/\/www.eeman-tuinmachines.be\/fr\/produit\/stihl-lunettes-de-protection-light-plus-teintees-fr\/","name":"STIHL Lunettes de protection DYNAMIC LIGHT PLUS, teint\u00e9es","isPartOf":{"@id":"https:\/\/www.eeman-tuinmachines.be\/fr\/#website"},"primaryImageOfPage":{"@id":"https:\/\/www.eeman-tuinmachines.be\/fr\/produit\/stihl-lunettes-de-protection-light-plus-teintees-fr\/#primaryimage"},"image":{"@id":"https:\/\/www.eeman-tuinmachines.be\/fr\/produit\/stihl-lunettes-de-protection-light-plus-teintees-fr\/#primaryimage"},"thumbnailUrl":"https:\/\/www.eeman-tuinmachines.be\/wp-content\/uploads\/2025\/12\/36601_Z-BRILLE_LIGHT_P-D003.webp","datePublished":"2025-04-03T05:17:10+00:00","dateModified":"2026-04-02T19:38:36+00:00","description":"STIHL Lunettes de protection, Light Plus, teint\u00e9es Lunettes de protection DYNAMIC LIGHT PLUS, teint\u00e9es by Eeman Tuinmachines","breadcrumb":{"@id":"https:\/\/www.eeman-tuinmachines.be\/fr\/produit\/stihl-lunettes-de-protection-light-plus-teintees-fr\/#breadcrumb"},"inLanguage":"fr-FR","potentialAction":[{"@type":"ReadAction","target":["https:\/\/www.eeman-tuinmachines.be\/fr\/produit\/stihl-lunettes-de-protection-light-plus-teintees-fr\/"]}]},{"@type":"ImageObject","inLanguage":"fr-FR","@id":"https:\/\/www.eeman-tuinmachines.be\/fr\/produit\/stihl-lunettes-de-protection-light-plus-teintees-fr\/#primaryimage","url":"https:\/\/www.eeman-tuinmachines.be\/wp-content\/uploads\/2025\/12\/36601_Z-BRILLE_LIGHT_P-D003.webp","contentUrl":"https:\/\/www.eeman-tuinmachines.be\/wp-content\/uploads\/2025\/12\/36601_Z-BRILLE_LIGHT_P-D003.webp","width":960,"height":640},{"@type":"BreadcrumbList","@id":"https:\/\/www.eeman-tuinmachines.be\/fr\/produit\/stihl-lunettes-de-protection-light-plus-teintees-fr\/#breadcrumb","itemListElement":[{"@type":"ListItem","position":1,"name":"Home","item":"https:\/\/www.eeman-tuinmachines.be\/fr\/"},{"@type":"ListItem","position":2,"name":"Winkel","item":"https:\/\/www.eeman-tuinmachines.be\/nl\/winkel\/"},{"@type":"ListItem","position":3,"name":"Lunettes de protection, Light Plus, teint\u00e9es"}]},{"@type":"WebSite","@id":"https:\/\/www.eeman-tuinmachines.be\/fr\/#website","url":"https:\/\/www.eeman-tuinmachines.be\/fr\/","name":"Eeman Tuinmachines","description":"","potentialAction":[{"@type":"SearchAction","target":{"@type":"EntryPoint","urlTemplate":"https:\/\/www.eeman-tuinmachines.be\/fr\/?s={search_term_string}"},"query-input":{"@type":"PropertyValueSpecification","valueRequired":true,"valueName":"search_term_string"}}],"inLanguage":"fr-FR"}]}},"_links":{"self":[{"href":"https:\/\/www.eeman-tuinmachines.be\/fr\/wp-json\/wp\/v2\/product\/8745","targetHints":{"allow":["GET"]}}],"collection":[{"href":"https:\/\/www.eeman-tuinmachines.be\/fr\/wp-json\/wp\/v2\/product"}],"about":[{"href":"https:\/\/www.eeman-tuinmachines.be\/fr\/wp-json\/wp\/v2\/types\/product"}],"wp:featuredmedia":[{"embeddable":true,"href":"https:\/\/www.eeman-tuinmachines.be\/fr\/wp-json\/wp\/v2\/media\/20568"}],"wp:attachment":[{"href":"https:\/\/www.eeman-tuinmachines.be\/fr\/wp-json\/wp\/v2\/media?parent=8745"}],"wp:term":[{"taxonomy":"product_brand","embeddable":true,"href":"https:\/\/www.eeman-tuinmachines.be\/fr\/wp-json\/wp\/v2\/product_brand?post=8745"},{"taxonomy":"product_cat","embeddable":true,"href":"https:\/\/www.eeman-tuinmachines.be\/fr\/wp-json\/wp\/v2\/product_cat?post=8745"},{"taxonomy":"product_tag","embeddable":true,"href":"https:\/\/www.eeman-tuinmachines.be\/fr\/wp-json\/wp\/v2\/product_tag?post=8745"}],"curies":[{"name":"wp","href":"https:\/\/api.w.org\/{rel}","templated":true}]}}