{"id":8796,"date":"2025-04-03T05:19:17","date_gmt":"2025-04-03T05:19:17","guid":{"rendered":"http:\/\/www.eeman-tuinmachines.be\/product\/stihl-varioclean-detergent-special-500-ml-fr\/"},"modified":"2026-04-02T19:40:17","modified_gmt":"2026-04-02T19:40:17","slug":"stihl-varioclean-detergent-special-500-ml-fr","status":"publish","type":"product","link":"https:\/\/www.eeman-tuinmachines.be\/fr\/produit\/stihl-varioclean-detergent-special-500-ml-fr\/","title":{"rendered":"Varioclean, d\u00e9tergent sp\u00e9cial, 500 ml"},"content":{"rendered":"","protected":false},"excerpt":{"rendered":"","protected":false},"featured_media":20584,"template":"","meta":{"_acf_changed":false},"product_brand":[],"product_cat":[349,319,291,384,353,357,311,374,345,302,277,394,334,340,380,258,273,300,351,397,343,324,378,309,355,281,347,392,271,338,382,317,364,275,249],"product_tag":[387,405,386],"class_list":{"0":"post-8796","1":"product","2":"type-product","3":"status-publish","4":"has-post-thumbnail","6":"product_cat-accessoires-pour-broyeurs-fr","7":"product_cat-accessoires-pour-combisysteme-multisysteme-fr","8":"product_cat-accessoires-pour-coupe-bordures-coupes-herbes-debroussailleuses-fr","9":"product_cat-accessoires-pour-decoupeuses-a-disque-fr","10":"product_cat-accessoires-pour-motoculteurs-motobineuses-fr","11":"product_cat-accessoires-pour-nettoyeurs-haute-pression-fr","12":"product_cat-accessoires-pour-perches-elagueuses-perches-delagage-fr","13":"product_cat-accessoires-pour-pulverisateurs-atomiseurs-fr","14":"product_cat-accessoires-pour-scarificateurs-fr","15":"product_cat-accessoires-pour-souffleurs-aspirateurs-de-feuilles-fr","16":"product_cat-accessoires-pour-taille-haies-taille-haies-sur-perche-fr","17":"product_cat-accessoires-pour-tarieres-fr","18":"product_cat-accessoires-pour-tondeuses-a-gazon-tondeuses-mulching-fr","19":"product_cat-accessoires-pour-tracteurs-tondeuses-fr","20":"product_cat-accessoires-pour-tronconneuse-a-pierre-tronconneuse-a-beton-fr","21":"product_cat-accessoires-pour-tronconneuses-fr","22":"product_cat-carburants-huiles-detergents-graisses-fr","23":"product_cat-consommables-fr-accessoires-pour-coupe-bordures-coupes-herbes-debroussailleuses-fr","24":"product_cat-consommables-fr-accessoires-pour-broyeurs-fr","25":"product_cat-consommables-fr-accessoires-pour-tarieres-fr","26":"product_cat-consommables-fr-accessoires-pour-tracteurs-tondeuses-fr","27":"product_cat-consommables-fr-accessoires-pour-combisysteme-multisysteme-fr","28":"product_cat-consommables-fr-accessoires-pour-pulverisateurs-atomiseurs-fr","29":"product_cat-consommables-fr-accessoires-pour-souffleurs-aspirateurs-de-feuilles-fr","30":"product_cat-consommables-fr-accessoires-pour-motoculteurs-motobineuses-fr","31":"product_cat-consommables-fr-accessoires-pour-taille-haies-taille-haies-sur-perche-fr","32":"product_cat-consommables-fr-accessoires-pour-scarificateurs-fr","33":"product_cat-consommables-fr-accessoires-pour-decoupeuses-a-disque-fr","34":"product_cat-consommables-fr","35":"product_cat-consommables-fr-accessoires-pour-tondeuses-a-gazon-tondeuses-mulching-fr","36":"product_cat-consommables-fr-accessoires-pour-tronconneuse-a-pierre-tronconneuse-a-beton-fr","37":"product_cat-consommables-fr-accessoires-pour-perches-elagueuses-perches-delagage-fr","38":"product_cat-consommables-fr-accessoires-pour-nettoyeurs-haute-pression-fr","39":"product_cat-detergents-produits-dentretien-fr","40":"product_cat-stihl-accessoires-fr","41":"product_tag-stihl","42":"product_tag-syndifie","43":"product_tag-syndified","45":"first","46":"instock","47":"shipping-taxable","48":"purchasable","49":"product-type-simple"},"acf":[],"yoast_head":"<!-- This site is optimized with the Yoast SEO plugin v27.3 - https:\/\/yoast.com\/product\/yoast-seo-wordpress\/ -->\n<title>STIHL Nettoyant sp\u00e9cial pour enlever et nettoyer les...<\/title>\n<meta name=\"description\" content=\"STIHL Varioclean, d\u00e9tergent sp\u00e9cial, 500 ml Nettoyant sp\u00e9cial, nettoyant, d\u00e9tergent by Eeman Tuinmachines\" \/>\n<meta name=\"robots\" content=\"index, follow, max-snippet:-1, max-image-preview:large, max-video-preview:-1\" \/>\n<link rel=\"canonical\" href=\"https:\/\/www.eeman-tuinmachines.be\/fr\/produit\/stihl-varioclean-detergent-special-500-ml-fr\/\" \/>\n<meta property=\"og:locale\" content=\"fr_FR\" \/>\n<meta property=\"og:type\" content=\"article\" \/>\n<meta property=\"og:title\" content=\"STIHL Nettoyant sp\u00e9cial pour enlever et nettoyer les...\" \/>\n<meta property=\"og:description\" content=\"STIHL Varioclean, d\u00e9tergent sp\u00e9cial, 500 ml Nettoyant sp\u00e9cial, nettoyant, d\u00e9tergent by Eeman Tuinmachines\" \/>\n<meta property=\"og:url\" content=\"https:\/\/www.eeman-tuinmachines.be\/fr\/produit\/stihl-varioclean-detergent-special-500-ml-fr\/\" \/>\n<meta property=\"og:site_name\" content=\"Eeman Tuinmachines\" \/>\n<meta property=\"article:modified_time\" content=\"2026-04-02T19:40:17+00:00\" \/>\n<meta property=\"og:image\" content=\"https:\/\/www.eeman-tuinmachines.be\/wp-content\/uploads\/2025\/12\/121157_B.Net_pic_2.webp\" \/>\n\t<meta property=\"og:image:width\" content=\"422\" \/>\n\t<meta property=\"og:image:height\" content=\"596\" \/>\n\t<meta property=\"og:image:type\" content=\"image\/webp\" \/>\n<meta name=\"twitter:card\" content=\"summary_large_image\" \/>\n<meta name=\"twitter:title\" content=\"STIHL Nettoyant sp\u00e9cial pour enlever et nettoyer les...\" \/>\n<meta name=\"twitter:description\" content=\"STIHL Varioclean, d\u00e9tergent sp\u00e9cial, 500 ml Nettoyant sp\u00e9cial, nettoyant, d\u00e9tergent by Eeman Tuinmachines\" \/>\n<meta name=\"twitter:image\" content=\"https:\/\/www.eeman-tuinmachines.be\/wp-content\/uploads\/2025\/12\/121157_B.Net_pic_2.webp\" \/>\n<script type=\"application\/ld+json\" class=\"yoast-schema-graph\">{\"@context\":\"https:\\\/\\\/schema.org\",\"@graph\":[{\"@type\":\"WebPage\",\"@id\":\"https:\\\/\\\/www.eeman-tuinmachines.be\\\/fr\\\/produit\\\/stihl-varioclean-detergent-special-500-ml-fr\\\/\",\"url\":\"https:\\\/\\\/www.eeman-tuinmachines.be\\\/fr\\\/produit\\\/stihl-varioclean-detergent-special-500-ml-fr\\\/\",\"name\":\"STIHL Nettoyant sp\u00e9cial pour enlever et nettoyer les...\",\"isPartOf\":{\"@id\":\"https:\\\/\\\/www.eeman-tuinmachines.be\\\/fr\\\/#website\"},\"primaryImageOfPage\":{\"@id\":\"https:\\\/\\\/www.eeman-tuinmachines.be\\\/fr\\\/produit\\\/stihl-varioclean-detergent-special-500-ml-fr\\\/#primaryimage\"},\"image\":{\"@id\":\"https:\\\/\\\/www.eeman-tuinmachines.be\\\/fr\\\/produit\\\/stihl-varioclean-detergent-special-500-ml-fr\\\/#primaryimage\"},\"thumbnailUrl\":\"https:\\\/\\\/www.eeman-tuinmachines.be\\\/wp-content\\\/uploads\\\/2025\\\/12\\\/121157_B.Net_pic_2.webp\",\"datePublished\":\"2025-04-03T05:19:17+00:00\",\"dateModified\":\"2026-04-02T19:40:17+00:00\",\"description\":\"STIHL Varioclean, d\u00e9tergent sp\u00e9cial, 500 ml Nettoyant sp\u00e9cial, nettoyant, d\u00e9tergent by Eeman Tuinmachines\",\"breadcrumb\":{\"@id\":\"https:\\\/\\\/www.eeman-tuinmachines.be\\\/fr\\\/produit\\\/stihl-varioclean-detergent-special-500-ml-fr\\\/#breadcrumb\"},\"inLanguage\":\"fr-FR\",\"potentialAction\":[{\"@type\":\"ReadAction\",\"target\":[\"https:\\\/\\\/www.eeman-tuinmachines.be\\\/fr\\\/produit\\\/stihl-varioclean-detergent-special-500-ml-fr\\\/\"]}]},{\"@type\":\"ImageObject\",\"inLanguage\":\"fr-FR\",\"@id\":\"https:\\\/\\\/www.eeman-tuinmachines.be\\\/fr\\\/produit\\\/stihl-varioclean-detergent-special-500-ml-fr\\\/#primaryimage\",\"url\":\"https:\\\/\\\/www.eeman-tuinmachines.be\\\/wp-content\\\/uploads\\\/2025\\\/12\\\/121157_B.Net_pic_2.webp\",\"contentUrl\":\"https:\\\/\\\/www.eeman-tuinmachines.be\\\/wp-content\\\/uploads\\\/2025\\\/12\\\/121157_B.Net_pic_2.webp\",\"width\":422,\"height\":596},{\"@type\":\"BreadcrumbList\",\"@id\":\"https:\\\/\\\/www.eeman-tuinmachines.be\\\/fr\\\/produit\\\/stihl-varioclean-detergent-special-500-ml-fr\\\/#breadcrumb\",\"itemListElement\":[{\"@type\":\"ListItem\",\"position\":1,\"name\":\"Home\",\"item\":\"https:\\\/\\\/www.eeman-tuinmachines.be\\\/fr\\\/\"},{\"@type\":\"ListItem\",\"position\":2,\"name\":\"Winkel\",\"item\":\"https:\\\/\\\/www.eeman-tuinmachines.be\\\/nl\\\/winkel\\\/\"},{\"@type\":\"ListItem\",\"position\":3,\"name\":\"Varioclean, d\u00e9tergent sp\u00e9cial, 500 ml\"}]},{\"@type\":\"WebSite\",\"@id\":\"https:\\\/\\\/www.eeman-tuinmachines.be\\\/fr\\\/#website\",\"url\":\"https:\\\/\\\/www.eeman-tuinmachines.be\\\/fr\\\/\",\"name\":\"Eeman Tuinmachines\",\"description\":\"\",\"potentialAction\":[{\"@type\":\"SearchAction\",\"target\":{\"@type\":\"EntryPoint\",\"urlTemplate\":\"https:\\\/\\\/www.eeman-tuinmachines.be\\\/fr\\\/?s={search_term_string}\"},\"query-input\":{\"@type\":\"PropertyValueSpecification\",\"valueRequired\":true,\"valueName\":\"search_term_string\"}}],\"inLanguage\":\"fr-FR\"}]}<\/script>\n<!-- \/ Yoast SEO plugin. -->","yoast_head_json":{"title":"STIHL Nettoyant sp\u00e9cial pour enlever et nettoyer les...","description":"STIHL Varioclean, d\u00e9tergent sp\u00e9cial, 500 ml Nettoyant sp\u00e9cial, nettoyant, d\u00e9tergent by Eeman Tuinmachines","robots":{"index":"index","follow":"follow","max-snippet":"max-snippet:-1","max-image-preview":"max-image-preview:large","max-video-preview":"max-video-preview:-1"},"canonical":"https:\/\/www.eeman-tuinmachines.be\/fr\/produit\/stihl-varioclean-detergent-special-500-ml-fr\/","og_locale":"fr_FR","og_type":"article","og_title":"STIHL Nettoyant sp\u00e9cial pour enlever et nettoyer les...","og_description":"STIHL Varioclean, d\u00e9tergent sp\u00e9cial, 500 ml Nettoyant sp\u00e9cial, nettoyant, d\u00e9tergent by Eeman Tuinmachines","og_url":"https:\/\/www.eeman-tuinmachines.be\/fr\/produit\/stihl-varioclean-detergent-special-500-ml-fr\/","og_site_name":"Eeman Tuinmachines","article_modified_time":"2026-04-02T19:40:17+00:00","og_image":[{"width":422,"height":596,"url":"https:\/\/www.eeman-tuinmachines.be\/wp-content\/uploads\/2025\/12\/121157_B.Net_pic_2.webp","type":"image\/webp"}],"twitter_card":"summary_large_image","twitter_title":"STIHL Nettoyant sp\u00e9cial pour enlever et nettoyer les...","twitter_description":"STIHL Varioclean, d\u00e9tergent sp\u00e9cial, 500 ml Nettoyant sp\u00e9cial, nettoyant, d\u00e9tergent by Eeman Tuinmachines","twitter_image":"https:\/\/www.eeman-tuinmachines.be\/wp-content\/uploads\/2025\/12\/121157_B.Net_pic_2.webp","schema":{"@context":"https:\/\/schema.org","@graph":[{"@type":"WebPage","@id":"https:\/\/www.eeman-tuinmachines.be\/fr\/produit\/stihl-varioclean-detergent-special-500-ml-fr\/","url":"https:\/\/www.eeman-tuinmachines.be\/fr\/produit\/stihl-varioclean-detergent-special-500-ml-fr\/","name":"STIHL Nettoyant sp\u00e9cial pour enlever et nettoyer les...","isPartOf":{"@id":"https:\/\/www.eeman-tuinmachines.be\/fr\/#website"},"primaryImageOfPage":{"@id":"https:\/\/www.eeman-tuinmachines.be\/fr\/produit\/stihl-varioclean-detergent-special-500-ml-fr\/#primaryimage"},"image":{"@id":"https:\/\/www.eeman-tuinmachines.be\/fr\/produit\/stihl-varioclean-detergent-special-500-ml-fr\/#primaryimage"},"thumbnailUrl":"https:\/\/www.eeman-tuinmachines.be\/wp-content\/uploads\/2025\/12\/121157_B.Net_pic_2.webp","datePublished":"2025-04-03T05:19:17+00:00","dateModified":"2026-04-02T19:40:17+00:00","description":"STIHL Varioclean, d\u00e9tergent sp\u00e9cial, 500 ml Nettoyant sp\u00e9cial, nettoyant, d\u00e9tergent by Eeman Tuinmachines","breadcrumb":{"@id":"https:\/\/www.eeman-tuinmachines.be\/fr\/produit\/stihl-varioclean-detergent-special-500-ml-fr\/#breadcrumb"},"inLanguage":"fr-FR","potentialAction":[{"@type":"ReadAction","target":["https:\/\/www.eeman-tuinmachines.be\/fr\/produit\/stihl-varioclean-detergent-special-500-ml-fr\/"]}]},{"@type":"ImageObject","inLanguage":"fr-FR","@id":"https:\/\/www.eeman-tuinmachines.be\/fr\/produit\/stihl-varioclean-detergent-special-500-ml-fr\/#primaryimage","url":"https:\/\/www.eeman-tuinmachines.be\/wp-content\/uploads\/2025\/12\/121157_B.Net_pic_2.webp","contentUrl":"https:\/\/www.eeman-tuinmachines.be\/wp-content\/uploads\/2025\/12\/121157_B.Net_pic_2.webp","width":422,"height":596},{"@type":"BreadcrumbList","@id":"https:\/\/www.eeman-tuinmachines.be\/fr\/produit\/stihl-varioclean-detergent-special-500-ml-fr\/#breadcrumb","itemListElement":[{"@type":"ListItem","position":1,"name":"Home","item":"https:\/\/www.eeman-tuinmachines.be\/fr\/"},{"@type":"ListItem","position":2,"name":"Winkel","item":"https:\/\/www.eeman-tuinmachines.be\/nl\/winkel\/"},{"@type":"ListItem","position":3,"name":"Varioclean, d\u00e9tergent sp\u00e9cial, 500 ml"}]},{"@type":"WebSite","@id":"https:\/\/www.eeman-tuinmachines.be\/fr\/#website","url":"https:\/\/www.eeman-tuinmachines.be\/fr\/","name":"Eeman Tuinmachines","description":"","potentialAction":[{"@type":"SearchAction","target":{"@type":"EntryPoint","urlTemplate":"https:\/\/www.eeman-tuinmachines.be\/fr\/?s={search_term_string}"},"query-input":{"@type":"PropertyValueSpecification","valueRequired":true,"valueName":"search_term_string"}}],"inLanguage":"fr-FR"}]}},"_links":{"self":[{"href":"https:\/\/www.eeman-tuinmachines.be\/fr\/wp-json\/wp\/v2\/product\/8796","targetHints":{"allow":["GET"]}}],"collection":[{"href":"https:\/\/www.eeman-tuinmachines.be\/fr\/wp-json\/wp\/v2\/product"}],"about":[{"href":"https:\/\/www.eeman-tuinmachines.be\/fr\/wp-json\/wp\/v2\/types\/product"}],"wp:featuredmedia":[{"embeddable":true,"href":"https:\/\/www.eeman-tuinmachines.be\/fr\/wp-json\/wp\/v2\/media\/20584"}],"wp:attachment":[{"href":"https:\/\/www.eeman-tuinmachines.be\/fr\/wp-json\/wp\/v2\/media?parent=8796"}],"wp:term":[{"taxonomy":"product_brand","embeddable":true,"href":"https:\/\/www.eeman-tuinmachines.be\/fr\/wp-json\/wp\/v2\/product_brand?post=8796"},{"taxonomy":"product_cat","embeddable":true,"href":"https:\/\/www.eeman-tuinmachines.be\/fr\/wp-json\/wp\/v2\/product_cat?post=8796"},{"taxonomy":"product_tag","embeddable":true,"href":"https:\/\/www.eeman-tuinmachines.be\/fr\/wp-json\/wp\/v2\/product_tag?post=8796"}],"curies":[{"name":"wp","href":"https:\/\/api.w.org\/{rel}","templated":true}]}}