{"id":9028,"date":"2025-04-03T05:31:19","date_gmt":"2025-04-03T05:31:19","guid":{"rendered":"http:\/\/www.eeman-tuinmachines.be\/product\/stihl-synthplus-huile-de-chaine-adhesive-20-l-fr\/"},"modified":"2026-04-03T15:18:28","modified_gmt":"2026-04-03T15:18:28","slug":"stihl-synthplus-huile-de-chaine-adhesive-20-l-fr","status":"publish","type":"product","link":"https:\/\/www.eeman-tuinmachines.be\/fr\/produit\/stihl-synthplus-huile-de-chaine-adhesive-20-l-fr\/","title":{"rendered":"SynthPlus, huile de cha\u00eene adh\u00e9sive, 20 l"},"content":{"rendered":"","protected":false},"excerpt":{"rendered":"","protected":false},"featured_media":25955,"template":"","meta":{"_acf_changed":false},"product_brand":[],"product_cat":[311,380,258,273,382,317,271,274,249],"product_tag":[387,405,386],"class_list":{"0":"post-9028","1":"product","2":"type-product","3":"status-publish","4":"has-post-thumbnail","6":"product_cat-accessoires-pour-perches-elagueuses-perches-delagage-fr","7":"product_cat-accessoires-pour-tronconneuse-a-pierre-tronconneuse-a-beton-fr","8":"product_cat-accessoires-pour-tronconneuses-fr","9":"product_cat-carburants-huiles-detergents-graisses-fr","10":"product_cat-consommables-fr-accessoires-pour-tronconneuse-a-pierre-tronconneuse-a-beton-fr","11":"product_cat-consommables-fr-accessoires-pour-perches-elagueuses-perches-delagage-fr","12":"product_cat-consommables-fr","13":"product_cat-huiles-moteur-huile-de-chaine-fr","14":"product_cat-stihl-accessoires-fr","15":"product_tag-stihl","16":"product_tag-syndifie","17":"product_tag-syndified","19":"first","20":"instock","21":"shipping-taxable","22":"purchasable","23":"product-type-simple"},"acf":[],"yoast_head":"<!-- This site is optimized with the Yoast SEO plugin v27.3 - https:\/\/yoast.com\/product\/yoast-seo-wordpress\/ -->\n<title>STIHL Huile de cha\u00eene SynthPlus<\/title>\n<meta name=\"description\" content=\"STIHL SynthPlus, huile de cha\u00eene adh\u00e9sive, 20 l Excellente protection contre l usure. Ce lubrifiant haute performance, partiellement synth\u00e9tique, e...\" \/>\n<meta name=\"robots\" content=\"index, follow, max-snippet:-1, max-image-preview:large, max-video-preview:-1\" \/>\n<link rel=\"canonical\" href=\"https:\/\/www.eeman-tuinmachines.be\/fr\/produit\/stihl-synthplus-huile-de-chaine-adhesive-20-l-fr\/\" \/>\n<meta property=\"og:locale\" content=\"fr_FR\" \/>\n<meta property=\"og:type\" content=\"article\" \/>\n<meta property=\"og:title\" content=\"STIHL Huile de cha\u00eene SynthPlus\" \/>\n<meta property=\"og:description\" content=\"STIHL SynthPlus, huile de cha\u00eene adh\u00e9sive, 20 l Excellente protection contre l usure. Ce lubrifiant haute performance, partiellement synth\u00e9tique, e...\" \/>\n<meta property=\"og:url\" content=\"https:\/\/www.eeman-tuinmachines.be\/fr\/produit\/stihl-synthplus-huile-de-chaine-adhesive-20-l-fr\/\" \/>\n<meta property=\"og:site_name\" content=\"Eeman Tuinmachines\" \/>\n<meta property=\"article:modified_time\" content=\"2026-04-03T15:18:28+00:00\" \/>\n<meta property=\"og:image\" content=\"https:\/\/www.eeman-tuinmachines.be\/wp-content\/uploads\/2026\/02\/40191_Z-SYNTHPLUS5L-S001.webp\" \/>\n\t<meta property=\"og:image:width\" content=\"960\" \/>\n\t<meta property=\"og:image:height\" content=\"1280\" \/>\n\t<meta property=\"og:image:type\" content=\"image\/webp\" \/>\n<meta name=\"twitter:card\" content=\"summary_large_image\" \/>\n<meta name=\"twitter:title\" content=\"STIHL Huile de cha\u00eene SynthPlus\" \/>\n<meta name=\"twitter:description\" content=\"STIHL SynthPlus, huile de cha\u00eene adh\u00e9sive, 20 l Excellente protection contre l usure. Ce lubrifiant haute performance, partiellement synth\u00e9tique, e...\" \/>\n<meta name=\"twitter:image\" content=\"https:\/\/www.eeman-tuinmachines.be\/wp-content\/uploads\/2026\/02\/40191_Z-SYNTHPLUS5L-S001.webp\" \/>\n<script type=\"application\/ld+json\" class=\"yoast-schema-graph\">{\"@context\":\"https:\\\/\\\/schema.org\",\"@graph\":[{\"@type\":\"WebPage\",\"@id\":\"https:\\\/\\\/www.eeman-tuinmachines.be\\\/fr\\\/produit\\\/stihl-synthplus-huile-de-chaine-adhesive-20-l-fr\\\/\",\"url\":\"https:\\\/\\\/www.eeman-tuinmachines.be\\\/fr\\\/produit\\\/stihl-synthplus-huile-de-chaine-adhesive-20-l-fr\\\/\",\"name\":\"STIHL Huile de cha\u00eene SynthPlus\",\"isPartOf\":{\"@id\":\"https:\\\/\\\/www.eeman-tuinmachines.be\\\/fr\\\/#website\"},\"primaryImageOfPage\":{\"@id\":\"https:\\\/\\\/www.eeman-tuinmachines.be\\\/fr\\\/produit\\\/stihl-synthplus-huile-de-chaine-adhesive-20-l-fr\\\/#primaryimage\"},\"image\":{\"@id\":\"https:\\\/\\\/www.eeman-tuinmachines.be\\\/fr\\\/produit\\\/stihl-synthplus-huile-de-chaine-adhesive-20-l-fr\\\/#primaryimage\"},\"thumbnailUrl\":\"https:\\\/\\\/www.eeman-tuinmachines.be\\\/wp-content\\\/uploads\\\/2026\\\/02\\\/40191_Z-SYNTHPLUS5L-S001.webp\",\"datePublished\":\"2025-04-03T05:31:19+00:00\",\"dateModified\":\"2026-04-03T15:18:28+00:00\",\"description\":\"STIHL SynthPlus, huile de cha\u00eene adh\u00e9sive, 20 l Excellente protection contre l usure. Ce lubrifiant haute performance, partiellement synth\u00e9tique, e...\",\"breadcrumb\":{\"@id\":\"https:\\\/\\\/www.eeman-tuinmachines.be\\\/fr\\\/produit\\\/stihl-synthplus-huile-de-chaine-adhesive-20-l-fr\\\/#breadcrumb\"},\"inLanguage\":\"fr-FR\",\"potentialAction\":[{\"@type\":\"ReadAction\",\"target\":[\"https:\\\/\\\/www.eeman-tuinmachines.be\\\/fr\\\/produit\\\/stihl-synthplus-huile-de-chaine-adhesive-20-l-fr\\\/\"]}]},{\"@type\":\"ImageObject\",\"inLanguage\":\"fr-FR\",\"@id\":\"https:\\\/\\\/www.eeman-tuinmachines.be\\\/fr\\\/produit\\\/stihl-synthplus-huile-de-chaine-adhesive-20-l-fr\\\/#primaryimage\",\"url\":\"https:\\\/\\\/www.eeman-tuinmachines.be\\\/wp-content\\\/uploads\\\/2026\\\/02\\\/40191_Z-SYNTHPLUS5L-S001.webp\",\"contentUrl\":\"https:\\\/\\\/www.eeman-tuinmachines.be\\\/wp-content\\\/uploads\\\/2026\\\/02\\\/40191_Z-SYNTHPLUS5L-S001.webp\",\"width\":960,\"height\":1280},{\"@type\":\"BreadcrumbList\",\"@id\":\"https:\\\/\\\/www.eeman-tuinmachines.be\\\/fr\\\/produit\\\/stihl-synthplus-huile-de-chaine-adhesive-20-l-fr\\\/#breadcrumb\",\"itemListElement\":[{\"@type\":\"ListItem\",\"position\":1,\"name\":\"Home\",\"item\":\"https:\\\/\\\/www.eeman-tuinmachines.be\\\/fr\\\/\"},{\"@type\":\"ListItem\",\"position\":2,\"name\":\"Winkel\",\"item\":\"https:\\\/\\\/www.eeman-tuinmachines.be\\\/nl\\\/winkel\\\/\"},{\"@type\":\"ListItem\",\"position\":3,\"name\":\"SynthPlus, huile de cha\u00eene adh\u00e9sive, 20 l\"}]},{\"@type\":\"WebSite\",\"@id\":\"https:\\\/\\\/www.eeman-tuinmachines.be\\\/fr\\\/#website\",\"url\":\"https:\\\/\\\/www.eeman-tuinmachines.be\\\/fr\\\/\",\"name\":\"Eeman Tuinmachines\",\"description\":\"\",\"potentialAction\":[{\"@type\":\"SearchAction\",\"target\":{\"@type\":\"EntryPoint\",\"urlTemplate\":\"https:\\\/\\\/www.eeman-tuinmachines.be\\\/fr\\\/?s={search_term_string}\"},\"query-input\":{\"@type\":\"PropertyValueSpecification\",\"valueRequired\":true,\"valueName\":\"search_term_string\"}}],\"inLanguage\":\"fr-FR\"}]}<\/script>\n<!-- \/ Yoast SEO plugin. -->","yoast_head_json":{"title":"STIHL Huile de cha\u00eene SynthPlus","description":"STIHL SynthPlus, huile de cha\u00eene adh\u00e9sive, 20 l Excellente protection contre l usure. Ce lubrifiant haute performance, partiellement synth\u00e9tique, e...","robots":{"index":"index","follow":"follow","max-snippet":"max-snippet:-1","max-image-preview":"max-image-preview:large","max-video-preview":"max-video-preview:-1"},"canonical":"https:\/\/www.eeman-tuinmachines.be\/fr\/produit\/stihl-synthplus-huile-de-chaine-adhesive-20-l-fr\/","og_locale":"fr_FR","og_type":"article","og_title":"STIHL Huile de cha\u00eene SynthPlus","og_description":"STIHL SynthPlus, huile de cha\u00eene adh\u00e9sive, 20 l Excellente protection contre l usure. Ce lubrifiant haute performance, partiellement synth\u00e9tique, e...","og_url":"https:\/\/www.eeman-tuinmachines.be\/fr\/produit\/stihl-synthplus-huile-de-chaine-adhesive-20-l-fr\/","og_site_name":"Eeman Tuinmachines","article_modified_time":"2026-04-03T15:18:28+00:00","og_image":[{"width":960,"height":1280,"url":"https:\/\/www.eeman-tuinmachines.be\/wp-content\/uploads\/2026\/02\/40191_Z-SYNTHPLUS5L-S001.webp","type":"image\/webp"}],"twitter_card":"summary_large_image","twitter_title":"STIHL Huile de cha\u00eene SynthPlus","twitter_description":"STIHL SynthPlus, huile de cha\u00eene adh\u00e9sive, 20 l Excellente protection contre l usure. Ce lubrifiant haute performance, partiellement synth\u00e9tique, e...","twitter_image":"https:\/\/www.eeman-tuinmachines.be\/wp-content\/uploads\/2026\/02\/40191_Z-SYNTHPLUS5L-S001.webp","schema":{"@context":"https:\/\/schema.org","@graph":[{"@type":"WebPage","@id":"https:\/\/www.eeman-tuinmachines.be\/fr\/produit\/stihl-synthplus-huile-de-chaine-adhesive-20-l-fr\/","url":"https:\/\/www.eeman-tuinmachines.be\/fr\/produit\/stihl-synthplus-huile-de-chaine-adhesive-20-l-fr\/","name":"STIHL Huile de cha\u00eene SynthPlus","isPartOf":{"@id":"https:\/\/www.eeman-tuinmachines.be\/fr\/#website"},"primaryImageOfPage":{"@id":"https:\/\/www.eeman-tuinmachines.be\/fr\/produit\/stihl-synthplus-huile-de-chaine-adhesive-20-l-fr\/#primaryimage"},"image":{"@id":"https:\/\/www.eeman-tuinmachines.be\/fr\/produit\/stihl-synthplus-huile-de-chaine-adhesive-20-l-fr\/#primaryimage"},"thumbnailUrl":"https:\/\/www.eeman-tuinmachines.be\/wp-content\/uploads\/2026\/02\/40191_Z-SYNTHPLUS5L-S001.webp","datePublished":"2025-04-03T05:31:19+00:00","dateModified":"2026-04-03T15:18:28+00:00","description":"STIHL SynthPlus, huile de cha\u00eene adh\u00e9sive, 20 l Excellente protection contre l usure. Ce lubrifiant haute performance, partiellement synth\u00e9tique, e...","breadcrumb":{"@id":"https:\/\/www.eeman-tuinmachines.be\/fr\/produit\/stihl-synthplus-huile-de-chaine-adhesive-20-l-fr\/#breadcrumb"},"inLanguage":"fr-FR","potentialAction":[{"@type":"ReadAction","target":["https:\/\/www.eeman-tuinmachines.be\/fr\/produit\/stihl-synthplus-huile-de-chaine-adhesive-20-l-fr\/"]}]},{"@type":"ImageObject","inLanguage":"fr-FR","@id":"https:\/\/www.eeman-tuinmachines.be\/fr\/produit\/stihl-synthplus-huile-de-chaine-adhesive-20-l-fr\/#primaryimage","url":"https:\/\/www.eeman-tuinmachines.be\/wp-content\/uploads\/2026\/02\/40191_Z-SYNTHPLUS5L-S001.webp","contentUrl":"https:\/\/www.eeman-tuinmachines.be\/wp-content\/uploads\/2026\/02\/40191_Z-SYNTHPLUS5L-S001.webp","width":960,"height":1280},{"@type":"BreadcrumbList","@id":"https:\/\/www.eeman-tuinmachines.be\/fr\/produit\/stihl-synthplus-huile-de-chaine-adhesive-20-l-fr\/#breadcrumb","itemListElement":[{"@type":"ListItem","position":1,"name":"Home","item":"https:\/\/www.eeman-tuinmachines.be\/fr\/"},{"@type":"ListItem","position":2,"name":"Winkel","item":"https:\/\/www.eeman-tuinmachines.be\/nl\/winkel\/"},{"@type":"ListItem","position":3,"name":"SynthPlus, huile de cha\u00eene adh\u00e9sive, 20 l"}]},{"@type":"WebSite","@id":"https:\/\/www.eeman-tuinmachines.be\/fr\/#website","url":"https:\/\/www.eeman-tuinmachines.be\/fr\/","name":"Eeman Tuinmachines","description":"","potentialAction":[{"@type":"SearchAction","target":{"@type":"EntryPoint","urlTemplate":"https:\/\/www.eeman-tuinmachines.be\/fr\/?s={search_term_string}"},"query-input":{"@type":"PropertyValueSpecification","valueRequired":true,"valueName":"search_term_string"}}],"inLanguage":"fr-FR"}]}},"_links":{"self":[{"href":"https:\/\/www.eeman-tuinmachines.be\/fr\/wp-json\/wp\/v2\/product\/9028","targetHints":{"allow":["GET"]}}],"collection":[{"href":"https:\/\/www.eeman-tuinmachines.be\/fr\/wp-json\/wp\/v2\/product"}],"about":[{"href":"https:\/\/www.eeman-tuinmachines.be\/fr\/wp-json\/wp\/v2\/types\/product"}],"wp:featuredmedia":[{"embeddable":true,"href":"https:\/\/www.eeman-tuinmachines.be\/fr\/wp-json\/wp\/v2\/media\/25955"}],"wp:attachment":[{"href":"https:\/\/www.eeman-tuinmachines.be\/fr\/wp-json\/wp\/v2\/media?parent=9028"}],"wp:term":[{"taxonomy":"product_brand","embeddable":true,"href":"https:\/\/www.eeman-tuinmachines.be\/fr\/wp-json\/wp\/v2\/product_brand?post=9028"},{"taxonomy":"product_cat","embeddable":true,"href":"https:\/\/www.eeman-tuinmachines.be\/fr\/wp-json\/wp\/v2\/product_cat?post=9028"},{"taxonomy":"product_tag","embeddable":true,"href":"https:\/\/www.eeman-tuinmachines.be\/fr\/wp-json\/wp\/v2\/product_tag?post=9028"}],"curies":[{"name":"wp","href":"https:\/\/api.w.org\/{rel}","templated":true}]}}