{"id":9990,"date":"2025-04-03T06:22:42","date_gmt":"2025-04-03T06:22:42","guid":{"rendered":"http:\/\/www.eeman-tuinmachines.be\/product\/stihl-varioclean-eco-500-ml-fr\/"},"modified":"2026-04-02T20:14:08","modified_gmt":"2026-04-02T20:14:08","slug":"stihl-varioclean-eco-500-ml-fr","status":"publish","type":"product","link":"https:\/\/www.eeman-tuinmachines.be\/fr\/produit\/stihl-varioclean-eco-500-ml-fr\/","title":{"rendered":"VarioClean Eco, 500 ml"},"content":{"rendered":"","protected":false},"excerpt":{"rendered":"","protected":false},"featured_media":20752,"template":"","meta":{"_acf_changed":false},"product_brand":[],"product_cat":[273,275,249],"product_tag":[387,405,386],"class_list":{"0":"post-9990","1":"product","2":"type-product","3":"status-publish","4":"has-post-thumbnail","6":"product_cat-carburants-huiles-detergents-graisses-fr","7":"product_cat-detergents-produits-dentretien-fr","8":"product_cat-stihl-accessoires-fr","9":"product_tag-stihl","10":"product_tag-syndifie","11":"product_tag-syndified","13":"first","14":"instock","15":"shipping-taxable","16":"purchasable","17":"product-type-simple"},"acf":[],"yoast_head":"<!-- This site is optimized with the Yoast SEO plugin v27.3 - https:\/\/yoast.com\/product\/yoast-seo-wordpress\/ -->\n<title>STIHL Varioclean Eco - D\u00e9tergent sp\u00e9cial<\/title>\n<meta name=\"description\" content=\"STIHL VarioClean Eco, 500 ml STIHL VarioClean Eco \u00e9limine les huiles, les graisses et la r\u00e9sine sur les tron\u00e7onneuses, guide-cha\u00eenes, couteaux, et...\" \/>\n<meta name=\"robots\" content=\"index, follow, max-snippet:-1, max-image-preview:large, max-video-preview:-1\" \/>\n<link rel=\"canonical\" href=\"https:\/\/www.eeman-tuinmachines.be\/fr\/produit\/stihl-varioclean-eco-500-ml-fr\/\" \/>\n<meta property=\"og:locale\" content=\"fr_FR\" \/>\n<meta property=\"og:type\" content=\"article\" \/>\n<meta property=\"og:title\" content=\"STIHL Varioclean Eco - D\u00e9tergent sp\u00e9cial\" \/>\n<meta property=\"og:description\" content=\"STIHL VarioClean Eco, 500 ml STIHL VarioClean Eco \u00e9limine les huiles, les graisses et la r\u00e9sine sur les tron\u00e7onneuses, guide-cha\u00eenes, couteaux, et...\" \/>\n<meta property=\"og:url\" content=\"https:\/\/www.eeman-tuinmachines.be\/fr\/produit\/stihl-varioclean-eco-500-ml-fr\/\" \/>\n<meta property=\"og:site_name\" content=\"Eeman Tuinmachines\" \/>\n<meta property=\"article:modified_time\" content=\"2026-04-02T20:14:08+00:00\" \/>\n<meta property=\"og:image\" content=\"https:\/\/www.eeman-tuinmachines.be\/wp-content\/uploads\/2025\/12\/96111_VARIOCLEAN-ECO_500ml_HQ_P_2022-08_0001.webp\" \/>\n\t<meta property=\"og:image:width\" content=\"960\" \/>\n\t<meta property=\"og:image:height\" content=\"1440\" \/>\n\t<meta property=\"og:image:type\" content=\"image\/webp\" \/>\n<meta name=\"twitter:card\" content=\"summary_large_image\" \/>\n<meta name=\"twitter:title\" content=\"STIHL Varioclean Eco - D\u00e9tergent sp\u00e9cial\" \/>\n<meta name=\"twitter:description\" content=\"STIHL VarioClean Eco, 500 ml STIHL VarioClean Eco \u00e9limine les huiles, les graisses et la r\u00e9sine sur les tron\u00e7onneuses, guide-cha\u00eenes, couteaux, et...\" \/>\n<meta name=\"twitter:image\" content=\"https:\/\/www.eeman-tuinmachines.be\/wp-content\/uploads\/2025\/12\/96111_VARIOCLEAN-ECO_500ml_HQ_P_2022-08_0001.webp\" \/>\n<script type=\"application\/ld+json\" class=\"yoast-schema-graph\">{\"@context\":\"https:\\\/\\\/schema.org\",\"@graph\":[{\"@type\":\"WebPage\",\"@id\":\"https:\\\/\\\/www.eeman-tuinmachines.be\\\/fr\\\/produit\\\/stihl-varioclean-eco-500-ml-fr\\\/\",\"url\":\"https:\\\/\\\/www.eeman-tuinmachines.be\\\/fr\\\/produit\\\/stihl-varioclean-eco-500-ml-fr\\\/\",\"name\":\"STIHL Varioclean Eco - D\u00e9tergent sp\u00e9cial\",\"isPartOf\":{\"@id\":\"https:\\\/\\\/www.eeman-tuinmachines.be\\\/fr\\\/#website\"},\"primaryImageOfPage\":{\"@id\":\"https:\\\/\\\/www.eeman-tuinmachines.be\\\/fr\\\/produit\\\/stihl-varioclean-eco-500-ml-fr\\\/#primaryimage\"},\"image\":{\"@id\":\"https:\\\/\\\/www.eeman-tuinmachines.be\\\/fr\\\/produit\\\/stihl-varioclean-eco-500-ml-fr\\\/#primaryimage\"},\"thumbnailUrl\":\"https:\\\/\\\/www.eeman-tuinmachines.be\\\/wp-content\\\/uploads\\\/2025\\\/12\\\/96111_VARIOCLEAN-ECO_500ml_HQ_P_2022-08_0001.webp\",\"datePublished\":\"2025-04-03T06:22:42+00:00\",\"dateModified\":\"2026-04-02T20:14:08+00:00\",\"description\":\"STIHL VarioClean Eco, 500 ml STIHL VarioClean Eco \u00e9limine les huiles, les graisses et la r\u00e9sine sur les tron\u00e7onneuses, guide-cha\u00eenes, couteaux, et...\",\"breadcrumb\":{\"@id\":\"https:\\\/\\\/www.eeman-tuinmachines.be\\\/fr\\\/produit\\\/stihl-varioclean-eco-500-ml-fr\\\/#breadcrumb\"},\"inLanguage\":\"fr-FR\",\"potentialAction\":[{\"@type\":\"ReadAction\",\"target\":[\"https:\\\/\\\/www.eeman-tuinmachines.be\\\/fr\\\/produit\\\/stihl-varioclean-eco-500-ml-fr\\\/\"]}]},{\"@type\":\"ImageObject\",\"inLanguage\":\"fr-FR\",\"@id\":\"https:\\\/\\\/www.eeman-tuinmachines.be\\\/fr\\\/produit\\\/stihl-varioclean-eco-500-ml-fr\\\/#primaryimage\",\"url\":\"https:\\\/\\\/www.eeman-tuinmachines.be\\\/wp-content\\\/uploads\\\/2025\\\/12\\\/96111_VARIOCLEAN-ECO_500ml_HQ_P_2022-08_0001.webp\",\"contentUrl\":\"https:\\\/\\\/www.eeman-tuinmachines.be\\\/wp-content\\\/uploads\\\/2025\\\/12\\\/96111_VARIOCLEAN-ECO_500ml_HQ_P_2022-08_0001.webp\",\"width\":960,\"height\":1440},{\"@type\":\"BreadcrumbList\",\"@id\":\"https:\\\/\\\/www.eeman-tuinmachines.be\\\/fr\\\/produit\\\/stihl-varioclean-eco-500-ml-fr\\\/#breadcrumb\",\"itemListElement\":[{\"@type\":\"ListItem\",\"position\":1,\"name\":\"Home\",\"item\":\"https:\\\/\\\/www.eeman-tuinmachines.be\\\/fr\\\/\"},{\"@type\":\"ListItem\",\"position\":2,\"name\":\"Winkel\",\"item\":\"https:\\\/\\\/www.eeman-tuinmachines.be\\\/nl\\\/winkel\\\/\"},{\"@type\":\"ListItem\",\"position\":3,\"name\":\"VarioClean Eco, 500 ml\"}]},{\"@type\":\"WebSite\",\"@id\":\"https:\\\/\\\/www.eeman-tuinmachines.be\\\/fr\\\/#website\",\"url\":\"https:\\\/\\\/www.eeman-tuinmachines.be\\\/fr\\\/\",\"name\":\"Eeman Tuinmachines\",\"description\":\"\",\"potentialAction\":[{\"@type\":\"SearchAction\",\"target\":{\"@type\":\"EntryPoint\",\"urlTemplate\":\"https:\\\/\\\/www.eeman-tuinmachines.be\\\/fr\\\/?s={search_term_string}\"},\"query-input\":{\"@type\":\"PropertyValueSpecification\",\"valueRequired\":true,\"valueName\":\"search_term_string\"}}],\"inLanguage\":\"fr-FR\"}]}<\/script>\n<!-- \/ Yoast SEO plugin. -->","yoast_head_json":{"title":"STIHL Varioclean Eco - D\u00e9tergent sp\u00e9cial","description":"STIHL VarioClean Eco, 500 ml STIHL VarioClean Eco \u00e9limine les huiles, les graisses et la r\u00e9sine sur les tron\u00e7onneuses, guide-cha\u00eenes, couteaux, et...","robots":{"index":"index","follow":"follow","max-snippet":"max-snippet:-1","max-image-preview":"max-image-preview:large","max-video-preview":"max-video-preview:-1"},"canonical":"https:\/\/www.eeman-tuinmachines.be\/fr\/produit\/stihl-varioclean-eco-500-ml-fr\/","og_locale":"fr_FR","og_type":"article","og_title":"STIHL Varioclean Eco - D\u00e9tergent sp\u00e9cial","og_description":"STIHL VarioClean Eco, 500 ml STIHL VarioClean Eco \u00e9limine les huiles, les graisses et la r\u00e9sine sur les tron\u00e7onneuses, guide-cha\u00eenes, couteaux, et...","og_url":"https:\/\/www.eeman-tuinmachines.be\/fr\/produit\/stihl-varioclean-eco-500-ml-fr\/","og_site_name":"Eeman Tuinmachines","article_modified_time":"2026-04-02T20:14:08+00:00","og_image":[{"width":960,"height":1440,"url":"https:\/\/www.eeman-tuinmachines.be\/wp-content\/uploads\/2025\/12\/96111_VARIOCLEAN-ECO_500ml_HQ_P_2022-08_0001.webp","type":"image\/webp"}],"twitter_card":"summary_large_image","twitter_title":"STIHL Varioclean Eco - D\u00e9tergent sp\u00e9cial","twitter_description":"STIHL VarioClean Eco, 500 ml STIHL VarioClean Eco \u00e9limine les huiles, les graisses et la r\u00e9sine sur les tron\u00e7onneuses, guide-cha\u00eenes, couteaux, et...","twitter_image":"https:\/\/www.eeman-tuinmachines.be\/wp-content\/uploads\/2025\/12\/96111_VARIOCLEAN-ECO_500ml_HQ_P_2022-08_0001.webp","schema":{"@context":"https:\/\/schema.org","@graph":[{"@type":"WebPage","@id":"https:\/\/www.eeman-tuinmachines.be\/fr\/produit\/stihl-varioclean-eco-500-ml-fr\/","url":"https:\/\/www.eeman-tuinmachines.be\/fr\/produit\/stihl-varioclean-eco-500-ml-fr\/","name":"STIHL Varioclean Eco - D\u00e9tergent sp\u00e9cial","isPartOf":{"@id":"https:\/\/www.eeman-tuinmachines.be\/fr\/#website"},"primaryImageOfPage":{"@id":"https:\/\/www.eeman-tuinmachines.be\/fr\/produit\/stihl-varioclean-eco-500-ml-fr\/#primaryimage"},"image":{"@id":"https:\/\/www.eeman-tuinmachines.be\/fr\/produit\/stihl-varioclean-eco-500-ml-fr\/#primaryimage"},"thumbnailUrl":"https:\/\/www.eeman-tuinmachines.be\/wp-content\/uploads\/2025\/12\/96111_VARIOCLEAN-ECO_500ml_HQ_P_2022-08_0001.webp","datePublished":"2025-04-03T06:22:42+00:00","dateModified":"2026-04-02T20:14:08+00:00","description":"STIHL VarioClean Eco, 500 ml STIHL VarioClean Eco \u00e9limine les huiles, les graisses et la r\u00e9sine sur les tron\u00e7onneuses, guide-cha\u00eenes, couteaux, et...","breadcrumb":{"@id":"https:\/\/www.eeman-tuinmachines.be\/fr\/produit\/stihl-varioclean-eco-500-ml-fr\/#breadcrumb"},"inLanguage":"fr-FR","potentialAction":[{"@type":"ReadAction","target":["https:\/\/www.eeman-tuinmachines.be\/fr\/produit\/stihl-varioclean-eco-500-ml-fr\/"]}]},{"@type":"ImageObject","inLanguage":"fr-FR","@id":"https:\/\/www.eeman-tuinmachines.be\/fr\/produit\/stihl-varioclean-eco-500-ml-fr\/#primaryimage","url":"https:\/\/www.eeman-tuinmachines.be\/wp-content\/uploads\/2025\/12\/96111_VARIOCLEAN-ECO_500ml_HQ_P_2022-08_0001.webp","contentUrl":"https:\/\/www.eeman-tuinmachines.be\/wp-content\/uploads\/2025\/12\/96111_VARIOCLEAN-ECO_500ml_HQ_P_2022-08_0001.webp","width":960,"height":1440},{"@type":"BreadcrumbList","@id":"https:\/\/www.eeman-tuinmachines.be\/fr\/produit\/stihl-varioclean-eco-500-ml-fr\/#breadcrumb","itemListElement":[{"@type":"ListItem","position":1,"name":"Home","item":"https:\/\/www.eeman-tuinmachines.be\/fr\/"},{"@type":"ListItem","position":2,"name":"Winkel","item":"https:\/\/www.eeman-tuinmachines.be\/nl\/winkel\/"},{"@type":"ListItem","position":3,"name":"VarioClean Eco, 500 ml"}]},{"@type":"WebSite","@id":"https:\/\/www.eeman-tuinmachines.be\/fr\/#website","url":"https:\/\/www.eeman-tuinmachines.be\/fr\/","name":"Eeman Tuinmachines","description":"","potentialAction":[{"@type":"SearchAction","target":{"@type":"EntryPoint","urlTemplate":"https:\/\/www.eeman-tuinmachines.be\/fr\/?s={search_term_string}"},"query-input":{"@type":"PropertyValueSpecification","valueRequired":true,"valueName":"search_term_string"}}],"inLanguage":"fr-FR"}]}},"_links":{"self":[{"href":"https:\/\/www.eeman-tuinmachines.be\/fr\/wp-json\/wp\/v2\/product\/9990","targetHints":{"allow":["GET"]}}],"collection":[{"href":"https:\/\/www.eeman-tuinmachines.be\/fr\/wp-json\/wp\/v2\/product"}],"about":[{"href":"https:\/\/www.eeman-tuinmachines.be\/fr\/wp-json\/wp\/v2\/types\/product"}],"wp:featuredmedia":[{"embeddable":true,"href":"https:\/\/www.eeman-tuinmachines.be\/fr\/wp-json\/wp\/v2\/media\/20752"}],"wp:attachment":[{"href":"https:\/\/www.eeman-tuinmachines.be\/fr\/wp-json\/wp\/v2\/media?parent=9990"}],"wp:term":[{"taxonomy":"product_brand","embeddable":true,"href":"https:\/\/www.eeman-tuinmachines.be\/fr\/wp-json\/wp\/v2\/product_brand?post=9990"},{"taxonomy":"product_cat","embeddable":true,"href":"https:\/\/www.eeman-tuinmachines.be\/fr\/wp-json\/wp\/v2\/product_cat?post=9990"},{"taxonomy":"product_tag","embeddable":true,"href":"https:\/\/www.eeman-tuinmachines.be\/fr\/wp-json\/wp\/v2\/product_tag?post=9990"}],"curies":[{"name":"wp","href":"https:\/\/api.w.org\/{rel}","templated":true}]}}